{"id":1212,"date":"2019-12-20T13:13:14","date_gmt":"2019-12-20T13:13:14","guid":{"rendered":"https:\/\/www.vrsnext.com\/datenschutzrichtlinie\/"},"modified":"2022-11-17T15:52:24","modified_gmt":"2022-11-17T15:52:24","slug":"datenschutzrichtlinie","status":"publish","type":"page","link":"https:\/\/www.vrsnext.com\/de\/datenschutzrichtlinie\/","title":{"rendered":"Datenschutzrichtlinie"},"content":{"rendered":"[vc_row type=&#8220;in_container&#8220; full_screen_row_position=&#8220;middle&#8220; column_margin=&#8220;default&#8220; column_direction=&#8220;default&#8220; column_direction_tablet=&#8220;default&#8220; column_direction_phone=&#8220;default&#8220; scene_position=&#8220;center&#8220; text_color=&#8220;dark&#8220; text_align=&#8220;left&#8220; row_border_radius=&#8220;none&#8220; row_border_radius_applies=&#8220;bg&#8220; overlay_strength=&#8220;0.3&#8243; gradient_direction=&#8220;left_to_right&#8220; shape_divider_position=&#8220;bottom&#8220; bg_image_animation=&#8220;none&#8220;][vc_column column_padding=&#8220;no-extra-padding&#8220; column_padding_tablet=&#8220;inherit&#8220; column_padding_phone=&#8220;inherit&#8220; column_padding_position=&#8220;all&#8220; column_element_spacing=&#8220;default&#8220; background_color_opacity=&#8220;1&#8243; background_hover_color_opacity=&#8220;1&#8243; column_shadow=&#8220;none&#8220; column_border_radius=&#8220;none&#8220; column_link_target=&#8220;_self&#8220; gradient_direction=&#8220;left_to_right&#8220; overlay_strength=&#8220;0.3&#8243; width=&#8220;1\/6&#8243; tablet_width_inherit=&#8220;default&#8220; tablet_text_alignment=&#8220;default&#8220; phone_text_alignment=&#8220;default&#8220; bg_image_animation=&#8220;none&#8220; border_type=&#8220;simple&#8220; column_border_width=&#8220;none&#8220; column_border_style=&#8220;solid&#8220;][\/vc_column][vc_column column_padding=&#8220;no-extra-padding&#8220; column_padding_tablet=&#8220;inherit&#8220; column_padding_phone=&#8220;inherit&#8220; column_padding_position=&#8220;all&#8220; column_element_spacing=&#8220;default&#8220; background_color_opacity=&#8220;1&#8243; background_hover_color_opacity=&#8220;1&#8243; column_shadow=&#8220;none&#8220; column_border_radius=&#8220;none&#8220; column_link_target=&#8220;_self&#8220; gradient_direction=&#8220;left_to_right&#8220; overlay_strength=&#8220;0.3&#8243; width=&#8220;2\/3&#8243; tablet_width_inherit=&#8220;default&#8220; tablet_text_alignment=&#8220;default&#8220; phone_text_alignment=&#8220;default&#8220; bg_image_animation=&#8220;none&#8220; border_type=&#8220;simple&#8220; column_border_width=&#8220;none&#8220; column_border_style=&#8220;solid&#8220;][vc_column_text]\n<h1 style=\"color: #1f1b3e; font-size: 32px; margin-top: 0px;\">DATENSCHUTZERKL\u00c4RUNG F\u00dcR NETZWERKDIENSTE<\/h1>\n<h6 style=\"color: #19bbe7; font-size: 28px; margin-top: 0px;\">VRS NEXT B.V<\/h6>\n<p><strong>Zuletzt aktualisiert am 14.10.2022.<\/strong><\/p>\n<p>VRS NEXT ist sich der Tatsache bewusst, dass Sie gro\u00dfes Vertrauen in uns setzen. Wir sehen es daher auch als unsere Verantwortung, Ihre Privatsph\u00e4re und Ihre Daten optimal zu sch\u00fctzen. In dieser Datenschutzerkl\u00e4rung informieren wir Sie dar\u00fcber, welche Daten wir verarbeiten.<\/p>\n<h6 style=\"color: #19bbe7; font-size: 18px; margin-bottom: 0px;\">Von uns verarbeitete personenbezogene Daten<\/h6>\n<p>VRS NEXT verarbeitet personenbezogene Daten, die Sie aktiv an uns \u00fcbermitteln, indem Sie unsere Dienste nutzen, und die entweder f\u00fcr das Schlie\u00dfen einer Vereinbarung oder f\u00fcr die Ausf\u00fchrung einer Vereinbarung notwendig sind. VRS NEXT respektiert Ihre Privatsph\u00e4re und sorgt daf\u00fcr, dass personenbezogene Informationen, die Sie an uns \u00fcbermitteln, vertraulich behandelt werden. Hier folgt eine \u00dcbersicht \u00fcber die von uns verarbeiteten personenbezogenen Daten:<\/p>\n<ul>\n<li>Vor- und Nachname;<\/li>\n<li>Geschlecht;<\/li>\n<li>Gesch\u00e4ftliche (mobile) Telefonnummer;<\/li>\n<li>Gesch\u00e4ftliche E-Mail-Adresse;<\/li>\n<li>Position;<\/li>\n<li>Sonstige personenbezogene Daten, die Sie aktiv bereitstellen, indem Sie zum Beispiel ein Formular auf unserer Website verwenden, oder die Sie \u00fcber andere Formen von Korrespondenz oder telefonischen Kontakt an uns \u00fcbermitteln.<\/li>\n<\/ul>\n<h6 style=\"color: #19bbe7; font-size: 18px; margin-bottom: 0px;\">Mit diesem Ziel und auf dieser Rechtsgrundlage verarbeiten wir personenbezogene Daten<\/h6>\n<p>VRS NEXT verarbeitet Ihre personenbezogenen Daten, die Sie auf eigenen Wunsch vor dem Schlie\u00dfen einer Vereinbarung \u00fcbermitteln und die f\u00fcr die Ausf\u00fchrung einer Vereinbarung erforderlich sind, und zwar zu folgenden Zwecken:<\/p>\n<ul>\n<li>Erteilen von (Kauf-)Empfehlungen;<\/li>\n<li>Senden eines Angebots;<\/li>\n<li>Ausf\u00fchren eines Auftrags, inklusive (Ab-)Lieferung von Waren und Dienstleistungen sowie Abwicklung Ihrer Zahlung;<\/li>\n<li>Um Sie \u00fcber Produktaktualisierungen und \u00c4nderungen bei unseren Dienstleistungen zu informieren;<\/li>\n<li>Um Sie anrufen zu k\u00f6nnen oder Ihnen eine E-Mail senden zu k\u00f6nnen, wenn das erforderlich ist, um unsere Dienstleistung ausf\u00fchren zu k\u00f6nnen;<\/li>\n<li>VRS NEXT verarbeitet auch personenbezogene Daten, wenn eine gesetzliche Verpflichtung dazu besteht, zum Beispiel Daten, die f\u00fcr die Steuererkl\u00e4rung ben\u00f6tigt werden;<\/li>\n<li>Wir k\u00f6nnen Ihre personenbezogenen Daten auch f\u00fcr interne Zwecke wie Audits, Datenanalysen und Untersuchungen verwenden, um die Produkte, Dienstleistungen und Kommunikation zu verbessern.<\/li>\n<\/ul>\n<h6 style=\"color: #19bbe7; font-size: 18px; margin-bottom: 0px;\">So lange speichern wir Ihre personenbezogenen Daten<\/h6>\n<p>VRS NEXT speichert Ihre personenbezogenen Daten nicht l\u00e4nger als strikt notwendig ist, um die Ziele zu realisieren, f\u00fcr die Ihre Daten erfasst wurden.<\/p>\n<h6 style=\"color: #19bbe7; font-size: 18px; margin-bottom: 0px;\">Teilen von personenbezogenen Daten mit Dritten<\/h6>\n<p>VRS NEXT verkauft Ihre Daten nicht an Dritte und \u00fcbermittelt diese ausschlie\u00dflich, wenn dies f\u00fcr die Ausf\u00fchrung unserer Vereinbarung mit Ihnen erforderlich ist oder um eine gesetzliche Verpflichtung zu erf\u00fcllen. Mit Firmen, die Ihre Daten in unserem Auftrag verarbeiten, schlie\u00dfen wir eine Verarbeitungsvereinbarung, um dort f\u00fcr dasselbe Niveau beim Schutz und der Vertraulichkeit Ihrer Daten zu sorgen. VRS NEXT bleibt f\u00fcr diese Verarbeitungen verantwortlich.<\/p>\n<h6 style=\"color: #19bbe7; font-size: 18px; margin-bottom: 0px;\">Daten einsehen, anpassen oder l\u00f6schen<\/h6>\n<p>Sie sind jederzeit berechtigt, Ihre personenbezogenen Daten einzusehen, zu korrigieren oder zu l\u00f6schen. Dazu k\u00f6nnen Sie einen Antrag auf Einsicht, Korrektur oder L\u00f6schung Ihrer personenbezogenen Daten an privacy@vrsnext.com senden. Um mit Sicherheit feststellen zu k\u00f6nnen, dass dieser Antrag auch wirklich von Ihnen gestellt wird, bitten wir Sie, eine Kopie Ihres Ausweises gemeinsam mit dem Antrag an uns zu senden. Um Ihre Privatsph\u00e4re zu sch\u00fctzen, bitten wir Sie, auf dieser Kopie Ihr Passfoto, die MRZ, Ausweisnummer und andere sichtbare Nummern unlesbar zu machen. VRS NEXT reagiert so schnell wie m\u00f6glich, innerhalb einer Frist von vier Wochen, auf Ihren Antrag. VRS NEXT m\u00f6chte au\u00dferdem darauf hinweisen, dass Sie die M\u00f6glichkeit haben, eine Beschwerde bei der zust\u00e4ndigen Datenschutzbeh\u00f6rde einzureichen (<a href=\"https:\/\/autoriteitpersoonsgegevens.nl\" target=\"_blank\" rel=\"noopener noreferrer\">Autoriteit Persoonsgegevens<\/a>).<\/p>\n<h6 style=\"color: #19bbe7; font-size: 18px; margin-bottom: 0px;\">Von uns verwendete Cookies und Websites von Dritten<\/h6>\n<p>VRS NEXT verwendet ausschlie\u00dflich technisch notwendige, funktionale und analytische Cookies, die Ihre Privatsph\u00e4re nicht verletzen. Ein Cookie ist eine kleine Textdatei, die bei Ihrem ersten Besuch unserer Website auf Ihrem Computer, Tablet-PC oder Smartphone gespeichert wird. Die von uns verwendeten Cookies sind f\u00fcr die technische Funktion der Website und f\u00fcr eine benutzerfreundliche Nutzung erforderlich. Sie sorgen daf\u00fcr, dass die Website einwandfrei funktioniert und optimiert werden kann. Die meisten Browser sind standardm\u00e4\u00dfig so eingestellt, dass sie Cookies akzeptieren; Sie k\u00f6nnen die Einstellung in Ihrem Browser jedoch so \u00e4ndern, dass Cookies abgelehnt werden oder dass Sie informiert werden, wenn ein Cookie gesendet wird. Dar\u00fcber hinaus k\u00f6nnen Sie Informationen, die zu einem fr\u00fcheren Zeitpunkt gespeichert wurden, \u00fcber die Einstellungen in Ihrem Browser l\u00f6schen.<\/p>\n<p>Die Websites, Produkte und Dienstleistungen von VRS NEXT k\u00f6nnen Verkn\u00fcpfungen zu Websites, Produkten und Dienstleistungen von Dritten enthalten. Daten, die von Dritten erfasst werden und die personenbezogene Daten enthalten k\u00f6nnen, unterliegen den Datenschutzrichtlinien dieser Dritten. Wir empfehlen Ihnen, sich \u00fcber die Datenschutzrichtlinien dieser Dritten zu informieren. VRS NEXT ist nicht verantwortlich oder haftbar f\u00fcr den Gebrauch von Cookies auf den Websites von Dritten, auf die Sie als Besucher unserer Website \u00fcber einen Link oder einen der Social Media-Kan\u00e4le wie YouTube, Twitter, LinkedIn und Facebook gelangen k\u00f6nnen.<\/p>\n<h6 style=\"color: #19bbe7; font-size: 18px; margin-bottom: 0px;\">So sch\u00fctzen wir personenbezogene Daten<\/h6>\n<p>VRS NEXT nimmt den Schutz Ihrer Daten sehr ernst und ergreift passende Ma\u00dfnahmen, um Missbrauch, Verlust, unbefugten Zugang, unerw\u00fcnschte Ver\u00f6ffentlichung und unbefugte \u00c4nderung zu verhindern. Wir kommunizieren unsere Datenschutz- und Sicherheitsrichtlinien an alle Mitarbeiter von VRS NEXT und handhaben im Unternehmen strenge Ma\u00dfnahmen, um die Sicherheit Ihrer personenbezogenen Daten zu gew\u00e4hrleisten. Wenn Sie den Eindruck haben, dass Ihre Daten nicht gut gesch\u00fctzt sind, oder wenn es Hinweise auf einen Missbrauch gibt, nehmen Sie bitte Kontakt mit VRS NEXT auf \u00fcber privacy@vrsnext.com.<\/p>\n[\/vc_column_text][\/vc_column][vc_column column_padding=&#8220;no-extra-padding&#8220; column_padding_tablet=&#8220;inherit&#8220; column_padding_phone=&#8220;inherit&#8220; column_padding_position=&#8220;all&#8220; column_element_spacing=&#8220;default&#8220; background_color_opacity=&#8220;1&#8243; background_hover_color_opacity=&#8220;1&#8243; column_shadow=&#8220;none&#8220; column_border_radius=&#8220;none&#8220; column_link_target=&#8220;_self&#8220; gradient_direction=&#8220;left_to_right&#8220; overlay_strength=&#8220;0.3&#8243; width=&#8220;1\/6&#8243; tablet_width_inherit=&#8220;default&#8220; tablet_text_alignment=&#8220;default&#8220; phone_text_alignment=&#8220;default&#8220; bg_image_animation=&#8220;none&#8220; border_type=&#8220;simple&#8220; column_border_width=&#8220;none&#8220; column_border_style=&#8220;solid&#8220;][\/vc_column][\/vc_row]\n","protected":false},"excerpt":{"rendered":"<p>[vc_row type=&#8220;in_container&#8220; full_screen_row_position=&#8220;middle&#8220; column_margin=&#8220;default&#8220; column_direction=&#8220;default&#8220; column_direction_tablet=&#8220;default&#8220; column_direction_phone=&#8220;default&#8220; scene_position=&#8220;center&#8220; text_color=&#8220;dark&#8220; text_align=&#8220;left&#8220; row_border_radius=&#8220;none&#8220; row_border_radius_applies=&#8220;bg&#8220; overlay_strength=&#8220;0.3&#8243; gradient_direction=&#8220;left_to_right&#8220; shape_divider_position=&#8220;bottom&#8220; bg_image_animation=&#8220;none&#8220;][vc_column column_padding=&#8220;no-extra-padding&#8220; column_padding_tablet=&#8220;inherit&#8220; column_padding_phone=&#8220;inherit&#8220; column_padding_position=&#8220;all&#8220; column_element_spacing=&#8220;default&#8220; background_color_opacity=&#8220;1&#8243; background_hover_color_opacity=&#8220;1&#8243; column_shadow=&#8220;none&#8220; column_border_radius=&#8220;none&#8220; column_link_target=&#8220;_self&#8220; gradient_direction=&#8220;left_to_right&#8220; overlay_strength=&#8220;0.3&#8243; width=&#8220;1\/6&#8243; tablet_width_inherit=&#8220;default&#8220;&#8230;<\/p>\n","protected":false},"author":1,"featured_media":0,"parent":0,"menu_order":0,"comment_status":"closed","ping_status":"open","template":"","meta":{"footnotes":""},"class_list":["post-1212","page","type-page","status-publish"],"yoast_head":"<!-- This site is optimized with the Yoast SEO plugin v27.4 - https:\/\/yoast.com\/product\/yoast-seo-wordpress\/ -->\n<title>Datenschutzrichtlinie - VRS NEXT<\/title>\n<meta name=\"description\" content=\"VRS NEXT ist sich der Tatsache bewusst, dass Sie gro\u00dfes Vertrauen in uns setzen. Wir sehen es daher auch als unsere Verantwortung, Ihre Privatsph\u00e4re und Ihre Daten optimal zu sch\u00fctzen. In dieser Datenschutzerkl\u00e4rung informieren wir Sie dar\u00fcber, welche Daten wir verarbeiten.\" \/>\n<meta name=\"robots\" content=\"index, follow, max-snippet:-1, max-image-preview:large, max-video-preview:-1\" \/>\n<link rel=\"canonical\" href=\"https:\/\/www.vrsnext.com\/de\/datenschutzrichtlinie\/\" \/>\n<meta property=\"og:locale\" content=\"de_DE\" \/>\n<meta property=\"og:type\" content=\"article\" \/>\n<meta property=\"og:title\" content=\"Datenschutzrichtlinie - VRS NEXT\" \/>\n<meta property=\"og:description\" content=\"VRS NEXT ist sich der Tatsache bewusst, dass Sie gro\u00dfes Vertrauen in uns setzen. Wir sehen es daher auch als unsere Verantwortung, Ihre Privatsph\u00e4re und Ihre Daten optimal zu sch\u00fctzen. In dieser Datenschutzerkl\u00e4rung informieren wir Sie dar\u00fcber, welche Daten wir verarbeiten.\" \/>\n<meta property=\"og:url\" content=\"https:\/\/www.vrsnext.com\/de\/datenschutzrichtlinie\/\" \/>\n<meta property=\"og:site_name\" content=\"VRS NEXT\" \/>\n<meta property=\"article:modified_time\" content=\"2022-11-17T15:52:24+00:00\" \/>\n<meta name=\"twitter:card\" content=\"summary_large_image\" \/>\n<meta name=\"twitter:label1\" content=\"Gesch\u00e4tzte Lesezeit\" \/>\n\t<meta name=\"twitter:data1\" content=\"6\u00a0Minuten\" \/>\n<script type=\"application\/ld+json\" class=\"yoast-schema-graph\">{\"@context\":\"https:\\\/\\\/schema.org\",\"@graph\":[{\"@type\":\"WebPage\",\"@id\":\"https:\\\/\\\/www.vrsnext.com\\\/de\\\/datenschutzrichtlinie\\\/\",\"url\":\"https:\\\/\\\/www.vrsnext.com\\\/de\\\/datenschutzrichtlinie\\\/\",\"name\":\"Datenschutzrichtlinie - VRS NEXT\",\"isPartOf\":{\"@id\":\"https:\\\/\\\/www.vrsnext.com\\\/de\\\/#website\"},\"datePublished\":\"2019-12-20T13:13:14+00:00\",\"dateModified\":\"2022-11-17T15:52:24+00:00\",\"description\":\"VRS NEXT ist sich der Tatsache bewusst, dass Sie gro\u00dfes Vertrauen in uns setzen. Wir sehen es daher auch als unsere Verantwortung, Ihre Privatsph\u00e4re und Ihre Daten optimal zu sch\u00fctzen. In dieser Datenschutzerkl\u00e4rung informieren wir Sie dar\u00fcber, welche Daten wir verarbeiten.\",\"breadcrumb\":{\"@id\":\"https:\\\/\\\/www.vrsnext.com\\\/de\\\/datenschutzrichtlinie\\\/#breadcrumb\"},\"inLanguage\":\"de\",\"potentialAction\":[{\"@type\":\"ReadAction\",\"target\":[\"https:\\\/\\\/www.vrsnext.com\\\/de\\\/datenschutzrichtlinie\\\/\"]}]},{\"@type\":\"BreadcrumbList\",\"@id\":\"https:\\\/\\\/www.vrsnext.com\\\/de\\\/datenschutzrichtlinie\\\/#breadcrumb\",\"itemListElement\":[{\"@type\":\"ListItem\",\"position\":1,\"name\":\"Home\",\"item\":\"https:\\\/\\\/www.vrsnext.com\\\/de\\\/\"},{\"@type\":\"ListItem\",\"position\":2,\"name\":\"Datenschutzrichtlinie\"}]},{\"@type\":\"WebSite\",\"@id\":\"https:\\\/\\\/www.vrsnext.com\\\/de\\\/#website\",\"url\":\"https:\\\/\\\/www.vrsnext.com\\\/de\\\/\",\"name\":\"VRS NEXT\",\"description\":\"\",\"potentialAction\":[{\"@type\":\"SearchAction\",\"target\":{\"@type\":\"EntryPoint\",\"urlTemplate\":\"https:\\\/\\\/www.vrsnext.com\\\/de\\\/?s={search_term_string}\"},\"query-input\":{\"@type\":\"PropertyValueSpecification\",\"valueRequired\":true,\"valueName\":\"search_term_string\"}}],\"inLanguage\":\"de\"}]}<\/script>\n<!-- \/ Yoast SEO plugin. -->","yoast_head_json":{"title":"Datenschutzrichtlinie - VRS NEXT","description":"VRS NEXT ist sich der Tatsache bewusst, dass Sie gro\u00dfes Vertrauen in uns setzen. Wir sehen es daher auch als unsere Verantwortung, Ihre Privatsph\u00e4re und Ihre Daten optimal zu sch\u00fctzen. In dieser Datenschutzerkl\u00e4rung informieren wir Sie dar\u00fcber, welche Daten wir verarbeiten.","robots":{"index":"index","follow":"follow","max-snippet":"max-snippet:-1","max-image-preview":"max-image-preview:large","max-video-preview":"max-video-preview:-1"},"canonical":"https:\/\/www.vrsnext.com\/de\/datenschutzrichtlinie\/","og_locale":"de_DE","og_type":"article","og_title":"Datenschutzrichtlinie - VRS NEXT","og_description":"VRS NEXT ist sich der Tatsache bewusst, dass Sie gro\u00dfes Vertrauen in uns setzen. Wir sehen es daher auch als unsere Verantwortung, Ihre Privatsph\u00e4re und Ihre Daten optimal zu sch\u00fctzen. In dieser Datenschutzerkl\u00e4rung informieren wir Sie dar\u00fcber, welche Daten wir verarbeiten.","og_url":"https:\/\/www.vrsnext.com\/de\/datenschutzrichtlinie\/","og_site_name":"VRS NEXT","article_modified_time":"2022-11-17T15:52:24+00:00","twitter_card":"summary_large_image","twitter_misc":{"Gesch\u00e4tzte Lesezeit":"6\u00a0Minuten"},"schema":{"@context":"https:\/\/schema.org","@graph":[{"@type":"WebPage","@id":"https:\/\/www.vrsnext.com\/de\/datenschutzrichtlinie\/","url":"https:\/\/www.vrsnext.com\/de\/datenschutzrichtlinie\/","name":"Datenschutzrichtlinie - VRS NEXT","isPartOf":{"@id":"https:\/\/www.vrsnext.com\/de\/#website"},"datePublished":"2019-12-20T13:13:14+00:00","dateModified":"2022-11-17T15:52:24+00:00","description":"VRS NEXT ist sich der Tatsache bewusst, dass Sie gro\u00dfes Vertrauen in uns setzen. Wir sehen es daher auch als unsere Verantwortung, Ihre Privatsph\u00e4re und Ihre Daten optimal zu sch\u00fctzen. In dieser Datenschutzerkl\u00e4rung informieren wir Sie dar\u00fcber, welche Daten wir verarbeiten.","breadcrumb":{"@id":"https:\/\/www.vrsnext.com\/de\/datenschutzrichtlinie\/#breadcrumb"},"inLanguage":"de","potentialAction":[{"@type":"ReadAction","target":["https:\/\/www.vrsnext.com\/de\/datenschutzrichtlinie\/"]}]},{"@type":"BreadcrumbList","@id":"https:\/\/www.vrsnext.com\/de\/datenschutzrichtlinie\/#breadcrumb","itemListElement":[{"@type":"ListItem","position":1,"name":"Home","item":"https:\/\/www.vrsnext.com\/de\/"},{"@type":"ListItem","position":2,"name":"Datenschutzrichtlinie"}]},{"@type":"WebSite","@id":"https:\/\/www.vrsnext.com\/de\/#website","url":"https:\/\/www.vrsnext.com\/de\/","name":"VRS NEXT","description":"","potentialAction":[{"@type":"SearchAction","target":{"@type":"EntryPoint","urlTemplate":"https:\/\/www.vrsnext.com\/de\/?s={search_term_string}"},"query-input":{"@type":"PropertyValueSpecification","valueRequired":true,"valueName":"search_term_string"}}],"inLanguage":"de"}]}},"_links":{"self":[{"href":"https:\/\/www.vrsnext.com\/de\/wp-json\/wp\/v2\/pages\/1212","targetHints":{"allow":["GET"]}}],"collection":[{"href":"https:\/\/www.vrsnext.com\/de\/wp-json\/wp\/v2\/pages"}],"about":[{"href":"https:\/\/www.vrsnext.com\/de\/wp-json\/wp\/v2\/types\/page"}],"author":[{"embeddable":true,"href":"https:\/\/www.vrsnext.com\/de\/wp-json\/wp\/v2\/users\/1"}],"replies":[{"embeddable":true,"href":"https:\/\/www.vrsnext.com\/de\/wp-json\/wp\/v2\/comments?post=1212"}],"version-history":[{"count":1,"href":"https:\/\/www.vrsnext.com\/de\/wp-json\/wp\/v2\/pages\/1212\/revisions"}],"predecessor-version":[{"id":1213,"href":"https:\/\/www.vrsnext.com\/de\/wp-json\/wp\/v2\/pages\/1212\/revisions\/1213"}],"wp:attachment":[{"href":"https:\/\/www.vrsnext.com\/de\/wp-json\/wp\/v2\/media?parent=1212"}],"curies":[{"name":"wp","href":"https:\/\/api.w.org\/{rel}","templated":true}]}}