{"id":854,"date":"2020-03-03T13:09:43","date_gmt":"2020-03-03T13:09:43","guid":{"rendered":"https:\/\/www.vrsnext.com\/lieferbedingungen\/"},"modified":"2022-11-07T16:16:06","modified_gmt":"2022-11-07T16:16:06","slug":"lieferbedingungen","status":"publish","type":"page","link":"https:\/\/www.vrsnext.com\/de\/lieferbedingungen\/","title":{"rendered":"Lieferbedingungen"},"content":{"rendered":"[vc_row type=&#8220;in_container&#8220; full_screen_row_position=&#8220;middle&#8220; column_margin=&#8220;default&#8220; column_direction=&#8220;default&#8220; column_direction_tablet=&#8220;default&#8220; column_direction_phone=&#8220;default&#8220; scene_position=&#8220;center&#8220; text_color=&#8220;dark&#8220; text_align=&#8220;left&#8220; row_border_radius=&#8220;none&#8220; row_border_radius_applies=&#8220;bg&#8220; overlay_strength=&#8220;0.3&#8243; gradient_direction=&#8220;left_to_right&#8220; shape_divider_position=&#8220;bottom&#8220; bg_image_animation=&#8220;none&#8220; shape_type=&#8220;&#8220;][vc_column column_padding=&#8220;no-extra-padding&#8220; column_padding_tablet=&#8220;inherit&#8220; column_padding_phone=&#8220;inherit&#8220; column_padding_position=&#8220;all&#8220; column_element_spacing=&#8220;default&#8220; background_color_opacity=&#8220;1&#8243; background_hover_color_opacity=&#8220;1&#8243; column_shadow=&#8220;none&#8220; column_border_radius=&#8220;none&#8220; column_link_target=&#8220;_self&#8220; gradient_direction=&#8220;left_to_right&#8220; overlay_strength=&#8220;0.3&#8243; width=&#8220;1\/6&#8243; tablet_width_inherit=&#8220;default&#8220; tablet_text_alignment=&#8220;default&#8220; phone_text_alignment=&#8220;default&#8220; bg_image_animation=&#8220;none&#8220; border_type=&#8220;simple&#8220; column_border_width=&#8220;none&#8220; column_border_style=&#8220;solid&#8220;][\/vc_column][vc_column column_padding=&#8220;no-extra-padding&#8220; column_padding_tablet=&#8220;inherit&#8220; column_padding_phone=&#8220;inherit&#8220; column_padding_position=&#8220;all&#8220; column_element_spacing=&#8220;default&#8220; background_color_opacity=&#8220;1&#8243; background_hover_color_opacity=&#8220;1&#8243; column_shadow=&#8220;none&#8220; column_border_radius=&#8220;none&#8220; column_link_target=&#8220;_self&#8220; gradient_direction=&#8220;left_to_right&#8220; overlay_strength=&#8220;0.3&#8243; width=&#8220;2\/3&#8243; tablet_width_inherit=&#8220;default&#8220; tablet_text_alignment=&#8220;default&#8220; phone_text_alignment=&#8220;default&#8220; bg_image_animation=&#8220;none&#8220; border_type=&#8220;simple&#8220; column_border_width=&#8220;none&#8220; column_border_style=&#8220;solid&#8220;][vc_column_text]\n<h1 style=\"color: #1f1b3e; font-size: 32px; margin-top: 0px;\">LIEFERBEDINGUNGEN<\/h1>\n[\/vc_column_text][\/vc_column][vc_column column_padding=&#8220;no-extra-padding&#8220; column_padding_tablet=&#8220;inherit&#8220; column_padding_phone=&#8220;inherit&#8220; column_padding_position=&#8220;all&#8220; column_element_spacing=&#8220;default&#8220; background_color_opacity=&#8220;1&#8243; background_hover_color_opacity=&#8220;1&#8243; column_shadow=&#8220;none&#8220; column_border_radius=&#8220;none&#8220; column_link_target=&#8220;_self&#8220; gradient_direction=&#8220;left_to_right&#8220; overlay_strength=&#8220;0.3&#8243; width=&#8220;1\/6&#8243; tablet_width_inherit=&#8220;default&#8220; tablet_text_alignment=&#8220;default&#8220; phone_text_alignment=&#8220;default&#8220; bg_image_animation=&#8220;none&#8220; border_type=&#8220;simple&#8220; column_border_width=&#8220;none&#8220; column_border_style=&#8220;solid&#8220;][\/vc_column][\/vc_row][vc_row type=&#8220;in_container&#8220; full_screen_row_position=&#8220;middle&#8220; column_margin=&#8220;default&#8220; column_direction=&#8220;default&#8220; column_direction_tablet=&#8220;default&#8220; column_direction_phone=&#8220;default&#8220; scene_position=&#8220;center&#8220; text_color=&#8220;dark&#8220; text_align=&#8220;left&#8220; row_border_radius=&#8220;none&#8220; row_border_radius_applies=&#8220;bg&#8220; overlay_strength=&#8220;0.3&#8243; gradient_direction=&#8220;left_to_right&#8220; shape_divider_position=&#8220;bottom&#8220; bg_image_animation=&#8220;none&#8220;][vc_column column_padding=&#8220;no-extra-padding&#8220; column_padding_tablet=&#8220;inherit&#8220; column_padding_phone=&#8220;inherit&#8220; column_padding_position=&#8220;all&#8220; column_element_spacing=&#8220;default&#8220; background_color_opacity=&#8220;1&#8243; background_hover_color_opacity=&#8220;1&#8243; column_shadow=&#8220;none&#8220; column_border_radius=&#8220;none&#8220; column_link_target=&#8220;_self&#8220; gradient_direction=&#8220;left_to_right&#8220; overlay_strength=&#8220;0.3&#8243; width=&#8220;1\/6&#8243; tablet_width_inherit=&#8220;default&#8220; tablet_text_alignment=&#8220;default&#8220; phone_text_alignment=&#8220;default&#8220; bg_image_animation=&#8220;none&#8220; border_type=&#8220;simple&#8220; column_border_width=&#8220;none&#8220; column_border_style=&#8220;solid&#8220;][vc_column_text][\/vc_column_text][\/vc_column][vc_column column_padding=&#8220;no-extra-padding&#8220; column_padding_tablet=&#8220;inherit&#8220; column_padding_phone=&#8220;inherit&#8220; column_padding_position=&#8220;all&#8220; column_element_spacing=&#8220;default&#8220; background_color_opacity=&#8220;1&#8243; background_hover_color_opacity=&#8220;1&#8243; column_shadow=&#8220;none&#8220; column_border_radius=&#8220;none&#8220; column_link_target=&#8220;_self&#8220; gradient_direction=&#8220;left_to_right&#8220; overlay_strength=&#8220;0.3&#8243; width=&#8220;2\/3&#8243; tablet_width_inherit=&#8220;default&#8220; tablet_text_alignment=&#8220;default&#8220; phone_text_alignment=&#8220;default&#8220; bg_image_animation=&#8220;none&#8220; border_type=&#8220;simple&#8220; column_border_width=&#8220;none&#8220; column_border_style=&#8220;solid&#8220;][vc_column_text]\n<h6 style=\"color: #19bbe7; font-size: 18px; margin-bottom: 0px;\">Artikel 1 \u2013 Beschreibung der Dienstleistung<\/h6>\n<p>Die niederl\u00e4ndische Kapitalgesellschaft mit beschr\u00e4nkter Haftung (Besloten vennootschap met beperkte aansprakelijkheid) VRS Next B.V., im Folgenden VRS NEXT, richtet sich voll und ganz auf das Entwickeln, Betreiben und Warten eines Referenznetzwerks f\u00fcr die hochpr\u00e4zise Orts- und Positionsbestimmung auf der Grundlage der RTK GNSS-Technologie f\u00fcr professionelle Anwendungen, unter anderem f\u00fcr Landvermessung, Abstecken, 3D-Maschinensteuerung, Pr\u00e4zisionslandwirtschaft und Einsatz von Drohnen f\u00fcr Kartierung und Inspektionen. Mithilfe dieses Netzwerks stellt VRS NEXT Korrekturdaten sowie Rohdaten f\u00fcr eine pr\u00e4zise Orts- und Positionsbestimmung auf der Grundlage von Satellitennavigation zur Verf\u00fcgung. Die Koordinaten der GNSS-Referenzstationen werden jedes Jahr offiziell durch das niederl\u00e4ndische Kataster und die zentrale Informationsstelle (Centrale Informatievoorziening (CIV) van Rijkswaterstaat) zertifiziert. Nach dem Abschlie\u00dfen eines Abonnements erh\u00e4lt der Kunde Anmeldedaten. Damit kann er (mit den daf\u00fcr geeigneten GNSS-Ger\u00e4ten) innerhalb des gesamten Abdeckungsgebiets standardisierte Korrekturdaten oder Rohdaten verwenden, um in Echtzeit oder nachtr\u00e4glich mithilfe von Postprocessing Orts- und Positionsbestimmungen im ETRS89-Koordinatensystem vorzunehmen. Diese k\u00f6nnen auf Wunsch in lokale Koordinatensysteme wie Lambert und RD-NAP umgewandelt werden. F\u00fcr eine real-time Orts- und Positionsbestimmung stellt VRS NEXT RTK-Korrekturen konform dem RTCM-Format (Radio Technical Commission for Maritime Services) zur Verf\u00fcgung, die \u00fcber eine (mobile) Internetverbindung (GPRS\/UMTS\/HSDPA\/3G\/4G) mithilfe des NTRIP-Protokolls (Networked Transport of RTCM via Internet Protocol) empfangen werden k\u00f6nnen.<\/p>\n<h6 style=\"color: #19bbe7; font-size: 18px; margin-bottom: 0px;\">Artikel 2 \u2013 Beratung und Informationen<\/h6>\n<p>Die Benutzer k\u00f6nnen Kontakt mit den Mitarbeitern von VRS NEXT aufnehmen, wenn sie Informationen\/Unterst\u00fctzung beim Konfigurieren der Verbindung mit dem Netzwerk oder eine Beratung in Bezug auf die Verwendung und die verschiedenen Anwendungen des Systems w\u00fcnschen. F\u00fcr Informationen zu spezifischen Einstellungen innerhalb der Software f\u00fcr die verwendete GNSS-Hardware wenden Sie sich bitte an den Lieferanten des betreffenden Ger\u00e4ts.<\/p>\n<h6 style=\"color: #19bbe7; font-size: 18px; margin-bottom: 0px;\">Artikel 3 \u2013 Umfang der Dienstleistung<\/h6>\n<p>F\u00fcr Real-Time-Anwendungen sind RTCM-Korrekturen erh\u00e4ltlich, indem sich der Kunde auf der Grundlage von NTRIP mit den bereitgestellten Anmeldedaten anmeldet. Der Kunde muss f\u00fcr jeden GNSS-Empf\u00e4nger ein Abonnement abschlie\u00dfen, um RTCM-Korrekturen zu erhalten. F\u00fcr das nachtr\u00e4gliche Postprocessing von Daten k\u00f6nnen Benutzer des VRS NEXT-Netzwerks per E-Mail RINEX-Daten von den gew\u00fcnschten Stationen im Abdeckungsgebiet anfordern.<\/p>\n<h6 style=\"color: #19bbe7; font-size: 18px; margin-bottom: 0px;\">Artikel 4 \u2013 Weitergabe an Dritte<\/h6>\n<p>Die bereitgestellten Informationen wie Anmeldedaten und RINEX-Daten sind ausschlie\u00dflich f\u00fcr den (internen) Gebrauch beim Kunden bestimmt. Der Kunde darf diese Daten nicht weiterverkaufen oder Dritten zur Verf\u00fcgung stellen.<\/p>\n<h6 style=\"color: #19bbe7; font-size: 18px; margin-bottom: 0px;\">Artikel 5 \u2013 Tarife der Abonnements<\/h6>\n<p>Die Tarife f\u00fcr den Gebrauch von VRS RTK-Korrekturen und der optionalen SIM-Karten f\u00fcr NTRIP-Daten bestehen aus einem festen Abonnement, das mit einer Laufzeit von einem Monat oder einem Jahr abgeschlossen werden kann. Die initiale Laufzeit wird jeweils stillschweigend um denselben Zeitraum (ein Monat bzw. ein Jahr) verl\u00e4ngert. Die Kosten f\u00fcr das Abonnement werden monatlich oder j\u00e4hrlich (je nach gew\u00e4hlter Laufzeit) im Voraus in Rechnung gestellt. F\u00fcr alle Rechnungen gilt eine Zahlungsfrist von maximal 14 Tagen. Alle Tarife verstehen sich zuz\u00fcglich Mehrwertsteuer und werden auf der Website <a href=\"http:\/\/www.vrsnext.com\/\">vrsnext.com<\/a> ver\u00f6ffentlicht. Die verschiedenen Abonnement-Formen und Tarife basieren auf der Belastung der Netzwerkinfrastruktur. Die Verwendung des Netzwerks ist bei jedem Abonnement f\u00fcr die spezifische Anwendung unbegrenzt. VRS NEXT beh\u00e4lt sich das Recht vor, bei einem redlichen Verdacht auf irgendeine Art von Missbrauch den unsachgem\u00e4\u00dfen Gebrauch zu begrenzen, indem die Lieferung von Korrekturdaten vor\u00fcbergehend eingestellt wird oder indem zus\u00e4tzliche Kosten f\u00fcr das Abonnement in Rechnung gestellt werden, passend zum Gebrauch und dem Einsatz der Netzwerkdienstleistung.<span class=\"Apple-converted-space\"> <\/span><\/p>\n<h6 style=\"color: #19bbe7; font-size: 18px; margin-bottom: 0px;\">Artikel 6 \u2013 Verwendung der SIM-Karte f\u00fcr NTRIP-Daten<\/h6>\n<p>Beim Abschlie\u00dfen eines Abonnements kann sich der Kunde f\u00fcr eine SIM-Karte f\u00fcr NTRIP-Daten von VRS NEXT entscheiden. Diese spezielle, in Zusammenarbeit mit T-Mobile entwickelte Daten-SIM-Karte bietet optimale Verf\u00fcgbarkeit, Sicherheit und die Garantie f\u00fcr einen maximalen Empfang der RTK-VRS-Korrekturen \u00fcber RTCM. Die SIM-Karte f\u00fcr NTRIP-Daten ist ausschlie\u00dflich f\u00fcr die Verwendung im Modem des GNSS-Empf\u00e4ngers und das Empfangen von RTCM-Korrekturen gedacht. Die Mitarbeiter von VRS NEXT \u00fcberwachen den Status und die Funktion der SIM-Karten f\u00fcr NTRIP-Daten, um eine optimale Unterst\u00fctzung zu liefern. Beim \u00dcberwachen des Status und der Funktion wird auch aktiv kontrolliert, ob ein unsachgem\u00e4\u00dfer oder unprofessioneller Gebrauch der SIM-Karte vorliegt. Obwohl der Internetverkehr nicht ausschlie\u00dflich auf das Empfangen von RTK-VRS-Korrekturen begrenzt ist, verpflichtet sich der Kunde, diesen unsachgem\u00e4\u00dfen Gebrauch auf ein Mindestma\u00df zu beschr\u00e4nken und ausschlie\u00dflich anzuwenden, wenn dies f\u00fcr die einwandfreie Funktion der GNSS-Anwendung erforderlich ist. Wenn ein \u00fcberdurchschnittlicher Gebrauch wahrgenommen wird, nimmt ein Mitarbeiter von VRS NEXT Kontakt mit dem Kunden auf, um die Angelegenheit zu besprechen. VRS NEXT beh\u00e4lt sich das Recht vor, den unsachgem\u00e4\u00dfen Gebrauch einzuschr\u00e4nken, indem die mobile Internetverbindung zeitweise blockiert wird oder zus\u00e4tzliche Kosten f\u00fcr das Abonnement in Rechnung gestellt werden.<\/p>\n<h6 style=\"color: #19bbe7; font-size: 18px; margin-bottom: 0px;\">Artikel 7 \u2013 Zahlung, Nichteinhaltung der Zahlungsfrist und Zahlungsaufschub<\/h6>\n<p>Die Zahlung muss innerhalb von 14 Tagen nach dem Rechnungsdatum auf eine von VRS NEXT anzugebende Weise in der W\u00e4hrung erfolgen, in der fakturiert wird; es sei denn, von VRS NEXT wurde schriftlich etwas anderes angegeben. VRS NEXT ist berechtigt, in periodischen Abst\u00e4nden zu fakturieren. Wenn der Kunde eine Rechnung nicht rechtzeitig bezahlt, ist der Kunde von Rechts wegen im Verzug. VRS NEXT ist dann berechtigt, dem Kunden den Zugang zu dem Korrekturdienst mit sofortiger Wirkung zu verweigern, ohne dadurch selbst in Verzug zu geraten. Eine tempor\u00e4re Verweigerung oder Reklamationen in Bezug auf die H\u00f6he der Rechnung schieben die Zahlungsverpflichtung gegen\u00fcber VRS NEXT nicht auf; die Verpflichtungen gegen\u00fcber VRS NEXT bleiben unvermindert in Kraft. Ein Kunde, der sich nicht auf Bestimmungen aus den Allgemeinen Gesch\u00e4ftsbedingungen berufen kann (Abschnitt 6.5.3 (Artikel 231 bis 247 Buch 6 des niederl\u00e4ndischen B\u00fcrgerlichen Gesetzbuchs) [afdeling 6.5.3 (de artikelen 231 tot en met 247 boek 6 BW)]), ist auch nicht berechtigt, die Zahlung einer Rechnung aus einem anderen Grund auszusetzen.<\/p>\n<h6 style=\"color: #19bbe7; font-size: 18px; margin-bottom: 0px;\">Artikel 8 \u2013 Haftung<\/h6>\n<p>Die komplette Netzwerkinfrastruktur von VRS NEXT ist auf die Lieferung einer maximalen Qualit\u00e4t ausgelegt und dank mehrfacher Redundanz so ausgef\u00fchrt, dass die Kontinuit\u00e4t gew\u00e4hrleistet ist. F\u00fcr den Fall einer eventuellen St\u00f6rung wurden die notwendigen organisatorischen Ma\u00dfnahmen getroffen, um diese St\u00f6rung schnell und angemessen zu beheben. Trotz gr\u00f6\u00dfter Sorgfalt kann VRS NEXT die Qualit\u00e4t der Korrekturdaten und damit die Genauigkeit nicht garantieren, da es Faktoren gibt, die au\u00dferhalb des Einflussbereichs von VRS NEXT liegen. Dazu geh\u00f6ren unter anderem (aber nicht begrenzt auf) die Beeinflussung der Empfangsqualit\u00e4t, Kommunikationsfehler beim Anbieter des mobilen Internets, Fehler in der verwendeten Hard- oder Software des GNSS-Herstellers und Fehler durch Einschr\u00e4nkungen (Selective Availability) von GPS\/GNSS sowie atmosph\u00e4rische (ionosph\u00e4rische) St\u00f6rungen. Aus diesem Grund \u00fcbernimmt VRS NEXT keinerlei Haftung, au\u00dfer bei Absicht, grober Schuld oder grober Fahrl\u00e4ssigkeit. Der Kunde sch\u00fctzt VRS NEXT vor jeglichen Haftungsanspr\u00fcchen, auch gegen\u00fcber Dritten, die sich aus den von VRS NEXT an den Kunden ausgef\u00fchrten Lieferungen und\/oder erbrachten Dienstleistungen ergeben bzw. die damit im Zusammenhang stehen.<\/p>\n<h6 style=\"color: #19bbe7; font-size: 18px; margin-bottom: 0px;\">Artikel 9 \u2013 K\u00fcndigung des Abonnements<\/h6>\n<p>Abonnements k\u00f6nnen mit einer K\u00fcndigungsfrist von 1 Monat vor dem Ablaufdatum unter Angabe der Auftragsnummer schriftlich (per E-Mail) beendet werden. Die SIM-Karte f\u00fcr NTRIP-Daten muss nach der K\u00fcndigung per Post zur\u00fcckgeschickt werden. Gezahlte Abonnementgeb\u00fchren werden nicht erstattet.[\/vc_column_text][\/vc_column][vc_column column_padding=&#8220;no-extra-padding&#8220; column_padding_tablet=&#8220;inherit&#8220; column_padding_phone=&#8220;inherit&#8220; column_padding_position=&#8220;all&#8220; column_element_spacing=&#8220;default&#8220; background_color_opacity=&#8220;1&#8243; background_hover_color_opacity=&#8220;1&#8243; column_shadow=&#8220;none&#8220; column_border_radius=&#8220;none&#8220; column_link_target=&#8220;_self&#8220; gradient_direction=&#8220;left_to_right&#8220; overlay_strength=&#8220;0.3&#8243; width=&#8220;1\/6&#8243; tablet_width_inherit=&#8220;default&#8220; tablet_text_alignment=&#8220;default&#8220; phone_text_alignment=&#8220;default&#8220; bg_image_animation=&#8220;none&#8220; border_type=&#8220;simple&#8220; column_border_width=&#8220;none&#8220; column_border_style=&#8220;solid&#8220;][\/vc_column][\/vc_row]\n","protected":false},"excerpt":{"rendered":"<p>[vc_row type=&#8220;in_container&#8220; full_screen_row_position=&#8220;middle&#8220; column_margin=&#8220;default&#8220; column_direction=&#8220;default&#8220; column_direction_tablet=&#8220;default&#8220; column_direction_phone=&#8220;default&#8220; scene_position=&#8220;center&#8220; text_color=&#8220;dark&#8220; text_align=&#8220;left&#8220; row_border_radius=&#8220;none&#8220; row_border_radius_applies=&#8220;bg&#8220; overlay_strength=&#8220;0.3&#8243; gradient_direction=&#8220;left_to_right&#8220; shape_divider_position=&#8220;bottom&#8220; bg_image_animation=&#8220;none&#8220; shape_type=&#8220;&#8220;][vc_column column_padding=&#8220;no-extra-padding&#8220; column_padding_tablet=&#8220;inherit&#8220; column_padding_phone=&#8220;inherit&#8220; column_padding_position=&#8220;all&#8220; column_element_spacing=&#8220;default&#8220; background_color_opacity=&#8220;1&#8243; background_hover_color_opacity=&#8220;1&#8243; column_shadow=&#8220;none&#8220; column_border_radius=&#8220;none&#8220; column_link_target=&#8220;_self&#8220; gradient_direction=&#8220;left_to_right&#8220; overlay_strength=&#8220;0.3&#8243; width=&#8220;1\/6&#8243;&#8230;<\/p>\n","protected":false},"author":1,"featured_media":0,"parent":0,"menu_order":0,"comment_status":"closed","ping_status":"closed","template":"","meta":{"footnotes":""},"class_list":["post-854","page","type-page","status-publish"],"yoast_head":"<!-- This site is optimized with the Yoast SEO plugin v27.4 - https:\/\/yoast.com\/product\/yoast-seo-wordpress\/ -->\n<title>Allgemeine Lieferbedingungen - VRS RTK-Korrekturen - VRS NEXT<\/title>\n<meta name=\"description\" content=\"VRS NEXT richtet sich voll und ganz auf das Entwickeln, Betreiben und Warten eines Referenznetzwerks f\u00fcr die hochpr\u00e4zise Orts- und Positionsbestimmung auf der Grundlage der RTK GNSS-Technologie f\u00fcr professionelle Anwendungen, unter anderem f\u00fcr Landvermessung, Abstecken, 3D-Maschinensteuerung, Pr\u00e4zisionslandwirtschaft und Einsatz von Drohnen f\u00fcr Kartierung und Inspektionen.\" \/>\n<meta name=\"robots\" content=\"index, follow, max-snippet:-1, max-image-preview:large, max-video-preview:-1\" \/>\n<link rel=\"canonical\" href=\"https:\/\/www.vrsnext.com\/de\/lieferbedingungen\/\" \/>\n<meta property=\"og:locale\" content=\"de_DE\" \/>\n<meta property=\"og:type\" content=\"article\" \/>\n<meta property=\"og:title\" content=\"Allgemeine Lieferbedingungen - VRS RTK-Korrekturen - VRS NEXT\" \/>\n<meta property=\"og:description\" content=\"VRS NEXT richtet sich voll und ganz auf das Entwickeln, Betreiben und Warten eines Referenznetzwerks f\u00fcr die hochpr\u00e4zise Orts- und Positionsbestimmung auf der Grundlage der RTK GNSS-Technologie f\u00fcr professionelle Anwendungen, unter anderem f\u00fcr Landvermessung, Abstecken, 3D-Maschinensteuerung, Pr\u00e4zisionslandwirtschaft und Einsatz von Drohnen f\u00fcr Kartierung und Inspektionen.\" \/>\n<meta property=\"og:url\" content=\"https:\/\/www.vrsnext.com\/de\/lieferbedingungen\/\" \/>\n<meta property=\"og:site_name\" content=\"VRS NEXT\" \/>\n<meta property=\"article:modified_time\" content=\"2022-11-07T16:16:06+00:00\" \/>\n<meta name=\"twitter:card\" content=\"summary_large_image\" \/>\n<meta name=\"twitter:label1\" content=\"Gesch\u00e4tzte Lesezeit\" \/>\n\t<meta name=\"twitter:data1\" content=\"9\u00a0Minuten\" \/>\n<script type=\"application\/ld+json\" class=\"yoast-schema-graph\">{\"@context\":\"https:\\\/\\\/schema.org\",\"@graph\":[{\"@type\":\"WebPage\",\"@id\":\"https:\\\/\\\/www.vrsnext.com\\\/de\\\/lieferbedingungen\\\/\",\"url\":\"https:\\\/\\\/www.vrsnext.com\\\/de\\\/lieferbedingungen\\\/\",\"name\":\"Allgemeine Lieferbedingungen - VRS RTK-Korrekturen - VRS NEXT\",\"isPartOf\":{\"@id\":\"https:\\\/\\\/www.vrsnext.com\\\/de\\\/#website\"},\"datePublished\":\"2020-03-03T13:09:43+00:00\",\"dateModified\":\"2022-11-07T16:16:06+00:00\",\"description\":\"VRS NEXT richtet sich voll und ganz auf das Entwickeln, Betreiben und Warten eines Referenznetzwerks f\u00fcr die hochpr\u00e4zise Orts- und Positionsbestimmung auf der Grundlage der RTK GNSS-Technologie f\u00fcr professionelle Anwendungen, unter anderem f\u00fcr Landvermessung, Abstecken, 3D-Maschinensteuerung, Pr\u00e4zisionslandwirtschaft und Einsatz von Drohnen f\u00fcr Kartierung und Inspektionen.\",\"breadcrumb\":{\"@id\":\"https:\\\/\\\/www.vrsnext.com\\\/de\\\/lieferbedingungen\\\/#breadcrumb\"},\"inLanguage\":\"de\",\"potentialAction\":[{\"@type\":\"ReadAction\",\"target\":[\"https:\\\/\\\/www.vrsnext.com\\\/de\\\/lieferbedingungen\\\/\"]}]},{\"@type\":\"BreadcrumbList\",\"@id\":\"https:\\\/\\\/www.vrsnext.com\\\/de\\\/lieferbedingungen\\\/#breadcrumb\",\"itemListElement\":[{\"@type\":\"ListItem\",\"position\":1,\"name\":\"Home\",\"item\":\"https:\\\/\\\/www.vrsnext.com\\\/de\\\/\"},{\"@type\":\"ListItem\",\"position\":2,\"name\":\"Lieferbedingungen\"}]},{\"@type\":\"WebSite\",\"@id\":\"https:\\\/\\\/www.vrsnext.com\\\/de\\\/#website\",\"url\":\"https:\\\/\\\/www.vrsnext.com\\\/de\\\/\",\"name\":\"VRS NEXT\",\"description\":\"\",\"potentialAction\":[{\"@type\":\"SearchAction\",\"target\":{\"@type\":\"EntryPoint\",\"urlTemplate\":\"https:\\\/\\\/www.vrsnext.com\\\/de\\\/?s={search_term_string}\"},\"query-input\":{\"@type\":\"PropertyValueSpecification\",\"valueRequired\":true,\"valueName\":\"search_term_string\"}}],\"inLanguage\":\"de\"}]}<\/script>\n<!-- \/ Yoast SEO plugin. -->","yoast_head_json":{"title":"Allgemeine Lieferbedingungen - VRS RTK-Korrekturen - VRS NEXT","description":"VRS NEXT richtet sich voll und ganz auf das Entwickeln, Betreiben und Warten eines Referenznetzwerks f\u00fcr die hochpr\u00e4zise Orts- und Positionsbestimmung auf der Grundlage der RTK GNSS-Technologie f\u00fcr professionelle Anwendungen, unter anderem f\u00fcr Landvermessung, Abstecken, 3D-Maschinensteuerung, Pr\u00e4zisionslandwirtschaft und Einsatz von Drohnen f\u00fcr Kartierung und Inspektionen.","robots":{"index":"index","follow":"follow","max-snippet":"max-snippet:-1","max-image-preview":"max-image-preview:large","max-video-preview":"max-video-preview:-1"},"canonical":"https:\/\/www.vrsnext.com\/de\/lieferbedingungen\/","og_locale":"de_DE","og_type":"article","og_title":"Allgemeine Lieferbedingungen - VRS RTK-Korrekturen - VRS NEXT","og_description":"VRS NEXT richtet sich voll und ganz auf das Entwickeln, Betreiben und Warten eines Referenznetzwerks f\u00fcr die hochpr\u00e4zise Orts- und Positionsbestimmung auf der Grundlage der RTK GNSS-Technologie f\u00fcr professionelle Anwendungen, unter anderem f\u00fcr Landvermessung, Abstecken, 3D-Maschinensteuerung, Pr\u00e4zisionslandwirtschaft und Einsatz von Drohnen f\u00fcr Kartierung und Inspektionen.","og_url":"https:\/\/www.vrsnext.com\/de\/lieferbedingungen\/","og_site_name":"VRS NEXT","article_modified_time":"2022-11-07T16:16:06+00:00","twitter_card":"summary_large_image","twitter_misc":{"Gesch\u00e4tzte Lesezeit":"9\u00a0Minuten"},"schema":{"@context":"https:\/\/schema.org","@graph":[{"@type":"WebPage","@id":"https:\/\/www.vrsnext.com\/de\/lieferbedingungen\/","url":"https:\/\/www.vrsnext.com\/de\/lieferbedingungen\/","name":"Allgemeine Lieferbedingungen - VRS RTK-Korrekturen - VRS NEXT","isPartOf":{"@id":"https:\/\/www.vrsnext.com\/de\/#website"},"datePublished":"2020-03-03T13:09:43+00:00","dateModified":"2022-11-07T16:16:06+00:00","description":"VRS NEXT richtet sich voll und ganz auf das Entwickeln, Betreiben und Warten eines Referenznetzwerks f\u00fcr die hochpr\u00e4zise Orts- und Positionsbestimmung auf der Grundlage der RTK GNSS-Technologie f\u00fcr professionelle Anwendungen, unter anderem f\u00fcr Landvermessung, Abstecken, 3D-Maschinensteuerung, Pr\u00e4zisionslandwirtschaft und Einsatz von Drohnen f\u00fcr Kartierung und Inspektionen.","breadcrumb":{"@id":"https:\/\/www.vrsnext.com\/de\/lieferbedingungen\/#breadcrumb"},"inLanguage":"de","potentialAction":[{"@type":"ReadAction","target":["https:\/\/www.vrsnext.com\/de\/lieferbedingungen\/"]}]},{"@type":"BreadcrumbList","@id":"https:\/\/www.vrsnext.com\/de\/lieferbedingungen\/#breadcrumb","itemListElement":[{"@type":"ListItem","position":1,"name":"Home","item":"https:\/\/www.vrsnext.com\/de\/"},{"@type":"ListItem","position":2,"name":"Lieferbedingungen"}]},{"@type":"WebSite","@id":"https:\/\/www.vrsnext.com\/de\/#website","url":"https:\/\/www.vrsnext.com\/de\/","name":"VRS NEXT","description":"","potentialAction":[{"@type":"SearchAction","target":{"@type":"EntryPoint","urlTemplate":"https:\/\/www.vrsnext.com\/de\/?s={search_term_string}"},"query-input":{"@type":"PropertyValueSpecification","valueRequired":true,"valueName":"search_term_string"}}],"inLanguage":"de"}]}},"_links":{"self":[{"href":"https:\/\/www.vrsnext.com\/de\/wp-json\/wp\/v2\/pages\/854","targetHints":{"allow":["GET"]}}],"collection":[{"href":"https:\/\/www.vrsnext.com\/de\/wp-json\/wp\/v2\/pages"}],"about":[{"href":"https:\/\/www.vrsnext.com\/de\/wp-json\/wp\/v2\/types\/page"}],"author":[{"embeddable":true,"href":"https:\/\/www.vrsnext.com\/de\/wp-json\/wp\/v2\/users\/1"}],"replies":[{"embeddable":true,"href":"https:\/\/www.vrsnext.com\/de\/wp-json\/wp\/v2\/comments?post=854"}],"version-history":[{"count":1,"href":"https:\/\/www.vrsnext.com\/de\/wp-json\/wp\/v2\/pages\/854\/revisions"}],"predecessor-version":[{"id":855,"href":"https:\/\/www.vrsnext.com\/de\/wp-json\/wp\/v2\/pages\/854\/revisions\/855"}],"wp:attachment":[{"href":"https:\/\/www.vrsnext.com\/de\/wp-json\/wp\/v2\/media?parent=854"}],"curies":[{"name":"wp","href":"https:\/\/api.w.org\/{rel}","templated":true}]}}