{"id":884,"date":"2019-12-27T08:33:54","date_gmt":"2019-12-27T08:33:54","guid":{"rendered":"https:\/\/www.vrsnext.com\/anwendungen\/"},"modified":"2023-01-12T10:02:45","modified_gmt":"2023-01-12T10:02:45","slug":"anwendungen","status":"publish","type":"page","link":"https:\/\/www.vrsnext.com\/de\/anwendungen\/","title":{"rendered":"ANWENDUNGEN"},"content":{"rendered":"[vc_row type=&#8220;full_width_background&#8220; full_screen_row_position=&#8220;middle&#8220; column_margin=&#8220;default&#8220; scene_position=&#8220;center&#8220; text_color=&#8220;dark&#8220; text_align=&#8220;center&#8220; top_padding=&#8220;30&#8243; bottom_padding=&#8220;30&#8243; overlay_strength=&#8220;0.3&#8243; shape_divider_position=&#8220;bottom&#8220; bg_image_animation=&#8220;none&#8220; shape_type=&#8220;&#8220;][vc_column column_padding=&#8220;no-extra-padding&#8220; column_padding_position=&#8220;all&#8220; background_color_opacity=&#8220;1&#8243; background_hover_color_opacity=&#8220;1&#8243; column_link_target=&#8220;_self&#8220; column_shadow=&#8220;none&#8220; column_border_radius=&#8220;none&#8220; width=&#8220;1\/1&#8243; tablet_width_inherit=&#8220;default&#8220; tablet_text_alignment=&#8220;default&#8220; phone_text_alignment=&#8220;default&#8220; overlay_strength=&#8220;0.3&#8243; column_border_width=&#8220;none&#8220; column_border_style=&#8220;solid&#8220; bg_image_animation=&#8220;none&#8220;][vc_column_text]\n<h1 style=\"color: #1f1b3e; font-size: 32px; margin-top: 0px;\">ANWENDUNGEN<\/h1>\n<h2 style=\"color: #19bbe7; font-size: 18px; margin-bottom: 0px;\">VRS NEXT BRINGT SIE IMMER IN DIE BESTE POSITION<\/h2>\n[\/vc_column_text][\/vc_column][\/vc_row][vc_row type=&#8220;full_width_background&#8220; full_screen_row_position=&#8220;middle&#8220; equal_height=&#8220;yes&#8220; content_placement=&#8220;middle&#8220; column_margin=&#8220;default&#8220; scene_position=&#8220;center&#8220; text_color=&#8220;dark&#8220; text_align=&#8220;left&#8220; top_padding=&#8220;40&#8243; bottom_padding=&#8220;40&#8243; id=&#8220;SURVEY&#8220; overlay_strength=&#8220;0.3&#8243; shape_divider_position=&#8220;bottom&#8220; bg_image_animation=&#8220;none&#8220; shape_type=&#8220;&#8220;][vc_column column_padding=&#8220;padding-1-percent&#8220; column_padding_position=&#8220;all&#8220; background_color_opacity=&#8220;1&#8243; background_hover_color_opacity=&#8220;1&#8243; column_link_target=&#8220;_self&#8220; column_shadow=&#8220;none&#8220; column_border_radius=&#8220;none&#8220; width=&#8220;1\/2&#8243; tablet_width_inherit=&#8220;default&#8220; tablet_text_alignment=&#8220;default&#8220; phone_text_alignment=&#8220;default&#8220; overlay_strength=&#8220;0.3&#8243; column_border_width=&#8220;none&#8220; column_border_style=&#8220;solid&#8220; bg_image_animation=&#8220;none&#8220;][image_with_animation image_url=&#8220;9&#8243; alignment=&#8220;&#8220; animation=&#8220;None&#8220; hover_animation=&#8220;none&#8220; border_radius=&#8220;none&#8220; box_shadow=&#8220;none&#8220; image_loading=&#8220;default&#8220; max_width=&#8220;100%&#8220; max_width_mobile=&#8220;default&#8220;][\/vc_column][vc_column column_padding=&#8220;no-extra-padding&#8220; column_padding_position=&#8220;all&#8220; background_color_opacity=&#8220;1&#8243; background_hover_color_opacity=&#8220;1&#8243; column_link_target=&#8220;_self&#8220; column_shadow=&#8220;none&#8220; column_border_radius=&#8220;none&#8220; width=&#8220;1\/2&#8243; tablet_width_inherit=&#8220;default&#8220; tablet_text_alignment=&#8220;default&#8220; phone_text_alignment=&#8220;default&#8220; overlay_strength=&#8220;0.3&#8243; column_border_width=&#8220;none&#8220; column_border_style=&#8220;solid&#8220; bg_image_animation=&#8220;none&#8220;][vc_column_text]\n<h2 style=\"color: #19bbe7; font-size: 24px; margin-bottom: 0px;\">LANDVERMESSUNG<\/h2>\n<p>Mit dem RTK-Korrekturservice von VRS NEXT k\u00f6nnen Sie alle Arbeiten im Zusammenhang mit der Landvermessung effizienter ausf\u00fchren, mit un\u00fcbertroffen gro\u00dfer Genauigkeit. Vermessung, Abstecken, \u00dcberwachung und Vermessen von geod\u00e4tischen Referenzpunkten sind nur einige Beispiele f\u00fcr die vielen M\u00f6glichkeiten, die das Netzwerk bietet. Dank der Unterst\u00fctzung von GPS, GLONASS, GALILEO und BEIDOU k\u00f6nnen Sie Ihren RTK GNSS-Empf\u00e4nger optimal nutzen. Dank der Unterst\u00fctzung von GPS, GLONASS, GALILEO und BEIDOU k\u00f6nnen Sie Ihren RTK GNSS-Empf\u00e4nger optimal nutzen.[\/vc_column_text][nectar_btn size=&#8220;large&#8220; button_style=&#8220;regular-tilt&#8220; button_color=&#8220;Extra-Color-1&#8243; icon_family=&#8220;none&#8220; url=&#8220;\/de\/landvermessung\/&#8220; text=&#8220;ABONNEMENTS&#8220; margin_right=&#8220;5&#8243;][\/vc_column][\/vc_row][vc_row type=&#8220;full_width_background&#8220; full_screen_row_position=&#8220;middle&#8220; equal_height=&#8220;yes&#8220; content_placement=&#8220;middle&#8220; column_margin=&#8220;default&#8220; bg_color=&#8220;#efefef&#8220; scene_position=&#8220;center&#8220; text_color=&#8220;dark&#8220; text_align=&#8220;left&#8220; top_padding=&#8220;40&#8243; bottom_padding=&#8220;40&#8243; id=&#8220;3DMACHINEBESTURING&#8220; overlay_strength=&#8220;0.3&#8243; shape_divider_position=&#8220;bottom&#8220; bg_image_animation=&#8220;none&#8220; shape_type=&#8220;&#8220;][vc_column column_padding=&#8220;padding-1-percent&#8220; column_padding_position=&#8220;all&#8220; background_color_opacity=&#8220;1&#8243; background_hover_color_opacity=&#8220;1&#8243; column_link_target=&#8220;_self&#8220; column_shadow=&#8220;none&#8220; column_border_radius=&#8220;none&#8220; width=&#8220;1\/2&#8243; tablet_width_inherit=&#8220;default&#8220; tablet_text_alignment=&#8220;default&#8220; phone_text_alignment=&#8220;default&#8220; overlay_strength=&#8220;0.3&#8243; column_border_width=&#8220;none&#8220; column_border_style=&#8220;solid&#8220; bg_image_animation=&#8220;none&#8220;][image_with_animation image_url=&#8220;11&#8243; alignment=&#8220;&#8220; animation=&#8220;None&#8220; hover_animation=&#8220;none&#8220; border_radius=&#8220;none&#8220; box_shadow=&#8220;none&#8220; image_loading=&#8220;default&#8220; max_width=&#8220;100%&#8220; max_width_mobile=&#8220;default&#8220;][\/vc_column][vc_column column_padding=&#8220;no-extra-padding&#8220; column_padding_position=&#8220;all&#8220; background_color_opacity=&#8220;1&#8243; background_hover_color_opacity=&#8220;1&#8243; column_link_target=&#8220;_self&#8220; column_shadow=&#8220;none&#8220; column_border_radius=&#8220;none&#8220; width=&#8220;1\/2&#8243; tablet_width_inherit=&#8220;default&#8220; tablet_text_alignment=&#8220;default&#8220; phone_text_alignment=&#8220;default&#8220; overlay_strength=&#8220;0.3&#8243; column_border_width=&#8220;none&#8220; column_border_style=&#8220;solid&#8220; bg_image_animation=&#8220;none&#8220;][vc_column_text]\n<h2 style=\"color: #19bbe7; font-size: 24px; margin-bottom: 0px;\">MASCHINENSTEUERUNG<\/h2>\n<p>F\u00fcr den Einsatz der 3D-Maschinensteuerung in Sektoren wie dem Tiefbau (Erd-, Stra\u00dfen- und Wasserbau) liefert VRS NEXT die optimalsten Positionierungsl\u00f6sungen f\u00fcr GPS-Steuerung. Dabei spielt es keine Rolle, ob die Arbeiten aus dem Profilieren von B\u00f6schungen oder dem Rammen von Pf\u00e4hlen mithilfe von RTK GNSS bestehen: Mit unseren Korrekturdienstleistungen k\u00f6nnen Sie effizienter arbeiten und sich kontinuierlich auf das h\u00f6chste Serviceniveau und Zentimetergenauigkeit verlassen. Tag und Nacht, das ganze Jahr \u00fcber.[\/vc_column_text][nectar_btn size=&#8220;large&#8220; button_style=&#8220;regular-tilt&#8220; button_color=&#8220;Extra-Color-1&#8243; icon_family=&#8220;none&#8220; url=&#8220;\/de\/maschinensteuerung\/&#8220; text=&#8220;ABONNEMENTS&#8220; margin_right=&#8220;5&#8243;][\/vc_column][\/vc_row][vc_row type=&#8220;full_width_background&#8220; full_screen_row_position=&#8220;middle&#8220; equal_height=&#8220;yes&#8220; content_placement=&#8220;middle&#8220; column_margin=&#8220;default&#8220; scene_position=&#8220;center&#8220; text_color=&#8220;dark&#8220; text_align=&#8220;left&#8220; top_padding=&#8220;40&#8243; bottom_padding=&#8220;40&#8243; id=&#8220;PRECISIELANDBOUW&#8220; overlay_strength=&#8220;0.3&#8243; shape_divider_position=&#8220;bottom&#8220; bg_image_animation=&#8220;none&#8220; shape_type=&#8220;&#8220;][vc_column column_padding=&#8220;padding-1-percent&#8220; column_padding_position=&#8220;all&#8220; background_color_opacity=&#8220;1&#8243; background_hover_color_opacity=&#8220;1&#8243; column_link_target=&#8220;_self&#8220; column_shadow=&#8220;none&#8220; column_border_radius=&#8220;none&#8220; width=&#8220;1\/2&#8243; tablet_width_inherit=&#8220;default&#8220; tablet_text_alignment=&#8220;default&#8220; phone_text_alignment=&#8220;default&#8220; overlay_strength=&#8220;0.3&#8243; column_border_width=&#8220;none&#8220; column_border_style=&#8220;solid&#8220; bg_image_animation=&#8220;none&#8220;][image_with_animation image_url=&#8220;10&#8243; alignment=&#8220;&#8220; animation=&#8220;None&#8220; hover_animation=&#8220;none&#8220; border_radius=&#8220;none&#8220; box_shadow=&#8220;none&#8220; image_loading=&#8220;default&#8220; max_width=&#8220;100%&#8220; max_width_mobile=&#8220;default&#8220;][\/vc_column][vc_column column_padding=&#8220;no-extra-padding&#8220; column_padding_position=&#8220;all&#8220; background_color_opacity=&#8220;1&#8243; background_hover_color_opacity=&#8220;1&#8243; column_link_target=&#8220;_self&#8220; column_shadow=&#8220;none&#8220; column_border_radius=&#8220;none&#8220; width=&#8220;1\/2&#8243; tablet_width_inherit=&#8220;default&#8220; tablet_text_alignment=&#8220;default&#8220; phone_text_alignment=&#8220;default&#8220; overlay_strength=&#8220;0.3&#8243; column_border_width=&#8220;none&#8220; column_border_style=&#8220;solid&#8220; bg_image_animation=&#8220;none&#8220;][vc_column_text]\n<h2 style=\"color: #19bbe7; font-size: 24px; margin-bottom: 0px;\">PR\u00c4ZISIONSLANDWIRTSCHAFT<\/h2>\n<p>Unabh\u00e4ngig davon, was Sie anbauen oder bearbeiten, bei VRS NEXT finden Sie die optimalsten markenunabh\u00e4ngigen Positionierungsl\u00f6sungen f\u00fcr GPS-Steuerung und Pr\u00e4zisionslandwirtschaft mit einer Spur-zu-Spur-Genauigkeit von &lt; 2 Zentimetern. Dank der hochmodernen Infrastruktur und der Unterst\u00fctzung von GPS, GLONASS, GALILEO und BEIDOU k\u00f6nnen Sie Ihre Gew\u00e4chse 365 Tage im Jahr mit h\u00f6chster Genauigkeit s\u00e4en, pflegen und ernten.[\/vc_column_text][nectar_btn size=&#8220;large&#8220; button_style=&#8220;regular-tilt&#8220; button_color=&#8220;Extra-Color-1&#8243; icon_family=&#8220;none&#8220; url=&#8220;\/de\/praezisionslandwirtschaft\/&#8220; text=&#8220;ABONNEMENTS&#8220; margin_right=&#8220;5&#8243;][\/vc_column][\/vc_row][vc_row type=&#8220;full_width_background&#8220; full_screen_row_position=&#8220;middle&#8220; equal_height=&#8220;yes&#8220; content_placement=&#8220;middle&#8220; column_margin=&#8220;default&#8220; bg_color=&#8220;#efefef&#8220; scene_position=&#8220;center&#8220; text_color=&#8220;dark&#8220; text_align=&#8220;left&#8220; top_padding=&#8220;40&#8243; bottom_padding=&#8220;40&#8243; id=&#8220;DRONES&#8220; overlay_strength=&#8220;0.3&#8243; shape_divider_position=&#8220;bottom&#8220; bg_image_animation=&#8220;none&#8220; shape_type=&#8220;&#8220;][vc_column column_padding=&#8220;padding-1-percent&#8220; column_padding_position=&#8220;all&#8220; background_color_opacity=&#8220;1&#8243; background_hover_color_opacity=&#8220;1&#8243; column_link_target=&#8220;_self&#8220; column_shadow=&#8220;none&#8220; column_border_radius=&#8220;none&#8220; width=&#8220;1\/2&#8243; tablet_width_inherit=&#8220;default&#8220; tablet_text_alignment=&#8220;default&#8220; phone_text_alignment=&#8220;default&#8220; overlay_strength=&#8220;0.3&#8243; column_border_width=&#8220;none&#8220; column_border_style=&#8220;solid&#8220; bg_image_animation=&#8220;none&#8220;][image_with_animation image_url=&#8220;8&#8243; alignment=&#8220;&#8220; animation=&#8220;None&#8220; hover_animation=&#8220;none&#8220; border_radius=&#8220;none&#8220; box_shadow=&#8220;none&#8220; image_loading=&#8220;default&#8220; max_width=&#8220;100%&#8220; max_width_mobile=&#8220;default&#8220;][\/vc_column][vc_column column_padding=&#8220;no-extra-padding&#8220; column_padding_position=&#8220;all&#8220; background_color_opacity=&#8220;1&#8243; background_hover_color_opacity=&#8220;1&#8243; column_link_target=&#8220;_self&#8220; column_shadow=&#8220;none&#8220; column_border_radius=&#8220;none&#8220; width=&#8220;1\/2&#8243; tablet_width_inherit=&#8220;default&#8220; tablet_text_alignment=&#8220;default&#8220; phone_text_alignment=&#8220;default&#8220; overlay_strength=&#8220;0.3&#8243; column_border_width=&#8220;none&#8220; column_border_style=&#8220;solid&#8220; bg_image_animation=&#8220;none&#8220;][vc_column_text]\n<h2 style=\"color: #19bbe7; font-size: 24px; margin-bottom: 0px;\">DROHNENKARTIERUNG<\/h2>\n<p>Mit dem VRS NEXT-Netzwerk k\u00f6nnen sich Drohnen-Operatoren bei 3D-Kartierung, Inspektionen, \u00dcberwachung und Landwirtschaftsanwendungen auf h\u00f6chste Genauigkeit und optimale Verf\u00fcgbarkeit verlassen. Verbessern Sie die Kamerapositionen Ihrer RTK-Drohne in Echtzeit, messen Sie GCPs (Ground Control Points) mit Ihrem RTK GNSS-Rover mit Zentimetergenauigkeit oder nutzen Sie RINEX-Daten, wenn Ihre Drohne mit einem PPK-Modul ausgestattet ist.[\/vc_column_text][nectar_btn size=&#8220;large&#8220; button_style=&#8220;regular-tilt&#8220; button_color=&#8220;Extra-Color-1&#8243; icon_family=&#8220;none&#8220; url=&#8220;\/de\/drohnenkartierung\/&#8220; text=&#8220;ABONNEMENTS&#8220; margin_right=&#8220;5&#8243;][\/vc_column][\/vc_row]\n","protected":false},"excerpt":{"rendered":"<p>[vc_row type=&#8220;full_width_background&#8220; full_screen_row_position=&#8220;middle&#8220; column_margin=&#8220;default&#8220; scene_position=&#8220;center&#8220; text_color=&#8220;dark&#8220; text_align=&#8220;center&#8220; top_padding=&#8220;30&#8243; bottom_padding=&#8220;30&#8243; overlay_strength=&#8220;0.3&#8243; shape_divider_position=&#8220;bottom&#8220; bg_image_animation=&#8220;none&#8220; shape_type=&#8220;&#8220;][vc_column column_padding=&#8220;no-extra-padding&#8220; column_padding_position=&#8220;all&#8220; background_color_opacity=&#8220;1&#8243; background_hover_color_opacity=&#8220;1&#8243; column_link_target=&#8220;_self&#8220; column_shadow=&#8220;none&#8220; column_border_radius=&#8220;none&#8220; width=&#8220;1\/1&#8243; tablet_width_inherit=&#8220;default&#8220; tablet_text_alignment=&#8220;default&#8220; phone_text_alignment=&#8220;default&#8220; overlay_strength=&#8220;0.3&#8243; column_border_width=&#8220;none&#8220; column_border_style=&#8220;solid&#8220; bg_image_animation=&#8220;none&#8220;][vc_column_text] ANWENDUNGEN VRS&#8230;<\/p>\n","protected":false},"author":1,"featured_media":0,"parent":0,"menu_order":0,"comment_status":"closed","ping_status":"closed","template":"","meta":{"footnotes":""},"class_list":["post-884","page","type-page","status-publish"],"yoast_head":"<!-- This site is optimized with the Yoast SEO plugin v27.4 - https:\/\/yoast.com\/product\/yoast-seo-wordpress\/ -->\n<title>Netzwerk RTK f\u00fcr professionelle Anwendungen - VRS NEXT<\/title>\n<meta name=\"description\" content=\"Das VRS NEXT RTK GNSS-Netzwerk kann f\u00fcr ganz unterschiedliche Anwendungen eingesetzt werden, unter anderem f\u00fcr Landvermessung, 3D-Maschinensteuerung, Pr\u00e4zisionslandwirtschaft und Drohnenkartierung.\" \/>\n<meta name=\"robots\" content=\"index, follow, max-snippet:-1, max-image-preview:large, max-video-preview:-1\" \/>\n<link rel=\"canonical\" href=\"https:\/\/www.vrsnext.com\/de\/anwendungen\/\" \/>\n<meta property=\"og:locale\" content=\"de_DE\" \/>\n<meta property=\"og:type\" content=\"article\" \/>\n<meta property=\"og:title\" content=\"Netzwerk RTK f\u00fcr professionelle Anwendungen - VRS NEXT\" \/>\n<meta property=\"og:description\" content=\"Das VRS NEXT RTK GNSS-Netzwerk kann f\u00fcr ganz unterschiedliche Anwendungen eingesetzt werden, unter anderem f\u00fcr Landvermessung, 3D-Maschinensteuerung, Pr\u00e4zisionslandwirtschaft und Drohnenkartierung.\" \/>\n<meta property=\"og:url\" content=\"https:\/\/www.vrsnext.com\/de\/anwendungen\/\" \/>\n<meta property=\"og:site_name\" content=\"VRS NEXT\" \/>\n<meta property=\"article:modified_time\" content=\"2023-01-12T10:02:45+00:00\" \/>\n<meta name=\"twitter:card\" content=\"summary_large_image\" \/>\n<meta name=\"twitter:label1\" content=\"Gesch\u00e4tzte Lesezeit\" \/>\n\t<meta name=\"twitter:data1\" content=\"4\u00a0Minuten\" \/>\n<script type=\"application\/ld+json\" class=\"yoast-schema-graph\">{\"@context\":\"https:\\\/\\\/schema.org\",\"@graph\":[{\"@type\":\"WebPage\",\"@id\":\"https:\\\/\\\/www.vrsnext.com\\\/de\\\/anwendungen\\\/\",\"url\":\"https:\\\/\\\/www.vrsnext.com\\\/de\\\/anwendungen\\\/\",\"name\":\"Netzwerk RTK f\u00fcr professionelle Anwendungen - VRS NEXT\",\"isPartOf\":{\"@id\":\"https:\\\/\\\/www.vrsnext.com\\\/de\\\/#website\"},\"datePublished\":\"2019-12-27T08:33:54+00:00\",\"dateModified\":\"2023-01-12T10:02:45+00:00\",\"description\":\"Das VRS NEXT RTK GNSS-Netzwerk kann f\u00fcr ganz unterschiedliche Anwendungen eingesetzt werden, unter anderem f\u00fcr Landvermessung, 3D-Maschinensteuerung, Pr\u00e4zisionslandwirtschaft und Drohnenkartierung.\",\"breadcrumb\":{\"@id\":\"https:\\\/\\\/www.vrsnext.com\\\/de\\\/anwendungen\\\/#breadcrumb\"},\"inLanguage\":\"de\",\"potentialAction\":[{\"@type\":\"ReadAction\",\"target\":[\"https:\\\/\\\/www.vrsnext.com\\\/de\\\/anwendungen\\\/\"]}]},{\"@type\":\"BreadcrumbList\",\"@id\":\"https:\\\/\\\/www.vrsnext.com\\\/de\\\/anwendungen\\\/#breadcrumb\",\"itemListElement\":[{\"@type\":\"ListItem\",\"position\":1,\"name\":\"Home\",\"item\":\"https:\\\/\\\/www.vrsnext.com\\\/de\\\/\"},{\"@type\":\"ListItem\",\"position\":2,\"name\":\"ANWENDUNGEN\"}]},{\"@type\":\"WebSite\",\"@id\":\"https:\\\/\\\/www.vrsnext.com\\\/de\\\/#website\",\"url\":\"https:\\\/\\\/www.vrsnext.com\\\/de\\\/\",\"name\":\"VRS NEXT\",\"description\":\"\",\"potentialAction\":[{\"@type\":\"SearchAction\",\"target\":{\"@type\":\"EntryPoint\",\"urlTemplate\":\"https:\\\/\\\/www.vrsnext.com\\\/de\\\/?s={search_term_string}\"},\"query-input\":{\"@type\":\"PropertyValueSpecification\",\"valueRequired\":true,\"valueName\":\"search_term_string\"}}],\"inLanguage\":\"de\"}]}<\/script>\n<!-- \/ Yoast SEO plugin. -->","yoast_head_json":{"title":"Netzwerk RTK f\u00fcr professionelle Anwendungen - VRS NEXT","description":"Das VRS NEXT RTK GNSS-Netzwerk kann f\u00fcr ganz unterschiedliche Anwendungen eingesetzt werden, unter anderem f\u00fcr Landvermessung, 3D-Maschinensteuerung, Pr\u00e4zisionslandwirtschaft und Drohnenkartierung.","robots":{"index":"index","follow":"follow","max-snippet":"max-snippet:-1","max-image-preview":"max-image-preview:large","max-video-preview":"max-video-preview:-1"},"canonical":"https:\/\/www.vrsnext.com\/de\/anwendungen\/","og_locale":"de_DE","og_type":"article","og_title":"Netzwerk RTK f\u00fcr professionelle Anwendungen - VRS NEXT","og_description":"Das VRS NEXT RTK GNSS-Netzwerk kann f\u00fcr ganz unterschiedliche Anwendungen eingesetzt werden, unter anderem f\u00fcr Landvermessung, 3D-Maschinensteuerung, Pr\u00e4zisionslandwirtschaft und Drohnenkartierung.","og_url":"https:\/\/www.vrsnext.com\/de\/anwendungen\/","og_site_name":"VRS NEXT","article_modified_time":"2023-01-12T10:02:45+00:00","twitter_card":"summary_large_image","twitter_misc":{"Gesch\u00e4tzte Lesezeit":"4\u00a0Minuten"},"schema":{"@context":"https:\/\/schema.org","@graph":[{"@type":"WebPage","@id":"https:\/\/www.vrsnext.com\/de\/anwendungen\/","url":"https:\/\/www.vrsnext.com\/de\/anwendungen\/","name":"Netzwerk RTK f\u00fcr professionelle Anwendungen - VRS NEXT","isPartOf":{"@id":"https:\/\/www.vrsnext.com\/de\/#website"},"datePublished":"2019-12-27T08:33:54+00:00","dateModified":"2023-01-12T10:02:45+00:00","description":"Das VRS NEXT RTK GNSS-Netzwerk kann f\u00fcr ganz unterschiedliche Anwendungen eingesetzt werden, unter anderem f\u00fcr Landvermessung, 3D-Maschinensteuerung, Pr\u00e4zisionslandwirtschaft und Drohnenkartierung.","breadcrumb":{"@id":"https:\/\/www.vrsnext.com\/de\/anwendungen\/#breadcrumb"},"inLanguage":"de","potentialAction":[{"@type":"ReadAction","target":["https:\/\/www.vrsnext.com\/de\/anwendungen\/"]}]},{"@type":"BreadcrumbList","@id":"https:\/\/www.vrsnext.com\/de\/anwendungen\/#breadcrumb","itemListElement":[{"@type":"ListItem","position":1,"name":"Home","item":"https:\/\/www.vrsnext.com\/de\/"},{"@type":"ListItem","position":2,"name":"ANWENDUNGEN"}]},{"@type":"WebSite","@id":"https:\/\/www.vrsnext.com\/de\/#website","url":"https:\/\/www.vrsnext.com\/de\/","name":"VRS NEXT","description":"","potentialAction":[{"@type":"SearchAction","target":{"@type":"EntryPoint","urlTemplate":"https:\/\/www.vrsnext.com\/de\/?s={search_term_string}"},"query-input":{"@type":"PropertyValueSpecification","valueRequired":true,"valueName":"search_term_string"}}],"inLanguage":"de"}]}},"_links":{"self":[{"href":"https:\/\/www.vrsnext.com\/de\/wp-json\/wp\/v2\/pages\/884","targetHints":{"allow":["GET"]}}],"collection":[{"href":"https:\/\/www.vrsnext.com\/de\/wp-json\/wp\/v2\/pages"}],"about":[{"href":"https:\/\/www.vrsnext.com\/de\/wp-json\/wp\/v2\/types\/page"}],"author":[{"embeddable":true,"href":"https:\/\/www.vrsnext.com\/de\/wp-json\/wp\/v2\/users\/1"}],"replies":[{"embeddable":true,"href":"https:\/\/www.vrsnext.com\/de\/wp-json\/wp\/v2\/comments?post=884"}],"version-history":[{"count":5,"href":"https:\/\/www.vrsnext.com\/de\/wp-json\/wp\/v2\/pages\/884\/revisions"}],"predecessor-version":[{"id":1328,"href":"https:\/\/www.vrsnext.com\/de\/wp-json\/wp\/v2\/pages\/884\/revisions\/1328"}],"wp:attachment":[{"href":"https:\/\/www.vrsnext.com\/de\/wp-json\/wp\/v2\/media?parent=884"}],"curies":[{"name":"wp","href":"https:\/\/api.w.org\/{rel}","templated":true}]}}