{"id":915,"date":"2020-01-09T10:04:54","date_gmt":"2020-01-09T10:04:54","guid":{"rendered":"https:\/\/www.vrsnext.com\/maschinensteuerung\/"},"modified":"2023-04-22T11:23:44","modified_gmt":"2023-04-22T11:23:44","slug":"maschinensteuerung","status":"publish","type":"page","link":"https:\/\/www.vrsnext.com\/de\/maschinensteuerung\/","title":{"rendered":"MASCHINENSTEUERUNG"},"content":{"rendered":"[vc_row type=&#8220;in_container&#8220; full_screen_row_position=&#8220;middle&#8220; column_margin=&#8220;default&#8220; column_direction=&#8220;default&#8220; column_direction_tablet=&#8220;default&#8220; column_direction_phone=&#8220;default&#8220; scene_position=&#8220;center&#8220; top_padding=&#8220;30&#8243; bottom_padding=&#8220;30&#8243; text_color=&#8220;dark&#8220; text_align=&#8220;center&#8220; row_border_radius=&#8220;none&#8220; row_border_radius_applies=&#8220;bg&#8220; overlay_strength=&#8220;0.3&#8243; gradient_direction=&#8220;left_to_right&#8220; shape_divider_position=&#8220;bottom&#8220; bg_image_animation=&#8220;none&#8220; shape_type=&#8220;&#8220;][vc_column column_padding=&#8220;no-extra-padding&#8220; column_padding_tablet=&#8220;inherit&#8220; column_padding_phone=&#8220;inherit&#8220; column_padding_position=&#8220;all&#8220; column_element_spacing=&#8220;default&#8220; background_color_opacity=&#8220;1&#8243; background_hover_color_opacity=&#8220;1&#8243; column_shadow=&#8220;none&#8220; column_border_radius=&#8220;none&#8220; column_link_target=&#8220;_self&#8220; gradient_direction=&#8220;left_to_right&#8220; overlay_strength=&#8220;0.3&#8243; width=&#8220;1\/1&#8243; tablet_width_inherit=&#8220;default&#8220; tablet_text_alignment=&#8220;default&#8220; phone_text_alignment=&#8220;default&#8220; bg_image_animation=&#8220;none&#8220; border_type=&#8220;simple&#8220; column_border_width=&#8220;none&#8220; column_border_style=&#8220;solid&#8220;][vc_column_text]\n<h1 style=\"color: #1f1b3e; font-size: 32px; margin-top: 0px;\">RTK-KORREKTUREN F\u00dcR 3D-MASCHINENSTEUERUNG<\/h1>\n<h2 style=\"color: #19bbe7; font-size: 18px; margin-bottom: 0px;\">VERTRAUEN SIE RUND UM DIE UHR AUF H\u00d6CHSTES SERVICENIVEAU UND OPTIMALE GENAUIGKEIT<\/h2>\n[\/vc_column_text][vc_column_text]VRS NEXT bietet Tiefbauunternehmern (im Bereich Erd-, Stra\u00dfen- und Wasserbau) den direkten Zugang zu Real-Time-Kinematik-Korrekturen (RTK) mithilfe eines Netzwerks mit permanenten (festen), kontinuierlich arbeitenden GNSS-Referenzstationen. Dank der komplett redundanten Infrastruktur des Netzwerks k\u00f6nnen sich Bauunternehmer jederzeit auf maximale Konnektivit\u00e4t, Konsistenz und Qualit\u00e4t verlassen. Sie ben\u00f6tigen keine eigenen Basisstationen mehr, um die Genauigkeit Ihrer Maschinen zu verbessern. Durch die Nutzung des VRS NEXT-Netzwerks haben Maschinisten volle Kontrolle \u00fcber die Position ihrer Ger\u00e4te.[\/vc_column_text][\/vc_column][\/vc_row][vc_row type=&#8220;full_width_background&#8220; full_screen_row_position=&#8220;middle&#8220; column_margin=&#8220;default&#8220; column_direction=&#8220;default&#8220; column_direction_tablet=&#8220;default&#8220; column_direction_phone=&#8220;default&#8220; scene_position=&#8220;center&#8220; top_padding=&#8220;30&#8243; bottom_padding=&#8220;60&#8243; text_color=&#8220;dark&#8220; text_align=&#8220;left&#8220; row_border_radius=&#8220;none&#8220; row_border_radius_applies=&#8220;bg&#8220; overlay_strength=&#8220;0.3&#8243; gradient_direction=&#8220;left_to_right&#8220; shape_divider_position=&#8220;bottom&#8220; bg_image_animation=&#8220;none&#8220; shape_type=&#8220;&#8220;][vc_column column_padding=&#8220;padding-1-percent&#8220; column_padding_tablet=&#8220;inherit&#8220; column_padding_phone=&#8220;inherit&#8220; column_padding_position=&#8220;all&#8220; column_element_spacing=&#8220;default&#8220; background_color_opacity=&#8220;1&#8243; background_hover_color_opacity=&#8220;1&#8243; column_shadow=&#8220;none&#8220; column_border_radius=&#8220;none&#8220; column_link_target=&#8220;_self&#8220; gradient_direction=&#8220;left_to_right&#8220; overlay_strength=&#8220;0.3&#8243; width=&#8220;1\/1&#8243; tablet_width_inherit=&#8220;default&#8220; tablet_text_alignment=&#8220;default&#8220; phone_text_alignment=&#8220;default&#8220; bg_image_animation=&#8220;none&#8220; border_type=&#8220;simple&#8220; column_border_width=&#8220;none&#8220; column_border_style=&#8220;solid&#8220;][pricing_table style=&#8220;default&#8220; columns=&#8220;3&#8243;][pricing_column color=&#8220;Accent-Color&#8220; price=&#8220;35,-&#8220; interval=&#8220;pro Monat, zzgl. MwSt.&#8220; id=&#8220;1578744917493-0&#8243; currency_symbol=&#8220;\u20ac&#8220; title=&#8220;mcsRTK Service&#8220; tab_id=&#8220;1578744917494-4&#8243;][vc_column_text]\n<ul class=\"features\">\n<li><i class=\"icon-tiny fa fa-check extra-color-1\"><\/i> Hohe Genauigkeit: &lt; 1 cm<\/li>\n<li><i class=\"icon-tiny fa fa-check extra-color-1\"><\/i> GPS, GLONASS, Galileo und BeiDou<\/li>\n<li><i class=\"icon-tiny fa fa-check extra-color-1\"><\/i> Abdeckungsgebiet Belgien, Niederlande und Luxemburg<\/li>\n<li><i class=\"icon-tiny fa fa-check extra-color-1\"><\/i> Unterst\u00fctzung durch Helpdesk enthalten<\/li>\n<li><i class=\"icon-tiny fa fa-check extra-color-1\"><\/i> Abonnement monatlich k\u00fcndbar<\/li>\n<\/ul>\n<a class=\"nectar-button n-sc-button large see-through has-icon\"  href=\"\/de\/mcs-rtk-service-monat\/\" data-color-override=\"#1f1b3e\" data-hover-color-override=\"false\" data-hover-text-color-override=\"#fff\"><span>Bestellen<\/span><i class=\"icon-button-arrow\"><\/i><\/a>[\/vc_column_text][\/pricing_column][pricing_column color=&#8220;Extra-Color-2&#8243; price=&#8220;350,-&#8220; currency_symbol=&#8220;\u20ac&#8220; interval=&#8220;pro Jahr, zzgl. MwSt.&#8220; id=&#8220;1578744917551-2&#8243; title=&#8220;mcsRTK Service&#8220; tab_id=&#8220;1578744917552-2&#8243;][vc_column_text]\n<ul class=\"features\">\n<li><i class=\"icon-tiny fa fa-check extra-color-1\"><\/i> Hohe Genauigkeit: &lt; 1 cm<\/li>\n<li><i class=\"icon-tiny fa fa-check extra-color-1\"><\/i> GPS, GLONASS, Galileo und BeiDou<\/li>\n<li><i class=\"icon-tiny fa fa-check extra-color-1\"><\/i> Abdeckungsgebiet Belgien, Niederlande und Luxemburg<\/li>\n<li><i class=\"icon-tiny fa fa-check extra-color-1\"><\/i> Unterst\u00fctzung durch Helpdesk enthalten<\/li>\n<li><i class=\"icon-tiny fa fa-check extra-color-1\"><\/i> Kostenlose Nutzung des RINEX-Service<\/li>\n<\/ul>\n<a class=\"nectar-button n-sc-button large see-through has-icon\"  href=\"\/de\/mcs-rtk-service-jahr\/\" data-color-override=\"#1f1b3e\" data-hover-color-override=\"false\" data-hover-text-color-override=\"#fff\"><span>Bestellen<\/span><i class=\"icon-button-arrow\"><\/i><\/a>[\/vc_column_text][\/pricing_column][pricing_column highlight=&#8220;true&#8220; color=&#8220;Accent-Color&#8220; highlight_reason=&#8220;Meist gew\u00e4hlt&#8220; price=&#8220;475,-&#8220; currency_symbol=&#8220;\u20ac&#8220; id=&#8220;1578744917587-4&#8243; interval=&#8220;pro Jahr, zzgl. MwSt.&#8220; title=&#8220;mcsRTK Service, inkl. SIM&#8220; tab_id=&#8220;1578744917587-7&#8243;][vc_column_text]\n<ul class=\"features\">\n<li><i class=\"icon-tiny fa fa-check extra-color-1\"><\/i> Hohe Genauigkeit: &lt; 1 cm<\/li>\n<li><i class=\"icon-tiny fa fa-check extra-color-1\"><\/i> GPS, GLONASS, Galileo und BeiDou<\/li>\n<li><i class=\"icon-tiny fa fa-check extra-color-1\"><\/i> Abdeckungsgebiet Belgien, Niederlande und Luxemburg<\/li>\n<li><i class=\"icon-tiny fa fa-check extra-color-1\"><\/i> Unterst\u00fctzung durch Helpdesk enthalten<\/li>\n<li><i class=\"icon-tiny fa fa-check extra-color-1\"><\/i> Kostenlose Nutzung des RINEX-Service<\/li>\n<li><i class=\"icon-tiny fa fa-check extra-color-1\"><\/i> Inklusive spezieller SIM-Karte f\u00fcr NTRIP Daten<\/li>\n<\/ul>\n<a class=\"nectar-button n-sc-button large accent-color has-icon regular-button\"  href=\"\/de\/mcs-rtk-service-sim\/\" data-color-override=\"false\" data-hover-color-override=\"false\" data-hover-text-color-override=\"#fff\"><span>Bestellen<\/span><i class=\"icon-button-arrow\"><\/i><\/a>[\/vc_column_text][\/pricing_column][\/pricing_table][\/vc_column][\/vc_row]\n","protected":false},"excerpt":{"rendered":"<p>[vc_row type=&#8220;in_container&#8220; full_screen_row_position=&#8220;middle&#8220; column_margin=&#8220;default&#8220; column_direction=&#8220;default&#8220; column_direction_tablet=&#8220;default&#8220; column_direction_phone=&#8220;default&#8220; scene_position=&#8220;center&#8220; top_padding=&#8220;30&#8243; bottom_padding=&#8220;30&#8243; text_color=&#8220;dark&#8220; text_align=&#8220;center&#8220; row_border_radius=&#8220;none&#8220; row_border_radius_applies=&#8220;bg&#8220; overlay_strength=&#8220;0.3&#8243; gradient_direction=&#8220;left_to_right&#8220; shape_divider_position=&#8220;bottom&#8220; bg_image_animation=&#8220;none&#8220; shape_type=&#8220;&#8220;][vc_column column_padding=&#8220;no-extra-padding&#8220; column_padding_tablet=&#8220;inherit&#8220; column_padding_phone=&#8220;inherit&#8220; column_padding_position=&#8220;all&#8220; column_element_spacing=&#8220;default&#8220; background_color_opacity=&#8220;1&#8243; background_hover_color_opacity=&#8220;1&#8243; column_shadow=&#8220;none&#8220; column_border_radius=&#8220;none&#8220; column_link_target=&#8220;_self&#8220; gradient_direction=&#8220;left_to_right&#8220;&#8230;<\/p>\n","protected":false},"author":1,"featured_media":0,"parent":0,"menu_order":0,"comment_status":"closed","ping_status":"closed","template":"","meta":{"footnotes":""},"class_list":["post-915","page","type-page","status-publish"],"yoast_head":"<!-- This site is optimized with the Yoast SEO plugin v27.5 - https:\/\/yoast.com\/product\/yoast-seo-wordpress\/ -->\n<title>RTK-Korrekturen f\u00fcr 3D-Maschinensteuerung - VRS NEXT<\/title>\n<meta name=\"description\" content=\"Mithilfe des VRS NEXT RTK-Korrekturdienstes f\u00fcr 3D-Maschinensteuerung k\u00f6nnen Sie sich 365 Tage im Jahr auf das h\u00f6chste Serviceniveau und optimale Genauigkeit verlassen\" \/>\n<meta name=\"robots\" content=\"index, follow, max-snippet:-1, max-image-preview:large, max-video-preview:-1\" \/>\n<link rel=\"canonical\" href=\"https:\/\/www.vrsnext.com\/de\/maschinensteuerung\/\" \/>\n<meta property=\"og:locale\" content=\"de_DE\" \/>\n<meta property=\"og:type\" content=\"article\" \/>\n<meta property=\"og:title\" content=\"RTK-Korrekturen f\u00fcr 3D-Maschinensteuerung - VRS NEXT\" \/>\n<meta property=\"og:description\" content=\"Mithilfe des VRS NEXT RTK-Korrekturdienstes f\u00fcr 3D-Maschinensteuerung k\u00f6nnen Sie sich 365 Tage im Jahr auf das h\u00f6chste Serviceniveau und optimale Genauigkeit verlassen\" \/>\n<meta property=\"og:url\" content=\"https:\/\/www.vrsnext.com\/de\/maschinensteuerung\/\" \/>\n<meta property=\"og:site_name\" content=\"VRS NEXT\" \/>\n<meta property=\"article:modified_time\" content=\"2023-04-22T11:23:44+00:00\" \/>\n<meta name=\"twitter:card\" content=\"summary_large_image\" \/>\n<meta name=\"twitter:label1\" content=\"Gesch\u00e4tzte Lesezeit\" \/>\n\t<meta name=\"twitter:data1\" content=\"4\u00a0Minuten\" \/>\n<script type=\"application\/ld+json\" class=\"yoast-schema-graph\">{\"@context\":\"https:\\\/\\\/schema.org\",\"@graph\":[{\"@type\":\"WebPage\",\"@id\":\"https:\\\/\\\/www.vrsnext.com\\\/de\\\/maschinensteuerung\\\/\",\"url\":\"https:\\\/\\\/www.vrsnext.com\\\/de\\\/maschinensteuerung\\\/\",\"name\":\"RTK-Korrekturen f\u00fcr 3D-Maschinensteuerung - VRS NEXT\",\"isPartOf\":{\"@id\":\"https:\\\/\\\/www.vrsnext.com\\\/de\\\/#website\"},\"datePublished\":\"2020-01-09T10:04:54+00:00\",\"dateModified\":\"2023-04-22T11:23:44+00:00\",\"description\":\"Mithilfe des VRS NEXT RTK-Korrekturdienstes f\u00fcr 3D-Maschinensteuerung k\u00f6nnen Sie sich 365 Tage im Jahr auf das h\u00f6chste Serviceniveau und optimale Genauigkeit verlassen\",\"breadcrumb\":{\"@id\":\"https:\\\/\\\/www.vrsnext.com\\\/de\\\/maschinensteuerung\\\/#breadcrumb\"},\"inLanguage\":\"de\",\"potentialAction\":[{\"@type\":\"ReadAction\",\"target\":[\"https:\\\/\\\/www.vrsnext.com\\\/de\\\/maschinensteuerung\\\/\"]}]},{\"@type\":\"BreadcrumbList\",\"@id\":\"https:\\\/\\\/www.vrsnext.com\\\/de\\\/maschinensteuerung\\\/#breadcrumb\",\"itemListElement\":[{\"@type\":\"ListItem\",\"position\":1,\"name\":\"Home\",\"item\":\"https:\\\/\\\/www.vrsnext.com\\\/de\\\/\"},{\"@type\":\"ListItem\",\"position\":2,\"name\":\"MASCHINENSTEUERUNG\"}]},{\"@type\":\"WebSite\",\"@id\":\"https:\\\/\\\/www.vrsnext.com\\\/de\\\/#website\",\"url\":\"https:\\\/\\\/www.vrsnext.com\\\/de\\\/\",\"name\":\"VRS NEXT\",\"description\":\"\",\"potentialAction\":[{\"@type\":\"SearchAction\",\"target\":{\"@type\":\"EntryPoint\",\"urlTemplate\":\"https:\\\/\\\/www.vrsnext.com\\\/de\\\/?s={search_term_string}\"},\"query-input\":{\"@type\":\"PropertyValueSpecification\",\"valueRequired\":true,\"valueName\":\"search_term_string\"}}],\"inLanguage\":\"de\"}]}<\/script>\n<!-- \/ Yoast SEO plugin. -->","yoast_head_json":{"title":"RTK-Korrekturen f\u00fcr 3D-Maschinensteuerung - VRS NEXT","description":"Mithilfe des VRS NEXT RTK-Korrekturdienstes f\u00fcr 3D-Maschinensteuerung k\u00f6nnen Sie sich 365 Tage im Jahr auf das h\u00f6chste Serviceniveau und optimale Genauigkeit verlassen","robots":{"index":"index","follow":"follow","max-snippet":"max-snippet:-1","max-image-preview":"max-image-preview:large","max-video-preview":"max-video-preview:-1"},"canonical":"https:\/\/www.vrsnext.com\/de\/maschinensteuerung\/","og_locale":"de_DE","og_type":"article","og_title":"RTK-Korrekturen f\u00fcr 3D-Maschinensteuerung - VRS NEXT","og_description":"Mithilfe des VRS NEXT RTK-Korrekturdienstes f\u00fcr 3D-Maschinensteuerung k\u00f6nnen Sie sich 365 Tage im Jahr auf das h\u00f6chste Serviceniveau und optimale Genauigkeit verlassen","og_url":"https:\/\/www.vrsnext.com\/de\/maschinensteuerung\/","og_site_name":"VRS NEXT","article_modified_time":"2023-04-22T11:23:44+00:00","twitter_card":"summary_large_image","twitter_misc":{"Gesch\u00e4tzte Lesezeit":"4\u00a0Minuten"},"schema":{"@context":"https:\/\/schema.org","@graph":[{"@type":"WebPage","@id":"https:\/\/www.vrsnext.com\/de\/maschinensteuerung\/","url":"https:\/\/www.vrsnext.com\/de\/maschinensteuerung\/","name":"RTK-Korrekturen f\u00fcr 3D-Maschinensteuerung - VRS NEXT","isPartOf":{"@id":"https:\/\/www.vrsnext.com\/de\/#website"},"datePublished":"2020-01-09T10:04:54+00:00","dateModified":"2023-04-22T11:23:44+00:00","description":"Mithilfe des VRS NEXT RTK-Korrekturdienstes f\u00fcr 3D-Maschinensteuerung k\u00f6nnen Sie sich 365 Tage im Jahr auf das h\u00f6chste Serviceniveau und optimale Genauigkeit verlassen","breadcrumb":{"@id":"https:\/\/www.vrsnext.com\/de\/maschinensteuerung\/#breadcrumb"},"inLanguage":"de","potentialAction":[{"@type":"ReadAction","target":["https:\/\/www.vrsnext.com\/de\/maschinensteuerung\/"]}]},{"@type":"BreadcrumbList","@id":"https:\/\/www.vrsnext.com\/de\/maschinensteuerung\/#breadcrumb","itemListElement":[{"@type":"ListItem","position":1,"name":"Home","item":"https:\/\/www.vrsnext.com\/de\/"},{"@type":"ListItem","position":2,"name":"MASCHINENSTEUERUNG"}]},{"@type":"WebSite","@id":"https:\/\/www.vrsnext.com\/de\/#website","url":"https:\/\/www.vrsnext.com\/de\/","name":"VRS NEXT","description":"","potentialAction":[{"@type":"SearchAction","target":{"@type":"EntryPoint","urlTemplate":"https:\/\/www.vrsnext.com\/de\/?s={search_term_string}"},"query-input":{"@type":"PropertyValueSpecification","valueRequired":true,"valueName":"search_term_string"}}],"inLanguage":"de"}]}},"_links":{"self":[{"href":"https:\/\/www.vrsnext.com\/de\/wp-json\/wp\/v2\/pages\/915","targetHints":{"allow":["GET"]}}],"collection":[{"href":"https:\/\/www.vrsnext.com\/de\/wp-json\/wp\/v2\/pages"}],"about":[{"href":"https:\/\/www.vrsnext.com\/de\/wp-json\/wp\/v2\/types\/page"}],"author":[{"embeddable":true,"href":"https:\/\/www.vrsnext.com\/de\/wp-json\/wp\/v2\/users\/1"}],"replies":[{"embeddable":true,"href":"https:\/\/www.vrsnext.com\/de\/wp-json\/wp\/v2\/comments?post=915"}],"version-history":[{"count":5,"href":"https:\/\/www.vrsnext.com\/de\/wp-json\/wp\/v2\/pages\/915\/revisions"}],"predecessor-version":[{"id":1367,"href":"https:\/\/www.vrsnext.com\/de\/wp-json\/wp\/v2\/pages\/915\/revisions\/1367"}],"wp:attachment":[{"href":"https:\/\/www.vrsnext.com\/de\/wp-json\/wp\/v2\/media?parent=915"}],"curies":[{"name":"wp","href":"https:\/\/api.w.org\/{rel}","templated":true}]}}