{"id":985,"date":"2020-03-03T14:21:56","date_gmt":"2020-03-03T14:21:56","guid":{"rendered":"https:\/\/www.vrsnext.com\/mcs-rtk-service-jahr\/"},"modified":"2022-11-14T18:14:34","modified_gmt":"2022-11-14T18:14:34","slug":"mcs-rtk-service-jahr","status":"publish","type":"page","link":"https:\/\/www.vrsnext.com\/de\/mcs-rtk-service-jahr\/","title":{"rendered":"mcs RTK Service Jahr"},"content":{"rendered":"[vc_row type=&#8220;in_container&#8220; full_screen_row_position=&#8220;middle&#8220; column_margin=&#8220;default&#8220; scene_position=&#8220;center&#8220; text_color=&#8220;dark&#8220; text_align=&#8220;left&#8220; overlay_strength=&#8220;0.3&#8243; shape_divider_position=&#8220;bottom&#8220; bg_image_animation=&#8220;none&#8220;][vc_column column_padding=&#8220;no-extra-padding&#8220; column_padding_position=&#8220;all&#8220; background_color_opacity=&#8220;1&#8243; background_hover_color_opacity=&#8220;1&#8243; column_link_target=&#8220;_self&#8220; column_shadow=&#8220;none&#8220; column_border_radius=&#8220;none&#8220; width=&#8220;1\/6&#8243; tablet_width_inherit=&#8220;default&#8220; tablet_text_alignment=&#8220;default&#8220; phone_text_alignment=&#8220;default&#8220; overlay_strength=&#8220;0.3&#8243; column_border_width=&#8220;none&#8220; column_border_style=&#8220;solid&#8220; bg_image_animation=&#8220;none&#8220;][\/vc_column][vc_column column_padding=&#8220;no-extra-padding&#8220; column_padding_position=&#8220;all&#8220; background_color_opacity=&#8220;1&#8243; background_hover_color_opacity=&#8220;1&#8243; column_link_target=&#8220;_self&#8220; column_shadow=&#8220;none&#8220; column_border_radius=&#8220;none&#8220; width=&#8220;2\/3&#8243; tablet_width_inherit=&#8220;default&#8220; tablet_text_alignment=&#8220;default&#8220; phone_text_alignment=&#8220;default&#8220; overlay_strength=&#8220;0.3&#8243; column_border_width=&#8220;none&#8220; column_border_style=&#8220;solid&#8220; bg_image_animation=&#8220;none&#8220;][vc_column_text]\n<h1 style=\"color: #1f1b3e; font-size: 32px; margin-top: 0px;\">BESTELLFORMULAR F\u00dcR ABONNEMENT<\/h1>\n<h6 style=\"color: #19bbe7; text-format: lowercase; font-size: 18px; margin-bottom: 0px;\">mcsRTK Service, Jahresabonnement<\/h6>\n[\/vc_column_text][divider line_type=&#8220;Full Width Line&#8220; line_thickness=&#8220;1&#8243; divider_color=&#8220;extra-color-gradient-1&#8243; custom_height=&#8220;40&#8243;]\n<div class=\"wpcf7 no-js\" id=\"wpcf7-f1246-o1\" lang=\"de-DE\" dir=\"ltr\" data-wpcf7-id=\"1246\">\n<div class=\"screen-reader-response\"><p role=\"status\" aria-live=\"polite\" aria-atomic=\"true\"><\/p> <ul><\/ul><\/div>\n<form action=\"\/de\/wp-json\/wp\/v2\/pages\/985#wpcf7-f1246-o1\" method=\"post\" class=\"wpcf7-form init\" aria-label=\"Kontaktformular\" novalidate=\"novalidate\" data-status=\"init\">\n<fieldset class=\"hidden-fields-container\"><input type=\"hidden\" name=\"_wpcf7\" value=\"1246\" \/><input type=\"hidden\" name=\"_wpcf7_version\" value=\"6.1.5\" \/><input type=\"hidden\" name=\"_wpcf7_locale\" value=\"de_DE\" \/><input type=\"hidden\" name=\"_wpcf7_unit_tag\" value=\"wpcf7-f1246-o1\" \/><input type=\"hidden\" name=\"_wpcf7_container_post\" value=\"0\" \/><input type=\"hidden\" name=\"_wpcf7_posted_data_hash\" value=\"\" \/><input type=\"hidden\" name=\"_wpcf7_recaptcha_response\" value=\"\" \/>\n<\/fieldset>\n<h2 style=\"font-size:18px; color:#19bbe7;\">1 - Angaben zum Antragsteller\n<\/h2>\n<p><label> Unternehmen\/Organisation<br \/>\n<span class=\"wpcf7-form-control-wrap\" data-name=\"company\"><input size=\"40\" maxlength=\"400\" class=\"wpcf7-form-control wpcf7-text wpcf7-validates-as-required\" aria-required=\"true\" aria-invalid=\"false\" value=\"\" type=\"text\" name=\"company\" \/><\/span> <\/label>\n<\/p>\n<p><label> Nummer der Handelskammer<br \/>\n<span class=\"wpcf7-form-control-wrap\" data-name=\"KVK-company\"><input size=\"40\" maxlength=\"400\" class=\"wpcf7-form-control wpcf7-text wpcf7-validates-as-required\" aria-required=\"true\" aria-invalid=\"false\" value=\"\" type=\"text\" name=\"KVK-company\" \/><\/span> <\/label>\n<\/p>\n<p><label> MwSt.-Nummer<br \/>\n<span class=\"wpcf7-form-control-wrap\" data-name=\"BTW-company\"><input size=\"40\" maxlength=\"400\" class=\"wpcf7-form-control wpcf7-text wpcf7-validates-as-required\" aria-required=\"true\" aria-invalid=\"false\" value=\"\" type=\"text\" name=\"BTW-company\" \/><\/span> <\/label>\n<\/p>\n<p><label> Adresse<br \/>\n<span class=\"wpcf7-form-control-wrap\" data-name=\"adres-company\"><input size=\"40\" maxlength=\"400\" class=\"wpcf7-form-control wpcf7-text wpcf7-validates-as-required\" aria-required=\"true\" aria-invalid=\"false\" value=\"\" type=\"text\" name=\"adres-company\" \/><\/span> <\/label>\n<\/p>\n<p><label> Postleitzahl<br \/>\n<span class=\"wpcf7-form-control-wrap\" data-name=\"postcode-company\"><input size=\"40\" maxlength=\"400\" class=\"wpcf7-form-control wpcf7-text wpcf7-validates-as-required\" aria-required=\"true\" aria-invalid=\"false\" value=\"\" type=\"text\" name=\"postcode-company\" \/><\/span> <\/label>\n<\/p>\n<p><label> Standort<br \/>\n<span class=\"wpcf7-form-control-wrap\" data-name=\"plaats-company\"><input size=\"40\" maxlength=\"400\" class=\"wpcf7-form-control wpcf7-text wpcf7-validates-as-required\" aria-required=\"true\" aria-invalid=\"false\" value=\"\" type=\"text\" name=\"plaats-company\" \/><\/span> <\/label>\n<\/p>\n<p><label> Land<br \/>\n<span class=\"wpcf7-form-control-wrap\" data-name=\"land-company\"><input size=\"40\" maxlength=\"400\" class=\"wpcf7-form-control wpcf7-text wpcf7-validates-as-required\" aria-required=\"true\" aria-invalid=\"false\" value=\"\" type=\"text\" name=\"land-company\" \/><\/span> <\/label>\n<\/p>\n<p><label> Begr\u00fc\u00dfung<br \/>\n<span class=\"wpcf7-form-control-wrap\" data-name=\"menu-819\"><select class=\"wpcf7-form-control wpcf7-select wpcf7-validates-as-required\" aria-required=\"true\" aria-invalid=\"false\" name=\"menu-819\"><option value=\"\">&#8211; Bitte ausw\u00e4hlen &#8211;<\/option><option value=\"Dhr., Mr., M., Herr.\">Dhr., Mr., M., Herr.<\/option><option value=\"Mevr., Mrs., Mme., Frau.\">Mevr., Mrs., Mme., Frau.<\/option><\/select><\/span> <\/label>\n<\/p>\n<p><label> Vornamen<br \/>\n<span class=\"wpcf7-form-control-wrap\" data-name=\"your-firstname\"><input size=\"40\" maxlength=\"400\" class=\"wpcf7-form-control wpcf7-text wpcf7-validates-as-required\" aria-required=\"true\" aria-invalid=\"false\" value=\"\" type=\"text\" name=\"your-firstname\" \/><\/span> <\/label>\n<\/p>\n<p><label> einf\u00fcgen.<br \/>\n<span class=\"wpcf7-form-control-wrap\" data-name=\"your-middelname\"><input size=\"40\" maxlength=\"400\" class=\"wpcf7-form-control wpcf7-text\" aria-invalid=\"false\" value=\"\" type=\"text\" name=\"your-middelname\" \/><\/span> <\/label>\n<\/p>\n<p><label> Nachname<br \/>\n<span class=\"wpcf7-form-control-wrap\" data-name=\"your-lastname\"><input size=\"40\" maxlength=\"400\" class=\"wpcf7-form-control wpcf7-text wpcf7-validates-as-required\" aria-required=\"true\" aria-invalid=\"false\" value=\"\" type=\"text\" name=\"your-lastname\" \/><\/span> <\/label>\n<\/p>\n<p><label> E-Mail Adresse<br \/>\n<span class=\"wpcf7-form-control-wrap\" data-name=\"your-email\"><input size=\"40\" maxlength=\"400\" class=\"wpcf7-form-control wpcf7-email wpcf7-validates-as-required wpcf7-text wpcf7-validates-as-email\" aria-required=\"true\" aria-invalid=\"false\" value=\"\" type=\"email\" name=\"your-email\" \/><\/span> <\/label>\n<\/p>\n<p><label> Rufnummer<br \/>\n<span class=\"wpcf7-form-control-wrap\" data-name=\"telephone\"><input size=\"40\" maxlength=\"400\" class=\"wpcf7-form-control wpcf7-text wpcf7-validates-as-required\" aria-required=\"true\" aria-invalid=\"false\" value=\"\" type=\"text\" name=\"telephone\" \/><\/span> <\/label>\n<\/p>\n<p><label> Marke und Typ des GNSS-Empf\u00e4ngers<br \/>\n<span class=\"wpcf7-form-control-wrap\" data-name=\"gnss-receiver\"><input size=\"40\" maxlength=\"400\" class=\"wpcf7-form-control wpcf7-text wpcf7-validates-as-required\" aria-required=\"true\" aria-invalid=\"false\" value=\"\" type=\"text\" name=\"gnss-receiver\" \/><\/span> <\/label>\n<\/p>\n<h2 style=\"font-size:18px; color:#19bbe7;\">2 - Rechnungsadresse\n<\/h2>\n<p><label> Adresse<br \/>\n<span class=\"wpcf7-form-control-wrap\" data-name=\"adres-invoice\"><input size=\"40\" maxlength=\"400\" class=\"wpcf7-form-control wpcf7-text\" aria-invalid=\"false\" value=\"\" type=\"text\" name=\"adres-invoice\" \/><\/span> <\/label>\n<\/p>\n<p><label> Postleitzahl<br \/>\n<span class=\"wpcf7-form-control-wrap\" data-name=\"postcode-invoice\"><input size=\"40\" maxlength=\"400\" class=\"wpcf7-form-control wpcf7-text\" aria-invalid=\"false\" value=\"\" type=\"text\" name=\"postcode-invoice\" \/><\/span> <\/label>\n<\/p>\n<p><label> Standort<br \/>\n<span class=\"wpcf7-form-control-wrap\" data-name=\"plaats-invoice\"><input size=\"40\" maxlength=\"400\" class=\"wpcf7-form-control wpcf7-text\" aria-invalid=\"false\" value=\"\" type=\"text\" name=\"plaats-invoice\" \/><\/span> <\/label>\n<\/p>\n<p><label> Land<br \/>\n<span class=\"wpcf7-form-control-wrap\" data-name=\"land-invoice\"><input size=\"40\" maxlength=\"400\" class=\"wpcf7-form-control wpcf7-text wpcf7-validates-as-required\" aria-required=\"true\" aria-invalid=\"false\" value=\"\" type=\"text\" name=\"land-invoice\" \/><\/span> <\/label>\n<\/p>\n<p><label> E-Mail-Adresse f\u00fcr digitale Rechnungen<br \/>\n<span class=\"wpcf7-form-control-wrap\" data-name=\"email-invoice\"><input size=\"40\" maxlength=\"400\" class=\"wpcf7-form-control wpcf7-email wpcf7-validates-as-required wpcf7-text wpcf7-validates-as-email\" aria-required=\"true\" aria-invalid=\"false\" value=\"\" type=\"email\" name=\"email-invoice\" \/><\/span> <\/label>\n<\/p>\n<p><label> Rufnummer<br \/>\n<span class=\"wpcf7-form-control-wrap\" data-name=\"telephone-invoice\"><input size=\"40\" maxlength=\"400\" class=\"wpcf7-form-control wpcf7-text\" aria-invalid=\"false\" value=\"\" type=\"text\" name=\"telephone-invoice\" \/><\/span> <\/label>\n<\/p>\n<h2 style=\"font-size:18px; color:#19bbe7;\">3 - Preise und Zahlen\n<\/h2>\n<p><label> <\/label>\n<\/p>\n<table>\n\t<tr>\n\t\t<td width=\"50%\">\n\t\t\t<p>Abonnement\n\t\t\t<\/p>\n\t\t<\/td>\n\t\t<td width=\"50%\">\n\t\t\t<p>mcsRTK Service, Jahresabonnement\n\t\t\t<\/p>\n\t\t<\/td>\n\t<\/tr>\n\t<tr>\n\t\t<td width=\"50%\">\n\t\t\t<p>Standardtarif pro Anschluss\n\t\t\t<\/p>\n\t\t<\/td>\n\t\t<td width=\"50%\">\n\t\t\t<p>\u20ac 350,- pro Jahr\n\t\t\t<\/p>\n\t\t<\/td>\n\t<\/tr>\n\t<tr>\n\t\t<td width=\"50%\">\n\t\t<\/td>\n\t\t<td width=\"50%\">\n\t\t\t<p>Unbegrenzte Nutzung\n\t\t\t<\/p>\n\t\t<\/td>\n\t<\/tr>\n\t<tr>\n\t\t<td width=\"50%\">\n\t\t\t<p>Die Preise verstehen sich netto, in Euro und ohne Mehrwertsteuer.\n\t\t\t<\/p>\n\t\t<\/td>\n\t\t<td width=\"50%\">\n\t\t<\/td>\n\t<\/tr>\n<\/table>\n<p><label> Anzahl der Anschl\u00fcsse<br \/>\n<span class=\"wpcf7-form-control-wrap\" data-name=\"aansluitingen\"><input class=\"wpcf7-form-control wpcf7-number wpcf7-validates-as-required wpcf7-validates-as-number\" min=\"1\" max=\"100\" aria-required=\"true\" aria-invalid=\"false\" value=\"1\" type=\"number\" name=\"aansluitingen\" \/><\/span><br \/>\n<\/label>\n<\/p>\n<p><label> Gew\u00fcnschtes Datum des Inkrafttretens<br \/>\n<span class=\"wpcf7-form-control-wrap\" data-name=\"ingangsdatum\"><input class=\"wpcf7-form-control wpcf7-date wpcf7-validates-as-required wpcf7-validates-as-date\" aria-required=\"true\" aria-invalid=\"false\" value=\"\" type=\"date\" name=\"ingangsdatum\" \/><\/span> <\/label>\n<\/p>\n<h2 style=\"font-size:18px; color:#19bbe7;\">4 - Bestellung best\u00e4tigen\n<\/h2>\n<p><label> Mit dem Absenden dieses Formulars schlie\u00dfe ich ein Abonnement f\u00fcr den mcsRTK Service ab. Die anf\u00e4ngliche Laufzeit des Abonnements betr\u00e4gt 1 Jahr und verl\u00e4ngert sich stillschweigend jeweils um 1 Jahr. Die Kosten werden j\u00e4hrlich im Voraus in Rechnung gestellt. Ich kann das Abonnement per E-Mail mit einer Frist von 1 Monat vor Ablauf der Laufzeit unter Angabe der Bestellnummer k\u00fcndigen. Ich erkl\u00e4re au\u00dferdem, dass ich befugt bin, ein Abonnement im Namen meiner Firma\/Organisation abzuschlie\u00dfen und;<\/label>\n<\/p>\n<p><span class=\"wpcf7-form-control-wrap\" data-name=\"akkoord-waarheid\"><span class=\"wpcf7-form-control wpcf7-acceptance\"><span class=\"wpcf7-list-item\"><label><input type=\"checkbox\" name=\"akkoord-waarheid\" value=\"1\" aria-invalid=\"false\" \/><span class=\"wpcf7-list-item-label\">dass ich die obigen Angaben vollst\u00e4ndig und wahrheitsgem\u00e4\u00df ausgef\u00fcllt habe;<\/span><\/label><\/span><\/span><\/span><br \/>\n<span class=\"wpcf7-form-control-wrap\" data-name=\"akkoord-leveringsvoorwaarden\"><span class=\"wpcf7-form-control wpcf7-acceptance\"><span class=\"wpcf7-list-item\"><label><input type=\"checkbox\" name=\"akkoord-leveringsvoorwaarden\" value=\"1\" aria-invalid=\"false\" \/><span class=\"wpcf7-list-item-label\">Dass ich mit den <a href=\"\/leveringsvoorwaarden\/\" style=\"text-decoration: underline;\" target=\"_blank\">Lieferbedingungen<\/a> von VRS Next B.V. einverstanden bin;<\/span><\/label><\/span><\/span><\/span><br \/>\n<span class=\"wpcf7-form-control-wrap\" data-name=\"akkoord-privacy\"><span class=\"wpcf7-form-control wpcf7-acceptance\"><span class=\"wpcf7-list-item\"><label><input type=\"checkbox\" name=\"akkoord-privacy\" value=\"1\" aria-invalid=\"false\" \/><span class=\"wpcf7-list-item-label\">Ich erkl\u00e4re mich mit der <a href=\"\/privacybeleid\/\" style=\"text-decoration: underline;\" target=\"_blank\">Datenschutzerkl\u00e4rung f\u00fcr Netzwerkdienste<\/a> von VRS Next B.V. einverstanden.<\/span><\/label><\/span><\/span><\/span>\n<\/p>\n<p><input class=\"wpcf7-form-control wpcf7-submit has-spinner\" type=\"submit\" value=\"Verzenden\" \/>\n<\/p><div class=\"wpcf7-response-output\" aria-hidden=\"true\"><\/div>\n<\/form>\n<\/div>\n[\/vc_column][vc_column column_padding=&#8220;no-extra-padding&#8220; column_padding_position=&#8220;all&#8220; background_color_opacity=&#8220;1&#8243; background_hover_color_opacity=&#8220;1&#8243; column_link_target=&#8220;_self&#8220; column_shadow=&#8220;none&#8220; column_border_radius=&#8220;none&#8220; width=&#8220;1\/6&#8243; tablet_width_inherit=&#8220;default&#8220; tablet_text_alignment=&#8220;default&#8220; phone_text_alignment=&#8220;default&#8220; overlay_strength=&#8220;0.3&#8243; column_border_width=&#8220;none&#8220; column_border_style=&#8220;solid&#8220; bg_image_animation=&#8220;none&#8220;][\/vc_column][\/vc_row]\n","protected":false},"excerpt":{"rendered":"<p>[vc_row type=&#8220;in_container&#8220; full_screen_row_position=&#8220;middle&#8220; column_margin=&#8220;default&#8220; scene_position=&#8220;center&#8220; text_color=&#8220;dark&#8220; text_align=&#8220;left&#8220; overlay_strength=&#8220;0.3&#8243; shape_divider_position=&#8220;bottom&#8220; bg_image_animation=&#8220;none&#8220;][vc_column column_padding=&#8220;no-extra-padding&#8220; column_padding_position=&#8220;all&#8220; background_color_opacity=&#8220;1&#8243; background_hover_color_opacity=&#8220;1&#8243; column_link_target=&#8220;_self&#8220; column_shadow=&#8220;none&#8220; column_border_radius=&#8220;none&#8220; width=&#8220;1\/6&#8243; tablet_width_inherit=&#8220;default&#8220; tablet_text_alignment=&#8220;default&#8220; phone_text_alignment=&#8220;default&#8220; overlay_strength=&#8220;0.3&#8243; column_border_width=&#8220;none&#8220; column_border_style=&#8220;solid&#8220; bg_image_animation=&#8220;none&#8220;][\/vc_column][vc_column column_padding=&#8220;no-extra-padding&#8220; column_padding_position=&#8220;all&#8220; background_color_opacity=&#8220;1&#8243; background_hover_color_opacity=&#8220;1&#8243; column_link_target=&#8220;_self&#8220;&#8230;<\/p>\n","protected":false},"author":2,"featured_media":0,"parent":0,"menu_order":0,"comment_status":"closed","ping_status":"closed","template":"","meta":{"footnotes":""},"class_list":["post-985","page","type-page","status-publish"],"yoast_head":"<!-- This site is optimized with the Yoast SEO plugin v27.4 - https:\/\/yoast.com\/product\/yoast-seo-wordpress\/ -->\n<title>Bestellformular mcsRTK Service Jahresabonnement - VRS NEXT<\/title>\n<meta name=\"description\" content=\"M\u00f6chten Sie effizienter und mit h\u00f6chster Genauigkeit arbeiten? F\u00fcllen Sie dann dieses Formular aus und bestellen Sie ein VRS NEXT-Abonnement f\u00fcr Maschinensteuerung.\" \/>\n<meta name=\"robots\" content=\"index, follow, max-snippet:-1, max-image-preview:large, max-video-preview:-1\" \/>\n<link rel=\"canonical\" href=\"https:\/\/www.vrsnext.com\/de\/mcs-rtk-service-jahr\/\" \/>\n<meta property=\"og:locale\" content=\"de_DE\" \/>\n<meta property=\"og:type\" content=\"article\" \/>\n<meta property=\"og:title\" content=\"Bestellformular mcsRTK Service Jahresabonnement - VRS NEXT\" \/>\n<meta property=\"og:description\" content=\"M\u00f6chten Sie effizienter und mit h\u00f6chster Genauigkeit arbeiten? F\u00fcllen Sie dann dieses Formular aus und bestellen Sie ein VRS NEXT-Abonnement f\u00fcr Maschinensteuerung.\" \/>\n<meta property=\"og:url\" content=\"https:\/\/www.vrsnext.com\/de\/mcs-rtk-service-jahr\/\" \/>\n<meta property=\"og:site_name\" content=\"VRS NEXT\" \/>\n<meta property=\"article:modified_time\" content=\"2022-11-14T18:14:34+00:00\" \/>\n<meta name=\"twitter:card\" content=\"summary_large_image\" \/>\n<meta name=\"twitter:label1\" content=\"Gesch\u00e4tzte Lesezeit\" \/>\n\t<meta name=\"twitter:data1\" content=\"1\u00a0Minute\" \/>\n<script type=\"application\/ld+json\" class=\"yoast-schema-graph\">{\"@context\":\"https:\\\/\\\/schema.org\",\"@graph\":[{\"@type\":\"WebPage\",\"@id\":\"https:\\\/\\\/www.vrsnext.com\\\/de\\\/mcs-rtk-service-jahr\\\/\",\"url\":\"https:\\\/\\\/www.vrsnext.com\\\/de\\\/mcs-rtk-service-jahr\\\/\",\"name\":\"Bestellformular mcsRTK Service Jahresabonnement - VRS NEXT\",\"isPartOf\":{\"@id\":\"https:\\\/\\\/www.vrsnext.com\\\/de\\\/#website\"},\"datePublished\":\"2020-03-03T14:21:56+00:00\",\"dateModified\":\"2022-11-14T18:14:34+00:00\",\"description\":\"M\u00f6chten Sie effizienter und mit h\u00f6chster Genauigkeit arbeiten? F\u00fcllen Sie dann dieses Formular aus und bestellen Sie ein VRS NEXT-Abonnement f\u00fcr Maschinensteuerung.\",\"breadcrumb\":{\"@id\":\"https:\\\/\\\/www.vrsnext.com\\\/de\\\/mcs-rtk-service-jahr\\\/#breadcrumb\"},\"inLanguage\":\"de\",\"potentialAction\":[{\"@type\":\"ReadAction\",\"target\":[\"https:\\\/\\\/www.vrsnext.com\\\/de\\\/mcs-rtk-service-jahr\\\/\"]}]},{\"@type\":\"BreadcrumbList\",\"@id\":\"https:\\\/\\\/www.vrsnext.com\\\/de\\\/mcs-rtk-service-jahr\\\/#breadcrumb\",\"itemListElement\":[{\"@type\":\"ListItem\",\"position\":1,\"name\":\"Home\",\"item\":\"https:\\\/\\\/www.vrsnext.com\\\/de\\\/\"},{\"@type\":\"ListItem\",\"position\":2,\"name\":\"mcs RTK Service Jahr\"}]},{\"@type\":\"WebSite\",\"@id\":\"https:\\\/\\\/www.vrsnext.com\\\/de\\\/#website\",\"url\":\"https:\\\/\\\/www.vrsnext.com\\\/de\\\/\",\"name\":\"VRS NEXT\",\"description\":\"\",\"potentialAction\":[{\"@type\":\"SearchAction\",\"target\":{\"@type\":\"EntryPoint\",\"urlTemplate\":\"https:\\\/\\\/www.vrsnext.com\\\/de\\\/?s={search_term_string}\"},\"query-input\":{\"@type\":\"PropertyValueSpecification\",\"valueRequired\":true,\"valueName\":\"search_term_string\"}}],\"inLanguage\":\"de\"}]}<\/script>\n<!-- \/ Yoast SEO plugin. -->","yoast_head_json":{"title":"Bestellformular mcsRTK Service Jahresabonnement - VRS NEXT","description":"M\u00f6chten Sie effizienter und mit h\u00f6chster Genauigkeit arbeiten? F\u00fcllen Sie dann dieses Formular aus und bestellen Sie ein VRS NEXT-Abonnement f\u00fcr Maschinensteuerung.","robots":{"index":"index","follow":"follow","max-snippet":"max-snippet:-1","max-image-preview":"max-image-preview:large","max-video-preview":"max-video-preview:-1"},"canonical":"https:\/\/www.vrsnext.com\/de\/mcs-rtk-service-jahr\/","og_locale":"de_DE","og_type":"article","og_title":"Bestellformular mcsRTK Service Jahresabonnement - VRS NEXT","og_description":"M\u00f6chten Sie effizienter und mit h\u00f6chster Genauigkeit arbeiten? F\u00fcllen Sie dann dieses Formular aus und bestellen Sie ein VRS NEXT-Abonnement f\u00fcr Maschinensteuerung.","og_url":"https:\/\/www.vrsnext.com\/de\/mcs-rtk-service-jahr\/","og_site_name":"VRS NEXT","article_modified_time":"2022-11-14T18:14:34+00:00","twitter_card":"summary_large_image","twitter_misc":{"Gesch\u00e4tzte Lesezeit":"1\u00a0Minute"},"schema":{"@context":"https:\/\/schema.org","@graph":[{"@type":"WebPage","@id":"https:\/\/www.vrsnext.com\/de\/mcs-rtk-service-jahr\/","url":"https:\/\/www.vrsnext.com\/de\/mcs-rtk-service-jahr\/","name":"Bestellformular mcsRTK Service Jahresabonnement - VRS NEXT","isPartOf":{"@id":"https:\/\/www.vrsnext.com\/de\/#website"},"datePublished":"2020-03-03T14:21:56+00:00","dateModified":"2022-11-14T18:14:34+00:00","description":"M\u00f6chten Sie effizienter und mit h\u00f6chster Genauigkeit arbeiten? F\u00fcllen Sie dann dieses Formular aus und bestellen Sie ein VRS NEXT-Abonnement f\u00fcr Maschinensteuerung.","breadcrumb":{"@id":"https:\/\/www.vrsnext.com\/de\/mcs-rtk-service-jahr\/#breadcrumb"},"inLanguage":"de","potentialAction":[{"@type":"ReadAction","target":["https:\/\/www.vrsnext.com\/de\/mcs-rtk-service-jahr\/"]}]},{"@type":"BreadcrumbList","@id":"https:\/\/www.vrsnext.com\/de\/mcs-rtk-service-jahr\/#breadcrumb","itemListElement":[{"@type":"ListItem","position":1,"name":"Home","item":"https:\/\/www.vrsnext.com\/de\/"},{"@type":"ListItem","position":2,"name":"mcs RTK Service Jahr"}]},{"@type":"WebSite","@id":"https:\/\/www.vrsnext.com\/de\/#website","url":"https:\/\/www.vrsnext.com\/de\/","name":"VRS NEXT","description":"","potentialAction":[{"@type":"SearchAction","target":{"@type":"EntryPoint","urlTemplate":"https:\/\/www.vrsnext.com\/de\/?s={search_term_string}"},"query-input":{"@type":"PropertyValueSpecification","valueRequired":true,"valueName":"search_term_string"}}],"inLanguage":"de"}]}},"_links":{"self":[{"href":"https:\/\/www.vrsnext.com\/de\/wp-json\/wp\/v2\/pages\/985","targetHints":{"allow":["GET"]}}],"collection":[{"href":"https:\/\/www.vrsnext.com\/de\/wp-json\/wp\/v2\/pages"}],"about":[{"href":"https:\/\/www.vrsnext.com\/de\/wp-json\/wp\/v2\/types\/page"}],"author":[{"embeddable":true,"href":"https:\/\/www.vrsnext.com\/de\/wp-json\/wp\/v2\/users\/2"}],"replies":[{"embeddable":true,"href":"https:\/\/www.vrsnext.com\/de\/wp-json\/wp\/v2\/comments?post=985"}],"version-history":[{"count":1,"href":"https:\/\/www.vrsnext.com\/de\/wp-json\/wp\/v2\/pages\/985\/revisions"}],"predecessor-version":[{"id":986,"href":"https:\/\/www.vrsnext.com\/de\/wp-json\/wp\/v2\/pages\/985\/revisions\/986"}],"wp:attachment":[{"href":"https:\/\/www.vrsnext.com\/de\/wp-json\/wp\/v2\/media?parent=985"}],"curies":[{"name":"wp","href":"https:\/\/api.w.org\/{rel}","templated":true}]}}