{"id":1210,"date":"2019-12-20T13:13:14","date_gmt":"2019-12-20T13:13:14","guid":{"rendered":"https:\/\/www.vrsnext.com\/politique-de-confidentialite\/"},"modified":"2022-11-15T11:36:48","modified_gmt":"2022-11-15T11:36:48","slug":"politique-de-confidentialite","status":"publish","type":"page","link":"https:\/\/www.vrsnext.com\/fr\/politique-de-confidentialite\/","title":{"rendered":"Politique de confidentialit\u00e9"},"content":{"rendered":"[vc_row type=\u00a0\u00bbin_container\u00a0\u00bb full_screen_row_position=\u00a0\u00bbmiddle\u00a0\u00bb column_margin=\u00a0\u00bbdefault\u00a0\u00bb column_direction=\u00a0\u00bbdefault\u00a0\u00bb column_direction_tablet=\u00a0\u00bbdefault\u00a0\u00bb column_direction_phone=\u00a0\u00bbdefault\u00a0\u00bb scene_position=\u00a0\u00bbcenter\u00a0\u00bb text_color=\u00a0\u00bbdark\u00a0\u00bb text_align=\u00a0\u00bbleft\u00a0\u00bb row_border_radius=\u00a0\u00bbnone\u00a0\u00bb row_border_radius_applies=\u00a0\u00bbbg\u00a0\u00bb overlay_strength=\u00a0\u00bb0.3&Prime; gradient_direction=\u00a0\u00bbleft_to_right\u00a0\u00bb shape_divider_position=\u00a0\u00bbbottom\u00a0\u00bb bg_image_animation=\u00a0\u00bbnone\u00a0\u00bb][vc_column column_padding=\u00a0\u00bbno-extra-padding\u00a0\u00bb column_padding_tablet=\u00a0\u00bbinherit\u00a0\u00bb column_padding_phone=\u00a0\u00bbinherit\u00a0\u00bb column_padding_position=\u00a0\u00bball\u00a0\u00bb column_element_spacing=\u00a0\u00bbdefault\u00a0\u00bb background_color_opacity=\u00a0\u00bb1&Prime; background_hover_color_opacity=\u00a0\u00bb1&Prime; column_shadow=\u00a0\u00bbnone\u00a0\u00bb column_border_radius=\u00a0\u00bbnone\u00a0\u00bb column_link_target=\u00a0\u00bb_self\u00a0\u00bb gradient_direction=\u00a0\u00bbleft_to_right\u00a0\u00bb overlay_strength=\u00a0\u00bb0.3&Prime; width=\u00a0\u00bb1\/6&Prime; tablet_width_inherit=\u00a0\u00bbdefault\u00a0\u00bb tablet_text_alignment=\u00a0\u00bbdefault\u00a0\u00bb phone_text_alignment=\u00a0\u00bbdefault\u00a0\u00bb bg_image_animation=\u00a0\u00bbnone\u00a0\u00bb border_type=\u00a0\u00bbsimple\u00a0\u00bb column_border_width=\u00a0\u00bbnone\u00a0\u00bb column_border_style=\u00a0\u00bbsolid\u00a0\u00bb][\/vc_column][vc_column column_padding=\u00a0\u00bbno-extra-padding\u00a0\u00bb column_padding_tablet=\u00a0\u00bbinherit\u00a0\u00bb column_padding_phone=\u00a0\u00bbinherit\u00a0\u00bb column_padding_position=\u00a0\u00bball\u00a0\u00bb column_element_spacing=\u00a0\u00bbdefault\u00a0\u00bb background_color_opacity=\u00a0\u00bb1&Prime; background_hover_color_opacity=\u00a0\u00bb1&Prime; column_shadow=\u00a0\u00bbnone\u00a0\u00bb column_border_radius=\u00a0\u00bbnone\u00a0\u00bb column_link_target=\u00a0\u00bb_self\u00a0\u00bb gradient_direction=\u00a0\u00bbleft_to_right\u00a0\u00bb overlay_strength=\u00a0\u00bb0.3&Prime; width=\u00a0\u00bb2\/3&Prime; tablet_width_inherit=\u00a0\u00bbdefault\u00a0\u00bb tablet_text_alignment=\u00a0\u00bbdefault\u00a0\u00bb phone_text_alignment=\u00a0\u00bbdefault\u00a0\u00bb bg_image_animation=\u00a0\u00bbnone\u00a0\u00bb border_type=\u00a0\u00bbsimple\u00a0\u00bb column_border_width=\u00a0\u00bbnone\u00a0\u00bb column_border_style=\u00a0\u00bbsolid\u00a0\u00bb][vc_column_text]\n<h1 style=\"color: #1f1b3e; font-size: 32px; margin-top: 0px;\">D\u00c9CLARATION DE CONFIDENTIALIT\u00c9 DES SERVICES R\u00c9SEAUX<\/h1>\n<h6 style=\"color: #19bbe7; font-size: 28px; margin-top: 0px;\">VRS NEXT B.V<\/h6>\n<p><strong>derni\u00e8re modification le 14\/10\/2022.<\/strong><\/p>\n<p>La soci\u00e9t\u00e9 VRS NEXT est consciente du fait que vous placez en nous votre confiance. Nous estimons par cons\u00e9quent qu\u2019il est de notre responsabilit\u00e9 de prot\u00e9ger votre vie priv\u00e9e. Dans la pr\u00e9sente d\u00e9claration de confidentialit\u00e9, nous vous informons sur les donn\u00e9es que nous traitons.<\/p>\n<h6 style=\"color: #19bbe7; font-size: 18px; margin-bottom: 0px;\">Donn\u00e9es \u00e0 caract\u00e8re personnel que nous traitons<\/h6>\n<p>VRS NEXT traite les donn\u00e9es \u00e0 caract\u00e8re personnel que vous nous fournissez activement du fait que vous faites usage de nos services, soit pour la conclusion d\u2019un contrat, soit n\u00e9cessairement pour l\u2019ex\u00e9cution d\u2019un contrat. VRS NEXT respecte votre vie priv\u00e9e et veille \u00e0 ce que les informations \u00e0 caract\u00e8re personnel que vous nous fournissez soient trait\u00e9es de mani\u00e8re confidentielle. Ci-dessous, vous trouverez un aper\u00e7u des donn\u00e9es \u00e0 caract\u00e8re personnel que nous traitons:<\/p>\n<ul>\n<li>Nom et pr\u00e9nom;<\/li>\n<li>Sexe;<\/li>\n<li>N\u00ba de t\u00e9l\u00e9phone (mobile) professionnel;<\/li>\n<li>Adresse E-mail professionnelle;<\/li>\n<li>Fonction;<\/li>\n<li>Autres donn\u00e9es \u00e0 caract\u00e8re personnel que vous fournissez activement, par exemple en utilisant un formulaire sur notre site web et d\u2019autres formes de correspondance ou contact t\u00e9l\u00e9phonique.<\/li>\n<\/ul>\n<h6 style=\"color: #19bbe7; font-size: 18px; margin-bottom: 0px;\">Dans quel objectif et sur quelle base nous traitons les donn\u00e9es \u00e0 caract\u00e8re personnel<\/h6>\n<p>VRS NEXT traite vos donn\u00e9es \u00e0 caract\u00e8re personnel, n\u00e9cessairement sur votre demande pour la conclusion d\u2019un contrat et pour l\u2019ex\u00e9cution d\u2019un contrat, avec les objectifs suivants:<\/p>\n<ul>\n<li>Fourniture de conseils (d\u2019achat);<\/li>\n<li>Envoi d\u2019un devis;<\/li>\n<li>Ex\u00e9cution d\u2019une mission, y compris la livraison (d\u00e9livrance) de biens, services et le traitement de votre paiement;<\/li>\n<li>Vous informer des mises \u00e0 jour de produit et des modifications de nos services;<\/li>\n<li>Pouvoir vous appeler ou vous envoyer un courriel lorsque cela s&rsquo;av\u00e8re n\u00e9cessaire afin de pouvoir ex\u00e9cuter notre prestation de services;<\/li>\n<li>VRS NEXT traite \u00e9galement vos donn\u00e9es \u00e0 caract\u00e8re personnel lorsque nous y sommes tenus l\u00e9galement, tel que les donn\u00e9es dont nous avons besoin pour la d\u00e9claration fiscale;<\/li>\n<li>Nous pouvons \u00e9galement utiliser vos donn\u00e9es \u00e0 caract\u00e8re personnel \u00e0 des fins internes, telles qu\u2019audits, analyses de donn\u00e9es et enqu\u00eates visant \u00e0 am\u00e9liorer les produits, les services et la communication.<\/li>\n<\/ul>\n<h6 style=\"color: #19bbe7; font-size: 18px; margin-bottom: 0px;\">Combien de temps nous conservons les donn\u00e9es \u00e0 caract\u00e8re personnel<\/h6>\n<p>VRS NEXT ne conserve pas vos donn\u00e9es \u00e0 caract\u00e8re personnel plus longtemps que strictement n\u00e9cessaire en vue de r\u00e9aliser les objectifs pour lesquels vos donn\u00e9es sont collect\u00e9es.<\/p>\n<h6 style=\"color: #19bbe7; font-size: 18px; margin-bottom: 0px;\">Partage de donn\u00e9es \u00e0 caract\u00e8re personnel avec des tiers<\/h6>\n<p>VRS NEXT ne vend pas vos donn\u00e9es \u00e0 des tiers et les fournit uniquement lorsque cela s\u2019av\u00e8re n\u00e9cessaire pour l\u2019ex\u00e9cution de notre contrat avec vous ou pour satisfaire \u00e0 une obligation l\u00e9gale. Avec les entreprises qui traitent vos donn\u00e9es sur notre ordre, nous concluons un accord de sous-traitance pour assurer un m\u00eame niveau de protection et de confidentialit\u00e9 de vos donn\u00e9es. VRS NEXT demeure responsable de ces traitements.<\/p>\n<h6 style=\"color: #19bbe7; font-size: 18px; margin-bottom: 0px;\">Affichage, modification ou suppression de donn\u00e9es<\/h6>\n<p>Vous \u00eates \u00e0 tout moment en droit de consulter, corriger ou supprimer vos donn\u00e9es \u00e0 caract\u00e8re personnel. Vous pouvez envoyer une demande de consultation, correction ou suppression de vos donn\u00e9es \u00e0 caract\u00e8re personnel \u00e0 l\u2019adresse suivante: privacy@vrsnext.com. Afin d\u2019\u00e9tablir avec certitude que a demande de consultation a \u00e9t\u00e9 effectu\u00e9e par vos soins, nous vous prions de joindre \u00e0 votre demande une copie de votre pi\u00e8ce d\u2019identit\u00e9. Par ailleurs nous vous demandons, \u00e0 des fins de protection de votre vie priv\u00e9e, de rendre illisibles sur cette copie votre photo d\u2019identit\u00e9, zone de lecture automatique, num\u00e9ro de passeport et num\u00e9ro d\u2019identification du citoyen (BSN). VRS NEXT r\u00e9agira \u00e0 votre demande le plus rapidement possible, dans un d\u00e9lai de quatre semaines. VRS NEXT souhaite en outre attirer votre attention sur le fait que vous avez la possibilit\u00e9 de soumettre une r\u00e9clamation aupr\u00e8s de l\u2019autorit\u00e9 nationale de r\u00e9gulation, le Conseil pour la protection des donn\u00e9es \u00e0 caract\u00e8re personnel (<a href=\"https:\/\/autoriteitpersoonsgegevens.nl\" target=\"_blank\" rel=\"noopener noreferrer\">Autoriteit Persoonsgegevens<\/a>).<\/p>\n<h6 style=\"color: #19bbe7; font-size: 18px; margin-bottom: 0px;\">Cookies que nous utilisons et sites de tierces parties<\/h6>\n<p>VRS NEXT utilise uniquement des cookies techniques, fonctionnels et analytiques qui ne portent pas atteinte \u00e0 votre vie priv\u00e9e. Un cookie est un petit fichier texte qui est enregistr\u00e9 sur votre ordinateur, tablette ou smartphone lors de votre premi\u00e8re visite sur notre site web. Les cookies que nous utilisons sont n\u00e9cessaires pour le fonctionnement technique du site web et pour votre confort d\u2019utilisation. Il font en sorte que le site web fonctionne correctement et qu\u2019il puisse \u00eatre optimis\u00e9. La plupart des navigateurs sont configur\u00e9s par d\u00e9faut pour accepter les cookies; cependant, vous pouvez configurer votre navigateur pour qu\u2019il refuse les cookies ou qu\u2019il indique \u00e0 quel moment un cookie est envoy\u00e9. Par ailleurs, vous pouvez \u00e9galement supprimer des informations qui ont \u00e9t\u00e9 enregistr\u00e9es auparavant, par l\u2019interm\u00e9diaire des param\u00e8tres de votre navigateur.<\/p>\n<p>Les sites web, produits et services de VRS NEXT peuvent contenir des liens vers des sites web, produits et services de tierces parties. Les donn\u00e9es qui sont collect\u00e9es par des tiers, susceptibles de contenir des donn\u00e9es \u00e0 caract\u00e8re personnel, rel\u00e8vent de leur politique de confidentialit\u00e9. Nous vous conseillons de prendre connaissance de la politique de confidentialit\u00e9 de ces tierces parties. VRS NEXT n\u2019est pas responsable ou comptable pour l\u2019utilisation de cookies des sites web de tiers vers lesquels vous pouvez vous connecter en tant que visiteur, ou des canaux de r\u00e9seaux sociaux, parmi lesquels YouTube, Twitter, Linkedin, et Facebook.<\/p>\n<h6 style=\"color: #19bbe7; font-size: 18px; margin-bottom: 0px;\">Comment prot\u00e9ger vos donn\u00e9es \u00e0 caract\u00e8re personnel<\/h6>\n<p>VRS NEXT prend au s\u00e9rieux la protection de vos donn\u00e9es et prend les mesures appropri\u00e9es pour lutter contre les abus, pertes, acc\u00e8s non autoris\u00e9, divulgation ind\u00e9sirable et modification illicite. Nous communiquons nos directives de confidentialit\u00e9 et de s\u00e9curit\u00e9 \u00e0 l\u2019ensemble des employ\u00e9s de VRS NEXT et nous appliquons des mesures strictes au sein de l\u2019entreprise afin de garantir la s\u00e9curit\u00e9 de vos donn\u00e9es \u00e0 caract\u00e8re personnel. Si vous avez l\u2019impression que vos donn\u00e9es ne sont pas bien prot\u00e9g\u00e9es ou s\u2019il existe des indices d\u2019abus, prenez contact avec VRS NEXT par l\u2019interm\u00e9diaire de l\u2019adresse suivante: privacy@vrsnext.com.<\/p>\n[\/vc_column_text][\/vc_column][vc_column column_padding=\u00a0\u00bbno-extra-padding\u00a0\u00bb column_padding_tablet=\u00a0\u00bbinherit\u00a0\u00bb column_padding_phone=\u00a0\u00bbinherit\u00a0\u00bb column_padding_position=\u00a0\u00bball\u00a0\u00bb column_element_spacing=\u00a0\u00bbdefault\u00a0\u00bb background_color_opacity=\u00a0\u00bb1&Prime; background_hover_color_opacity=\u00a0\u00bb1&Prime; column_shadow=\u00a0\u00bbnone\u00a0\u00bb column_border_radius=\u00a0\u00bbnone\u00a0\u00bb column_link_target=\u00a0\u00bb_self\u00a0\u00bb gradient_direction=\u00a0\u00bbleft_to_right\u00a0\u00bb overlay_strength=\u00a0\u00bb0.3&Prime; width=\u00a0\u00bb1\/6&Prime; tablet_width_inherit=\u00a0\u00bbdefault\u00a0\u00bb tablet_text_alignment=\u00a0\u00bbdefault\u00a0\u00bb phone_text_alignment=\u00a0\u00bbdefault\u00a0\u00bb bg_image_animation=\u00a0\u00bbnone\u00a0\u00bb border_type=\u00a0\u00bbsimple\u00a0\u00bb column_border_width=\u00a0\u00bbnone\u00a0\u00bb column_border_style=\u00a0\u00bbsolid\u00a0\u00bb][\/vc_column][\/vc_row]\n","protected":false},"excerpt":{"rendered":"<p>[vc_row type=\u00a0\u00bbin_container\u00a0\u00bb full_screen_row_position=\u00a0\u00bbmiddle\u00a0\u00bb column_margin=\u00a0\u00bbdefault\u00a0\u00bb column_direction=\u00a0\u00bbdefault\u00a0\u00bb column_direction_tablet=\u00a0\u00bbdefault\u00a0\u00bb column_direction_phone=\u00a0\u00bbdefault\u00a0\u00bb scene_position=\u00a0\u00bbcenter\u00a0\u00bb text_color=\u00a0\u00bbdark\u00a0\u00bb text_align=\u00a0\u00bbleft\u00a0\u00bb row_border_radius=\u00a0\u00bbnone\u00a0\u00bb row_border_radius_applies=\u00a0\u00bbbg\u00a0\u00bb overlay_strength=\u00a0\u00bb0.3&Prime; gradient_direction=\u00a0\u00bbleft_to_right\u00a0\u00bb shape_divider_position=\u00a0\u00bbbottom\u00a0\u00bb bg_image_animation=\u00a0\u00bbnone\u00a0\u00bb][vc_column column_padding=\u00a0\u00bbno-extra-padding\u00a0\u00bb column_padding_tablet=\u00a0\u00bbinherit\u00a0\u00bb column_padding_phone=\u00a0\u00bbinherit\u00a0\u00bb column_padding_position=\u00a0\u00bball\u00a0\u00bb column_element_spacing=\u00a0\u00bbdefault\u00a0\u00bb background_color_opacity=\u00a0\u00bb1&Prime; background_hover_color_opacity=\u00a0\u00bb1&Prime; column_shadow=\u00a0\u00bbnone\u00a0\u00bb column_border_radius=\u00a0\u00bbnone\u00a0\u00bb column_link_target=\u00a0\u00bb_self\u00a0\u00bb gradient_direction=\u00a0\u00bbleft_to_right\u00a0\u00bb overlay_strength=\u00a0\u00bb0.3&Prime; width=\u00a0\u00bb1\/6&Prime; tablet_width_inherit=\u00a0\u00bbdefault\u00a0\u00bb&#8230;<\/p>\n","protected":false},"author":1,"featured_media":0,"parent":0,"menu_order":0,"comment_status":"closed","ping_status":"open","template":"","meta":{"footnotes":""},"class_list":["post-1210","page","type-page","status-publish"],"yoast_head":"<!-- This site is optimized with the Yoast SEO plugin v27.4 - https:\/\/yoast.com\/product\/yoast-seo-wordpress\/ -->\n<title>Politique de confidentialit\u00e9 - VRS NEXT<\/title>\n<meta name=\"description\" content=\"La soci\u00e9t\u00e9 VRS NEXT est consciente du fait que vous placez en nous votre confiance. Nous estimons par cons\u00e9quent qu\u2019il est de notre responsabilit\u00e9 de prot\u00e9ger votre vie priv\u00e9e. Dans la pr\u00e9sente d\u00e9claration de confidentialit\u00e9, nous vous informons sur les donn\u00e9es que nous traitons.\" \/>\n<meta name=\"robots\" content=\"index, follow, max-snippet:-1, max-image-preview:large, max-video-preview:-1\" \/>\n<link rel=\"canonical\" href=\"https:\/\/www.vrsnext.com\/fr\/politique-de-confidentialite\/\" \/>\n<meta property=\"og:locale\" content=\"fr_FR\" \/>\n<meta property=\"og:type\" content=\"article\" \/>\n<meta property=\"og:title\" content=\"Politique de confidentialit\u00e9 - VRS NEXT\" \/>\n<meta property=\"og:description\" content=\"La soci\u00e9t\u00e9 VRS NEXT est consciente du fait que vous placez en nous votre confiance. Nous estimons par cons\u00e9quent qu\u2019il est de notre responsabilit\u00e9 de prot\u00e9ger votre vie priv\u00e9e. Dans la pr\u00e9sente d\u00e9claration de confidentialit\u00e9, nous vous informons sur les donn\u00e9es que nous traitons.\" \/>\n<meta property=\"og:url\" content=\"https:\/\/www.vrsnext.com\/fr\/politique-de-confidentialite\/\" \/>\n<meta property=\"og:site_name\" content=\"VRS NEXT\" \/>\n<meta property=\"article:modified_time\" content=\"2022-11-15T11:36:48+00:00\" \/>\n<meta name=\"twitter:card\" content=\"summary_large_image\" \/>\n<meta name=\"twitter:label1\" content=\"Dur\u00e9e de lecture estim\u00e9e\" \/>\n\t<meta name=\"twitter:data1\" content=\"7 minutes\" \/>\n<script type=\"application\/ld+json\" class=\"yoast-schema-graph\">{\"@context\":\"https:\\\/\\\/schema.org\",\"@graph\":[{\"@type\":\"WebPage\",\"@id\":\"https:\\\/\\\/www.vrsnext.com\\\/fr\\\/politique-de-confidentialite\\\/\",\"url\":\"https:\\\/\\\/www.vrsnext.com\\\/fr\\\/politique-de-confidentialite\\\/\",\"name\":\"Politique de confidentialit\u00e9 - VRS NEXT\",\"isPartOf\":{\"@id\":\"https:\\\/\\\/www.vrsnext.com\\\/fr\\\/#website\"},\"datePublished\":\"2019-12-20T13:13:14+00:00\",\"dateModified\":\"2022-11-15T11:36:48+00:00\",\"description\":\"La soci\u00e9t\u00e9 VRS NEXT est consciente du fait que vous placez en nous votre confiance. Nous estimons par cons\u00e9quent qu\u2019il est de notre responsabilit\u00e9 de prot\u00e9ger votre vie priv\u00e9e. Dans la pr\u00e9sente d\u00e9claration de confidentialit\u00e9, nous vous informons sur les donn\u00e9es que nous traitons.\",\"breadcrumb\":{\"@id\":\"https:\\\/\\\/www.vrsnext.com\\\/fr\\\/politique-de-confidentialite\\\/#breadcrumb\"},\"inLanguage\":\"fr-FR\",\"potentialAction\":[{\"@type\":\"ReadAction\",\"target\":[\"https:\\\/\\\/www.vrsnext.com\\\/fr\\\/politique-de-confidentialite\\\/\"]}]},{\"@type\":\"BreadcrumbList\",\"@id\":\"https:\\\/\\\/www.vrsnext.com\\\/fr\\\/politique-de-confidentialite\\\/#breadcrumb\",\"itemListElement\":[{\"@type\":\"ListItem\",\"position\":1,\"name\":\"Home\",\"item\":\"https:\\\/\\\/www.vrsnext.com\\\/fr\\\/\"},{\"@type\":\"ListItem\",\"position\":2,\"name\":\"Politique de confidentialit\u00e9\"}]},{\"@type\":\"WebSite\",\"@id\":\"https:\\\/\\\/www.vrsnext.com\\\/fr\\\/#website\",\"url\":\"https:\\\/\\\/www.vrsnext.com\\\/fr\\\/\",\"name\":\"VRS NEXT\",\"description\":\"\",\"potentialAction\":[{\"@type\":\"SearchAction\",\"target\":{\"@type\":\"EntryPoint\",\"urlTemplate\":\"https:\\\/\\\/www.vrsnext.com\\\/fr\\\/?s={search_term_string}\"},\"query-input\":{\"@type\":\"PropertyValueSpecification\",\"valueRequired\":true,\"valueName\":\"search_term_string\"}}],\"inLanguage\":\"fr-FR\"}]}<\/script>\n<!-- \/ Yoast SEO plugin. -->","yoast_head_json":{"title":"Politique de confidentialit\u00e9 - VRS NEXT","description":"La soci\u00e9t\u00e9 VRS NEXT est consciente du fait que vous placez en nous votre confiance. Nous estimons par cons\u00e9quent qu\u2019il est de notre responsabilit\u00e9 de prot\u00e9ger votre vie priv\u00e9e. Dans la pr\u00e9sente d\u00e9claration de confidentialit\u00e9, nous vous informons sur les donn\u00e9es que nous traitons.","robots":{"index":"index","follow":"follow","max-snippet":"max-snippet:-1","max-image-preview":"max-image-preview:large","max-video-preview":"max-video-preview:-1"},"canonical":"https:\/\/www.vrsnext.com\/fr\/politique-de-confidentialite\/","og_locale":"fr_FR","og_type":"article","og_title":"Politique de confidentialit\u00e9 - VRS NEXT","og_description":"La soci\u00e9t\u00e9 VRS NEXT est consciente du fait que vous placez en nous votre confiance. Nous estimons par cons\u00e9quent qu\u2019il est de notre responsabilit\u00e9 de prot\u00e9ger votre vie priv\u00e9e. Dans la pr\u00e9sente d\u00e9claration de confidentialit\u00e9, nous vous informons sur les donn\u00e9es que nous traitons.","og_url":"https:\/\/www.vrsnext.com\/fr\/politique-de-confidentialite\/","og_site_name":"VRS NEXT","article_modified_time":"2022-11-15T11:36:48+00:00","twitter_card":"summary_large_image","twitter_misc":{"Dur\u00e9e de lecture estim\u00e9e":"7 minutes"},"schema":{"@context":"https:\/\/schema.org","@graph":[{"@type":"WebPage","@id":"https:\/\/www.vrsnext.com\/fr\/politique-de-confidentialite\/","url":"https:\/\/www.vrsnext.com\/fr\/politique-de-confidentialite\/","name":"Politique de confidentialit\u00e9 - VRS NEXT","isPartOf":{"@id":"https:\/\/www.vrsnext.com\/fr\/#website"},"datePublished":"2019-12-20T13:13:14+00:00","dateModified":"2022-11-15T11:36:48+00:00","description":"La soci\u00e9t\u00e9 VRS NEXT est consciente du fait que vous placez en nous votre confiance. Nous estimons par cons\u00e9quent qu\u2019il est de notre responsabilit\u00e9 de prot\u00e9ger votre vie priv\u00e9e. Dans la pr\u00e9sente d\u00e9claration de confidentialit\u00e9, nous vous informons sur les donn\u00e9es que nous traitons.","breadcrumb":{"@id":"https:\/\/www.vrsnext.com\/fr\/politique-de-confidentialite\/#breadcrumb"},"inLanguage":"fr-FR","potentialAction":[{"@type":"ReadAction","target":["https:\/\/www.vrsnext.com\/fr\/politique-de-confidentialite\/"]}]},{"@type":"BreadcrumbList","@id":"https:\/\/www.vrsnext.com\/fr\/politique-de-confidentialite\/#breadcrumb","itemListElement":[{"@type":"ListItem","position":1,"name":"Home","item":"https:\/\/www.vrsnext.com\/fr\/"},{"@type":"ListItem","position":2,"name":"Politique de confidentialit\u00e9"}]},{"@type":"WebSite","@id":"https:\/\/www.vrsnext.com\/fr\/#website","url":"https:\/\/www.vrsnext.com\/fr\/","name":"VRS NEXT","description":"","potentialAction":[{"@type":"SearchAction","target":{"@type":"EntryPoint","urlTemplate":"https:\/\/www.vrsnext.com\/fr\/?s={search_term_string}"},"query-input":{"@type":"PropertyValueSpecification","valueRequired":true,"valueName":"search_term_string"}}],"inLanguage":"fr-FR"}]}},"_links":{"self":[{"href":"https:\/\/www.vrsnext.com\/fr\/wp-json\/wp\/v2\/pages\/1210","targetHints":{"allow":["GET"]}}],"collection":[{"href":"https:\/\/www.vrsnext.com\/fr\/wp-json\/wp\/v2\/pages"}],"about":[{"href":"https:\/\/www.vrsnext.com\/fr\/wp-json\/wp\/v2\/types\/page"}],"author":[{"embeddable":true,"href":"https:\/\/www.vrsnext.com\/fr\/wp-json\/wp\/v2\/users\/1"}],"replies":[{"embeddable":true,"href":"https:\/\/www.vrsnext.com\/fr\/wp-json\/wp\/v2\/comments?post=1210"}],"version-history":[{"count":1,"href":"https:\/\/www.vrsnext.com\/fr\/wp-json\/wp\/v2\/pages\/1210\/revisions"}],"predecessor-version":[{"id":1211,"href":"https:\/\/www.vrsnext.com\/fr\/wp-json\/wp\/v2\/pages\/1210\/revisions\/1211"}],"wp:attachment":[{"href":"https:\/\/www.vrsnext.com\/fr\/wp-json\/wp\/v2\/media?parent=1210"}],"curies":[{"name":"wp","href":"https:\/\/api.w.org\/{rel}","templated":true}]}}