{"id":909,"date":"2020-01-09T10:06:06","date_gmt":"2020-01-09T10:06:06","guid":{"rendered":"https:\/\/www.vrsnext.com\/agriculture-de-precision\/"},"modified":"2023-04-22T11:19:44","modified_gmt":"2023-04-22T11:19:44","slug":"agriculture-de-precision","status":"publish","type":"page","link":"https:\/\/www.vrsnext.com\/fr\/agriculture-de-precision\/","title":{"rendered":"AGRICULTURE DE PR\u00c9CISION"},"content":{"rendered":"[vc_row type=\u00a0\u00bbin_container\u00a0\u00bb full_screen_row_position=\u00a0\u00bbmiddle\u00a0\u00bb column_margin=\u00a0\u00bbdefault\u00a0\u00bb column_direction=\u00a0\u00bbdefault\u00a0\u00bb column_direction_tablet=\u00a0\u00bbdefault\u00a0\u00bb column_direction_phone=\u00a0\u00bbdefault\u00a0\u00bb scene_position=\u00a0\u00bbcenter\u00a0\u00bb top_padding=\u00a0\u00bb30&Prime; bottom_padding=\u00a0\u00bb30&Prime; text_color=\u00a0\u00bbdark\u00a0\u00bb text_align=\u00a0\u00bbcenter\u00a0\u00bb row_border_radius=\u00a0\u00bbnone\u00a0\u00bb row_border_radius_applies=\u00a0\u00bbbg\u00a0\u00bb overlay_strength=\u00a0\u00bb0.3&Prime; gradient_direction=\u00a0\u00bbleft_to_right\u00a0\u00bb shape_divider_position=\u00a0\u00bbbottom\u00a0\u00bb bg_image_animation=\u00a0\u00bbnone\u00a0\u00bb shape_type=\u00a0\u00bb\u00a0\u00bb][vc_column column_padding=\u00a0\u00bbno-extra-padding\u00a0\u00bb column_padding_tablet=\u00a0\u00bbinherit\u00a0\u00bb column_padding_phone=\u00a0\u00bbinherit\u00a0\u00bb column_padding_position=\u00a0\u00bball\u00a0\u00bb column_element_spacing=\u00a0\u00bbdefault\u00a0\u00bb background_color_opacity=\u00a0\u00bb1&Prime; background_hover_color_opacity=\u00a0\u00bb1&Prime; column_shadow=\u00a0\u00bbnone\u00a0\u00bb column_border_radius=\u00a0\u00bbnone\u00a0\u00bb column_link_target=\u00a0\u00bb_self\u00a0\u00bb gradient_direction=\u00a0\u00bbleft_to_right\u00a0\u00bb overlay_strength=\u00a0\u00bb0.3&Prime; width=\u00a0\u00bb1\/1&Prime; tablet_width_inherit=\u00a0\u00bbdefault\u00a0\u00bb tablet_text_alignment=\u00a0\u00bbdefault\u00a0\u00bb phone_text_alignment=\u00a0\u00bbdefault\u00a0\u00bb bg_image_animation=\u00a0\u00bbnone\u00a0\u00bb border_type=\u00a0\u00bbsimple\u00a0\u00bb column_border_width=\u00a0\u00bbnone\u00a0\u00bb column_border_style=\u00a0\u00bbsolid\u00a0\u00bb][vc_column_text]\n<h1 style=\"color: #1f1b3e; font-size: 32px; margin-top: 0px;\">CORRECTIONS RTK POUR AGRICULTURE DE PR\u00c9CISION<\/h1>\n<h2 style=\"color: #19bbe7; font-size: 18px; margin-bottom: 0px;\">SEMER ET R\u00c9COLTER 365 JOURS PAR AN AVEC LA PLUS HAUTE PR\u00c9CISION<\/h2>\n[\/vc_column_text][vc_column_text]VRS NEXT offre aux agriculteurs et aux entrepreneurs un acc\u00e8s direct aux corrections cin\u00e9matiques en temps r\u00e9el (RTK) \u00e0 l&rsquo;aide d\u2019un r\u00e9seau de stations de r\u00e9f\u00e9rence GNSS permanentes (fixes) fonctionnant en continu. Gr\u00e2ce \u00e0 l\u2019infrastructure enti\u00e8rement redondante du r\u00e9seau, les agriculteurs et entrepreneurs peuvent compter constamment sur une connectivit\u00e9, une stabilit\u00e9 et une qualit\u00e9 constantes. Il n\u2019est plus n\u00e9cessaire d\u2019avoir sa propre station de base pour am\u00e9liorer la pr\u00e9cision des engins agricoles. \u00c0 l&rsquo;aide du r\u00e9seau VRS NEXT, vous pouvez travailler plus efficacement, sans vous soucier d\u2019une perte de connexion avec votre station de base RTK.[\/vc_column_text][\/vc_column][\/vc_row][vc_row type=\u00a0\u00bbfull_width_background\u00a0\u00bb full_screen_row_position=\u00a0\u00bbmiddle\u00a0\u00bb column_margin=\u00a0\u00bbdefault\u00a0\u00bb column_direction=\u00a0\u00bbdefault\u00a0\u00bb column_direction_tablet=\u00a0\u00bbdefault\u00a0\u00bb column_direction_phone=\u00a0\u00bbdefault\u00a0\u00bb scene_position=\u00a0\u00bbcenter\u00a0\u00bb top_padding=\u00a0\u00bb30&Prime; bottom_padding=\u00a0\u00bb60&Prime; text_color=\u00a0\u00bbdark\u00a0\u00bb text_align=\u00a0\u00bbleft\u00a0\u00bb row_border_radius=\u00a0\u00bbnone\u00a0\u00bb row_border_radius_applies=\u00a0\u00bbbg\u00a0\u00bb overlay_strength=\u00a0\u00bb0.3&Prime; gradient_direction=\u00a0\u00bbleft_to_right\u00a0\u00bb shape_divider_position=\u00a0\u00bbbottom\u00a0\u00bb bg_image_animation=\u00a0\u00bbnone\u00a0\u00bb shape_type=\u00a0\u00bb\u00a0\u00bb][vc_column column_padding=\u00a0\u00bbpadding-1-percent\u00a0\u00bb column_padding_tablet=\u00a0\u00bbinherit\u00a0\u00bb column_padding_phone=\u00a0\u00bbinherit\u00a0\u00bb column_padding_position=\u00a0\u00bball\u00a0\u00bb column_element_spacing=\u00a0\u00bbdefault\u00a0\u00bb background_color_opacity=\u00a0\u00bb1&Prime; background_hover_color_opacity=\u00a0\u00bb1&Prime; column_shadow=\u00a0\u00bbnone\u00a0\u00bb column_border_radius=\u00a0\u00bbnone\u00a0\u00bb column_link_target=\u00a0\u00bb_self\u00a0\u00bb gradient_direction=\u00a0\u00bbleft_to_right\u00a0\u00bb overlay_strength=\u00a0\u00bb0.3&Prime; width=\u00a0\u00bb1\/1&Prime; tablet_width_inherit=\u00a0\u00bbdefault\u00a0\u00bb tablet_text_alignment=\u00a0\u00bbdefault\u00a0\u00bb phone_text_alignment=\u00a0\u00bbdefault\u00a0\u00bb bg_image_animation=\u00a0\u00bbnone\u00a0\u00bb border_type=\u00a0\u00bbsimple\u00a0\u00bb column_border_width=\u00a0\u00bbnone\u00a0\u00bb column_border_style=\u00a0\u00bbsolid\u00a0\u00bb][pricing_table style=\u00a0\u00bbdefault\u00a0\u00bb columns=\u00a0\u00bb3&Prime;][pricing_column color=\u00a0\u00bbAccent-Color\u00a0\u00bb price=\u00a0\u00bb35,-\u00a0\u00bb interval=\u00a0\u00bbpar mois, hors TVA\u00a0\u00bb id=\u00a0\u00bb1578749706304-9&Prime; currency_symbol=\u00a0\u00bb\u20ac\u00a0\u00bb title=\u00a0\u00bbagriRTK Service\u00a0\u00bb tab_id=\u00a0\u00bb1578749706306-10&Prime;][vc_column_text]\n<ul class=\"features\">\n<li><i class=\"icon-tiny fa fa-check extra-color-1\"><\/i> Pr\u00e9cision de rang \u00e0 rang &lt; 2 centim\u00e8tres<\/li>\n<li><i class=\"icon-tiny fa fa-check extra-color-1\"><\/i> GPS, GLONASS, Galileo et BeiDou<\/li>\n<li><i class=\"icon-tiny fa fa-check extra-color-1\"><\/i> Couverture Belgique, Pays-Bas et Luxembourg<\/li>\n<li><i class=\"icon-tiny fa fa-check extra-color-1\"><\/i> Service d\u2019assistance inclus<\/li>\n<li><i class=\"icon-tiny fa fa-check extra-color-1\"><\/i> R\u00e9siliation de l&rsquo;abonnement possible tous les mois<\/li>\n<\/ul>\n<a class=\"nectar-button n-sc-button large see-through has-icon\"  href=\"\/fr\/service-agri-rtk-mois\/\" data-color-override=\"#1f1b3e\" data-hover-color-override=\"false\" data-hover-text-color-override=\"#fff\"><span>Commander<\/span><i class=\"icon-button-arrow\"><\/i><\/a>[\/vc_column_text][\/pricing_column][pricing_column color=\u00a0\u00bbExtra-Color-2&Prime; price=\u00a0\u00bb350,-\u00a0\u00bb currency_symbol=\u00a0\u00bb\u20ac\u00a0\u00bb interval=\u00a0\u00bbpar an, hors TVA\u00a0\u00bb id=\u00a0\u00bb1578749706368-5&Prime; title=\u00a0\u00bbagriRTK Service\u00a0\u00bb tab_id=\u00a0\u00bb1578749706369-5&Prime;][vc_column_text]\n<ul class=\"features\">\n<li><i class=\"icon-tiny fa fa-check extra-color-1\"><\/i> Pr\u00e9cision de rang \u00e0 rang &lt; 2 centim\u00e8tres<\/li>\n<li><i class=\"icon-tiny fa fa-check extra-color-1\"><\/i> GPS, GLONASS, Galileo et BeiDou<\/li>\n<li><i class=\"icon-tiny fa fa-check extra-color-1\"><\/i> Couverture Belgique, Pays-Bas et Luxembourg<\/li>\n<li><i class=\"icon-tiny fa fa-check extra-color-1\"><\/i> Service d\u2019assistance inclus<\/li>\n<li><i class=\"icon-tiny fa fa-check extra-color-1\"><\/i> Acc\u00e8s gratuit au service RINEX<\/li>\n<\/ul>\n<a class=\"nectar-button n-sc-button large see-through has-icon\"  href=\"\/fr\/service-agri-rtk-an\/\" data-color-override=\"#1f1b3e\" data-hover-color-override=\"false\" data-hover-text-color-override=\"#fff\"><span>Commander<\/span><i class=\"icon-button-arrow\"><\/i><\/a>[\/vc_column_text][\/pricing_column][pricing_column highlight=\u00a0\u00bbtrue\u00a0\u00bb color=\u00a0\u00bbAccent-Color\u00a0\u00bb highlight_reason=\u00a0\u00bbLes plus choisis\u00a0\u00bb price=\u00a0\u00bb475,-\u00a0\u00bb currency_symbol=\u00a0\u00bb\u20ac\u00a0\u00bb id=\u00a0\u00bb1578749706398-5&Prime; interval=\u00a0\u00bbpar an, hors TVA\u00a0\u00bb title=\u00a0\u00bbagriRTK Service, compris SIM\u00a0\u00bb tab_id=\u00a0\u00bb1578749706399-3&Prime;][vc_column_text]\n<ul class=\"features\">\n<li><i class=\"icon-tiny fa fa-check extra-color-1\"><\/i> Pr\u00e9cision de rang \u00e0 rang &lt; 2 centim\u00e8tres<\/li>\n<li><i class=\"icon-tiny fa fa-check extra-color-1\"><\/i> GPS, GLONASS, Galileo et BeiDou<\/li>\n<li><i class=\"icon-tiny fa fa-check extra-color-1\"><\/i> Couverture Belgique, Pays-Bas et Luxembourg<\/li>\n<li><i class=\"icon-tiny fa fa-check extra-color-1\"><\/i> Service d\u2019assistance inclus<\/li>\n<li><i class=\"icon-tiny fa fa-check extra-color-1\"><\/i> Acc\u00e8s gratuit au service RINEX<\/li>\n<li><i class=\"icon-tiny fa fa-check extra-color-1\"><\/i> Carte SIM sp\u00e9ciale de donn\u00e9es NTRIP comprise<\/li>\n<\/ul>\n<a class=\"nectar-button n-sc-button large accent-color has-icon regular-button\"  href=\"\/fr\/service-agri-rtk-sim\/\" data-color-override=\"false\" data-hover-color-override=\"false\" data-hover-text-color-override=\"#fff\"><span>Commander<\/span><i class=\"icon-button-arrow\"><\/i><\/a>[\/vc_column_text][\/pricing_column][\/pricing_table][\/vc_column][\/vc_row]\n","protected":false},"excerpt":{"rendered":"<p>[vc_row type=\u00a0\u00bbin_container\u00a0\u00bb full_screen_row_position=\u00a0\u00bbmiddle\u00a0\u00bb column_margin=\u00a0\u00bbdefault\u00a0\u00bb column_direction=\u00a0\u00bbdefault\u00a0\u00bb column_direction_tablet=\u00a0\u00bbdefault\u00a0\u00bb column_direction_phone=\u00a0\u00bbdefault\u00a0\u00bb scene_position=\u00a0\u00bbcenter\u00a0\u00bb top_padding=\u00a0\u00bb30&Prime; bottom_padding=\u00a0\u00bb30&Prime; text_color=\u00a0\u00bbdark\u00a0\u00bb text_align=\u00a0\u00bbcenter\u00a0\u00bb row_border_radius=\u00a0\u00bbnone\u00a0\u00bb row_border_radius_applies=\u00a0\u00bbbg\u00a0\u00bb overlay_strength=\u00a0\u00bb0.3&Prime; gradient_direction=\u00a0\u00bbleft_to_right\u00a0\u00bb shape_divider_position=\u00a0\u00bbbottom\u00a0\u00bb bg_image_animation=\u00a0\u00bbnone\u00a0\u00bb shape_type=\u00a0\u00bb\u00a0\u00bb][vc_column column_padding=\u00a0\u00bbno-extra-padding\u00a0\u00bb column_padding_tablet=\u00a0\u00bbinherit\u00a0\u00bb column_padding_phone=\u00a0\u00bbinherit\u00a0\u00bb column_padding_position=\u00a0\u00bball\u00a0\u00bb column_element_spacing=\u00a0\u00bbdefault\u00a0\u00bb background_color_opacity=\u00a0\u00bb1&Prime; background_hover_color_opacity=\u00a0\u00bb1&Prime; column_shadow=\u00a0\u00bbnone\u00a0\u00bb column_border_radius=\u00a0\u00bbnone\u00a0\u00bb column_link_target=\u00a0\u00bb_self\u00a0\u00bb gradient_direction=\u00a0\u00bbleft_to_right\u00a0\u00bb&#8230;<\/p>\n","protected":false},"author":1,"featured_media":0,"parent":0,"menu_order":0,"comment_status":"closed","ping_status":"closed","template":"","meta":{"footnotes":""},"class_list":["post-909","page","type-page","status-publish"],"yoast_head":"<!-- This site is optimized with the Yoast SEO plugin v27.4 - https:\/\/yoast.com\/product\/yoast-seo-wordpress\/ -->\n<title>Corrections RTK pour agriculture de pr\u00e9cision - VRS NEXT<\/title>\n<meta name=\"description\" content=\"\u00c0 l\u2019aide du service de correction RTK de VRS NEXT pour l\u2019agriculture de pr\u00e9cision, vous pouvez semer, cultiver et r\u00e9colter 365 jours par an avec la plus haute pr\u00e9cision.\" \/>\n<meta name=\"robots\" content=\"index, follow, max-snippet:-1, max-image-preview:large, max-video-preview:-1\" \/>\n<link rel=\"canonical\" href=\"https:\/\/www.vrsnext.com\/fr\/agriculture-de-precision\/\" \/>\n<meta property=\"og:locale\" content=\"fr_FR\" \/>\n<meta property=\"og:type\" content=\"article\" \/>\n<meta property=\"og:title\" content=\"Corrections RTK pour agriculture de pr\u00e9cision - VRS NEXT\" \/>\n<meta property=\"og:description\" content=\"\u00c0 l\u2019aide du service de correction RTK de VRS NEXT pour l\u2019agriculture de pr\u00e9cision, vous pouvez semer, cultiver et r\u00e9colter 365 jours par an avec la plus haute pr\u00e9cision.\" \/>\n<meta property=\"og:url\" content=\"https:\/\/www.vrsnext.com\/fr\/agriculture-de-precision\/\" \/>\n<meta property=\"og:site_name\" content=\"VRS NEXT\" \/>\n<meta property=\"article:modified_time\" content=\"2023-04-22T11:19:44+00:00\" \/>\n<meta name=\"twitter:card\" content=\"summary_large_image\" \/>\n<meta name=\"twitter:label1\" content=\"Dur\u00e9e de lecture estim\u00e9e\" \/>\n\t<meta name=\"twitter:data1\" content=\"4 minutes\" \/>\n<script type=\"application\/ld+json\" class=\"yoast-schema-graph\">{\"@context\":\"https:\\\/\\\/schema.org\",\"@graph\":[{\"@type\":\"WebPage\",\"@id\":\"https:\\\/\\\/www.vrsnext.com\\\/fr\\\/agriculture-de-precision\\\/\",\"url\":\"https:\\\/\\\/www.vrsnext.com\\\/fr\\\/agriculture-de-precision\\\/\",\"name\":\"Corrections RTK pour agriculture de pr\u00e9cision - VRS NEXT\",\"isPartOf\":{\"@id\":\"https:\\\/\\\/www.vrsnext.com\\\/fr\\\/#website\"},\"datePublished\":\"2020-01-09T10:06:06+00:00\",\"dateModified\":\"2023-04-22T11:19:44+00:00\",\"description\":\"\u00c0 l\u2019aide du service de correction RTK de VRS NEXT pour l\u2019agriculture de pr\u00e9cision, vous pouvez semer, cultiver et r\u00e9colter 365 jours par an avec la plus haute pr\u00e9cision.\",\"breadcrumb\":{\"@id\":\"https:\\\/\\\/www.vrsnext.com\\\/fr\\\/agriculture-de-precision\\\/#breadcrumb\"},\"inLanguage\":\"fr-FR\",\"potentialAction\":[{\"@type\":\"ReadAction\",\"target\":[\"https:\\\/\\\/www.vrsnext.com\\\/fr\\\/agriculture-de-precision\\\/\"]}]},{\"@type\":\"BreadcrumbList\",\"@id\":\"https:\\\/\\\/www.vrsnext.com\\\/fr\\\/agriculture-de-precision\\\/#breadcrumb\",\"itemListElement\":[{\"@type\":\"ListItem\",\"position\":1,\"name\":\"Home\",\"item\":\"https:\\\/\\\/www.vrsnext.com\\\/fr\\\/\"},{\"@type\":\"ListItem\",\"position\":2,\"name\":\"AGRICULTURE DE PR\u00c9CISION\"}]},{\"@type\":\"WebSite\",\"@id\":\"https:\\\/\\\/www.vrsnext.com\\\/fr\\\/#website\",\"url\":\"https:\\\/\\\/www.vrsnext.com\\\/fr\\\/\",\"name\":\"VRS NEXT\",\"description\":\"\",\"potentialAction\":[{\"@type\":\"SearchAction\",\"target\":{\"@type\":\"EntryPoint\",\"urlTemplate\":\"https:\\\/\\\/www.vrsnext.com\\\/fr\\\/?s={search_term_string}\"},\"query-input\":{\"@type\":\"PropertyValueSpecification\",\"valueRequired\":true,\"valueName\":\"search_term_string\"}}],\"inLanguage\":\"fr-FR\"}]}<\/script>\n<!-- \/ Yoast SEO plugin. -->","yoast_head_json":{"title":"Corrections RTK pour agriculture de pr\u00e9cision - VRS NEXT","description":"\u00c0 l\u2019aide du service de correction RTK de VRS NEXT pour l\u2019agriculture de pr\u00e9cision, vous pouvez semer, cultiver et r\u00e9colter 365 jours par an avec la plus haute pr\u00e9cision.","robots":{"index":"index","follow":"follow","max-snippet":"max-snippet:-1","max-image-preview":"max-image-preview:large","max-video-preview":"max-video-preview:-1"},"canonical":"https:\/\/www.vrsnext.com\/fr\/agriculture-de-precision\/","og_locale":"fr_FR","og_type":"article","og_title":"Corrections RTK pour agriculture de pr\u00e9cision - VRS NEXT","og_description":"\u00c0 l\u2019aide du service de correction RTK de VRS NEXT pour l\u2019agriculture de pr\u00e9cision, vous pouvez semer, cultiver et r\u00e9colter 365 jours par an avec la plus haute pr\u00e9cision.","og_url":"https:\/\/www.vrsnext.com\/fr\/agriculture-de-precision\/","og_site_name":"VRS NEXT","article_modified_time":"2023-04-22T11:19:44+00:00","twitter_card":"summary_large_image","twitter_misc":{"Dur\u00e9e de lecture estim\u00e9e":"4 minutes"},"schema":{"@context":"https:\/\/schema.org","@graph":[{"@type":"WebPage","@id":"https:\/\/www.vrsnext.com\/fr\/agriculture-de-precision\/","url":"https:\/\/www.vrsnext.com\/fr\/agriculture-de-precision\/","name":"Corrections RTK pour agriculture de pr\u00e9cision - VRS NEXT","isPartOf":{"@id":"https:\/\/www.vrsnext.com\/fr\/#website"},"datePublished":"2020-01-09T10:06:06+00:00","dateModified":"2023-04-22T11:19:44+00:00","description":"\u00c0 l\u2019aide du service de correction RTK de VRS NEXT pour l\u2019agriculture de pr\u00e9cision, vous pouvez semer, cultiver et r\u00e9colter 365 jours par an avec la plus haute pr\u00e9cision.","breadcrumb":{"@id":"https:\/\/www.vrsnext.com\/fr\/agriculture-de-precision\/#breadcrumb"},"inLanguage":"fr-FR","potentialAction":[{"@type":"ReadAction","target":["https:\/\/www.vrsnext.com\/fr\/agriculture-de-precision\/"]}]},{"@type":"BreadcrumbList","@id":"https:\/\/www.vrsnext.com\/fr\/agriculture-de-precision\/#breadcrumb","itemListElement":[{"@type":"ListItem","position":1,"name":"Home","item":"https:\/\/www.vrsnext.com\/fr\/"},{"@type":"ListItem","position":2,"name":"AGRICULTURE DE PR\u00c9CISION"}]},{"@type":"WebSite","@id":"https:\/\/www.vrsnext.com\/fr\/#website","url":"https:\/\/www.vrsnext.com\/fr\/","name":"VRS NEXT","description":"","potentialAction":[{"@type":"SearchAction","target":{"@type":"EntryPoint","urlTemplate":"https:\/\/www.vrsnext.com\/fr\/?s={search_term_string}"},"query-input":{"@type":"PropertyValueSpecification","valueRequired":true,"valueName":"search_term_string"}}],"inLanguage":"fr-FR"}]}},"_links":{"self":[{"href":"https:\/\/www.vrsnext.com\/fr\/wp-json\/wp\/v2\/pages\/909","targetHints":{"allow":["GET"]}}],"collection":[{"href":"https:\/\/www.vrsnext.com\/fr\/wp-json\/wp\/v2\/pages"}],"about":[{"href":"https:\/\/www.vrsnext.com\/fr\/wp-json\/wp\/v2\/types\/page"}],"author":[{"embeddable":true,"href":"https:\/\/www.vrsnext.com\/fr\/wp-json\/wp\/v2\/users\/1"}],"replies":[{"embeddable":true,"href":"https:\/\/www.vrsnext.com\/fr\/wp-json\/wp\/v2\/comments?post=909"}],"version-history":[{"count":4,"href":"https:\/\/www.vrsnext.com\/fr\/wp-json\/wp\/v2\/pages\/909\/revisions"}],"predecessor-version":[{"id":1364,"href":"https:\/\/www.vrsnext.com\/fr\/wp-json\/wp\/v2\/pages\/909\/revisions\/1364"}],"wp:attachment":[{"href":"https:\/\/www.vrsnext.com\/fr\/wp-json\/wp\/v2\/media?parent=909"}],"curies":[{"name":"wp","href":"https:\/\/api.w.org\/{rel}","templated":true}]}}