{"id":971,"date":"2020-03-03T13:49:51","date_gmt":"2020-03-03T13:49:51","guid":{"rendered":"https:\/\/www.vrsnext.com\/service-agri-rtk-mois\/"},"modified":"2022-11-14T18:03:59","modified_gmt":"2022-11-14T18:03:59","slug":"service-agri-rtk-mois","status":"publish","type":"page","link":"https:\/\/www.vrsnext.com\/fr\/service-agri-rtk-mois\/","title":{"rendered":"service agri rtk mois"},"content":{"rendered":"[vc_row type=\u00a0\u00bbin_container\u00a0\u00bb full_screen_row_position=\u00a0\u00bbmiddle\u00a0\u00bb column_margin=\u00a0\u00bbdefault\u00a0\u00bb scene_position=\u00a0\u00bbcenter\u00a0\u00bb text_color=\u00a0\u00bbdark\u00a0\u00bb text_align=\u00a0\u00bbleft\u00a0\u00bb overlay_strength=\u00a0\u00bb0.3&Prime; shape_divider_position=\u00a0\u00bbbottom\u00a0\u00bb bg_image_animation=\u00a0\u00bbnone\u00a0\u00bb][vc_column column_padding=\u00a0\u00bbno-extra-padding\u00a0\u00bb column_padding_position=\u00a0\u00bball\u00a0\u00bb background_color_opacity=\u00a0\u00bb1&Prime; background_hover_color_opacity=\u00a0\u00bb1&Prime; column_link_target=\u00a0\u00bb_self\u00a0\u00bb column_shadow=\u00a0\u00bbnone\u00a0\u00bb column_border_radius=\u00a0\u00bbnone\u00a0\u00bb width=\u00a0\u00bb1\/6&Prime; tablet_width_inherit=\u00a0\u00bbdefault\u00a0\u00bb tablet_text_alignment=\u00a0\u00bbdefault\u00a0\u00bb phone_text_alignment=\u00a0\u00bbdefault\u00a0\u00bb overlay_strength=\u00a0\u00bb0.3&Prime; column_border_width=\u00a0\u00bbnone\u00a0\u00bb column_border_style=\u00a0\u00bbsolid\u00a0\u00bb bg_image_animation=\u00a0\u00bbnone\u00a0\u00bb][\/vc_column][vc_column column_padding=\u00a0\u00bbno-extra-padding\u00a0\u00bb column_padding_position=\u00a0\u00bball\u00a0\u00bb background_color_opacity=\u00a0\u00bb1&Prime; background_hover_color_opacity=\u00a0\u00bb1&Prime; column_link_target=\u00a0\u00bb_self\u00a0\u00bb column_shadow=\u00a0\u00bbnone\u00a0\u00bb column_border_radius=\u00a0\u00bbnone\u00a0\u00bb width=\u00a0\u00bb2\/3&Prime; tablet_width_inherit=\u00a0\u00bbdefault\u00a0\u00bb tablet_text_alignment=\u00a0\u00bbdefault\u00a0\u00bb phone_text_alignment=\u00a0\u00bbdefault\u00a0\u00bb overlay_strength=\u00a0\u00bb0.3&Prime; column_border_width=\u00a0\u00bbnone\u00a0\u00bb column_border_style=\u00a0\u00bbsolid\u00a0\u00bb bg_image_animation=\u00a0\u00bbnone\u00a0\u00bb][vc_column_text]\n<h1 style=\"color: #1f1b3e; font-size: 32px; margin-top: 0px;\">FORMULAIRE DE DEMANDE D\u2019ABONNEMENT<\/h1>\n<h6 style=\"color: #19bbe7; font-size: 18px; margin-bottom: 0px;\">agriRTK Service, abonnement d\u2019un mois<\/h6>\n[\/vc_column_text][divider line_type=\u00a0\u00bbFull Width Line\u00a0\u00bb line_thickness=\u00a0\u00bb1&Prime; divider_color=\u00a0\u00bbextra-color-gradient-1&Prime; custom_height=\u00a0\u00bb40&Prime;]\n<div class=\"wpcf7 no-js\" id=\"wpcf7-f1236-o1\" lang=\"fr-FR\" dir=\"ltr\" data-wpcf7-id=\"1236\">\n<div class=\"screen-reader-response\"><p role=\"status\" aria-live=\"polite\" aria-atomic=\"true\"><\/p> <ul><\/ul><\/div>\n<form action=\"\/fr\/wp-json\/wp\/v2\/pages\/971#wpcf7-f1236-o1\" method=\"post\" class=\"wpcf7-form init\" aria-label=\"Formulaire de contact\" novalidate=\"novalidate\" data-status=\"init\">\n<fieldset class=\"hidden-fields-container\"><input type=\"hidden\" name=\"_wpcf7\" value=\"1236\" \/><input type=\"hidden\" name=\"_wpcf7_version\" value=\"6.1.5\" \/><input type=\"hidden\" name=\"_wpcf7_locale\" value=\"fr_FR\" \/><input type=\"hidden\" name=\"_wpcf7_unit_tag\" value=\"wpcf7-f1236-o1\" \/><input type=\"hidden\" name=\"_wpcf7_container_post\" value=\"0\" \/><input type=\"hidden\" name=\"_wpcf7_posted_data_hash\" value=\"\" \/><input type=\"hidden\" name=\"_wpcf7_recaptcha_response\" value=\"\" \/>\n<\/fieldset>\n<h2 style=\"font-size:18px; color:#19bbe7;\">1 - D\u00e9tails du demandeur\n<\/h2>\n<p><label> Entreprise\/Organisation<br \/>\n<span class=\"wpcf7-form-control-wrap\" data-name=\"company\"><input size=\"40\" maxlength=\"400\" class=\"wpcf7-form-control wpcf7-text wpcf7-validates-as-required\" aria-required=\"true\" aria-invalid=\"false\" value=\"\" type=\"text\" name=\"company\" \/><\/span> <\/label>\n<\/p>\n<p><label> Num\u00e9ro de la chambre de commerce<br \/>\n<span class=\"wpcf7-form-control-wrap\" data-name=\"KVK-company\"><input size=\"40\" maxlength=\"400\" class=\"wpcf7-form-control wpcf7-text wpcf7-validates-as-required\" aria-required=\"true\" aria-invalid=\"false\" value=\"\" type=\"text\" name=\"KVK-company\" \/><\/span> <\/label>\n<\/p>\n<p><label> Num\u00e9ro d'identification TVA<br \/>\n<span class=\"wpcf7-form-control-wrap\" data-name=\"BTW-company\"><input size=\"40\" maxlength=\"400\" class=\"wpcf7-form-control wpcf7-text wpcf7-validates-as-required\" aria-required=\"true\" aria-invalid=\"false\" value=\"\" type=\"text\" name=\"BTW-company\" \/><\/span> <\/label>\n<\/p>\n<p><label> Adresse<br \/>\n<span class=\"wpcf7-form-control-wrap\" data-name=\"adres-company\"><input size=\"40\" maxlength=\"400\" class=\"wpcf7-form-control wpcf7-text wpcf7-validates-as-required\" aria-required=\"true\" aria-invalid=\"false\" value=\"\" type=\"text\" name=\"adres-company\" \/><\/span> <\/label>\n<\/p>\n<p><label> Code postal<br \/>\n<span class=\"wpcf7-form-control-wrap\" data-name=\"postcode-company\"><input size=\"40\" maxlength=\"400\" class=\"wpcf7-form-control wpcf7-text wpcf7-validates-as-required\" aria-required=\"true\" aria-invalid=\"false\" value=\"\" type=\"text\" name=\"postcode-company\" \/><\/span> <\/label>\n<\/p>\n<p><label> Lieu<br \/>\n<span class=\"wpcf7-form-control-wrap\" data-name=\"plaats-company\"><input size=\"40\" maxlength=\"400\" class=\"wpcf7-form-control wpcf7-text wpcf7-validates-as-required\" aria-required=\"true\" aria-invalid=\"false\" value=\"\" type=\"text\" name=\"plaats-company\" \/><\/span> <\/label>\n<\/p>\n<p><label> Pays<br \/>\n<span class=\"wpcf7-form-control-wrap\" data-name=\"land-company\"><input size=\"40\" maxlength=\"400\" class=\"wpcf7-form-control wpcf7-text wpcf7-validates-as-required\" aria-required=\"true\" aria-invalid=\"false\" value=\"\" type=\"text\" name=\"land-company\" \/><\/span> <\/label>\n<\/p>\n<p><label> Salutation<br \/>\n<span class=\"wpcf7-form-control-wrap\" data-name=\"menu-819\"><select class=\"wpcf7-form-control wpcf7-select wpcf7-validates-as-required\" aria-required=\"true\" aria-invalid=\"false\" name=\"menu-819\"><option value=\"\">&#8212;Veuillez choisir une option&#8212;<\/option><option value=\"Dhr., Mr., M., Herr.\">Dhr., Mr., M., Herr.<\/option><option value=\"Mevr., Mrs., Mme., Frau.\">Mevr., Mrs., Mme., Frau.<\/option><\/select><\/span> <\/label>\n<\/p>\n<p><label> Pr\u00e9nom<br \/>\n<span class=\"wpcf7-form-control-wrap\" data-name=\"your-firstname\"><input size=\"40\" maxlength=\"400\" class=\"wpcf7-form-control wpcf7-text wpcf7-validates-as-required\" aria-required=\"true\" aria-invalid=\"false\" value=\"\" type=\"text\" name=\"your-firstname\" \/><\/span> <\/label>\n<\/p>\n<p><label> Ins\u00e9rer<br \/>\n<span class=\"wpcf7-form-control-wrap\" data-name=\"your-middelname\"><input size=\"40\" maxlength=\"400\" class=\"wpcf7-form-control wpcf7-text\" aria-invalid=\"false\" value=\"\" type=\"text\" name=\"your-middelname\" \/><\/span> <\/label>\n<\/p>\n<p><label> Nom<br \/>\n<span class=\"wpcf7-form-control-wrap\" data-name=\"your-lastname\"><input size=\"40\" maxlength=\"400\" class=\"wpcf7-form-control wpcf7-text wpcf7-validates-as-required\" aria-required=\"true\" aria-invalid=\"false\" value=\"\" type=\"text\" name=\"your-lastname\" \/><\/span> <\/label>\n<\/p>\n<p><label> Adresse e-mail<br \/>\n<span class=\"wpcf7-form-control-wrap\" data-name=\"your-email\"><input size=\"40\" maxlength=\"400\" class=\"wpcf7-form-control wpcf7-email wpcf7-validates-as-required wpcf7-text wpcf7-validates-as-email\" aria-required=\"true\" aria-invalid=\"false\" value=\"\" type=\"email\" name=\"your-email\" \/><\/span> <\/label>\n<\/p>\n<p><label> T\u00e9l\u00e9phone<br \/>\n<span class=\"wpcf7-form-control-wrap\" data-name=\"telephone\"><input size=\"40\" maxlength=\"400\" class=\"wpcf7-form-control wpcf7-text wpcf7-validates-as-required\" aria-required=\"true\" aria-invalid=\"false\" value=\"\" type=\"text\" name=\"telephone\" \/><\/span> <\/label>\n<\/p>\n<p><label> Marque et type de r\u00e9cepteur GNSS<br \/>\n<span class=\"wpcf7-form-control-wrap\" data-name=\"gnss-receiver\"><input size=\"40\" maxlength=\"400\" class=\"wpcf7-form-control wpcf7-text wpcf7-validates-as-required\" aria-required=\"true\" aria-invalid=\"false\" value=\"\" type=\"text\" name=\"gnss-receiver\" \/><\/span> <\/label>\n<\/p>\n<h2 style=\"font-size:18px; color:#19bbe7;\">2 - Adresse de facturation\n<\/h2>\n<p><label> Adresse<br \/>\n<span class=\"wpcf7-form-control-wrap\" data-name=\"adres-invoice\"><input size=\"40\" maxlength=\"400\" class=\"wpcf7-form-control wpcf7-text\" aria-invalid=\"false\" value=\"\" type=\"text\" name=\"adres-invoice\" \/><\/span> <\/label>\n<\/p>\n<p><label> Code postal<br \/>\n<span class=\"wpcf7-form-control-wrap\" data-name=\"postcode-invoice\"><input size=\"40\" maxlength=\"400\" class=\"wpcf7-form-control wpcf7-text\" aria-invalid=\"false\" value=\"\" type=\"text\" name=\"postcode-invoice\" \/><\/span> <\/label>\n<\/p>\n<p><label> Lieu<br \/>\n<span class=\"wpcf7-form-control-wrap\" data-name=\"plaats-invoice\"><input size=\"40\" maxlength=\"400\" class=\"wpcf7-form-control wpcf7-text\" aria-invalid=\"false\" value=\"\" type=\"text\" name=\"plaats-invoice\" \/><\/span> <\/label>\n<\/p>\n<p><label> Pays<br \/>\n<span class=\"wpcf7-form-control-wrap\" data-name=\"land-invoice\"><input size=\"40\" maxlength=\"400\" class=\"wpcf7-form-control wpcf7-text wpcf7-validates-as-required\" aria-required=\"true\" aria-invalid=\"false\" value=\"\" type=\"text\" name=\"land-invoice\" \/><\/span> <\/label>\n<\/p>\n<p><label> Adresse e-mail des factures digitalis\u00e9es<br \/>\n<span class=\"wpcf7-form-control-wrap\" data-name=\"email-invoice\"><input size=\"40\" maxlength=\"400\" class=\"wpcf7-form-control wpcf7-email wpcf7-validates-as-required wpcf7-text wpcf7-validates-as-email\" aria-required=\"true\" aria-invalid=\"false\" value=\"\" type=\"email\" name=\"email-invoice\" \/><\/span> <\/label>\n<\/p>\n<p><label> T\u00e9l\u00e9phone<br \/>\n<span class=\"wpcf7-form-control-wrap\" data-name=\"telephone-invoice\"><input size=\"40\" maxlength=\"400\" class=\"wpcf7-form-control wpcf7-text\" aria-invalid=\"false\" value=\"\" type=\"text\" name=\"telephone-invoice\" \/><\/span> <\/label>\n<\/p>\n<h2 style=\"font-size:18px; color:#19bbe7;\">3 - Taux et nombres\n<\/h2>\n<p><label> <\/label>\n<\/p>\n<table>\n\t<tr>\n\t\t<td width=\"50%\">\n\t\t\t<p>Abonnement\n\t\t\t<\/p>\n\t\t<\/td>\n\t\t<td width=\"50%\">\n\t\t\t<p>agriRTK Service, abonnement mensuel\n\t\t\t<\/p>\n\t\t<\/td>\n\t<\/tr>\n\t<tr>\n\t\t<td width=\"50%\">\n\t\t\t<p>Tarif standard par connexion\n\t\t\t<\/p>\n\t\t<\/td>\n\t\t<td width=\"50%\">\n\t\t\t<p>\u20ac 35,- par mois\n\t\t\t<\/p>\n\t\t<\/td>\n\t<\/tr>\n\t<tr>\n\t\t<td width=\"50%\">\n\t\t<\/td>\n\t\t<td width=\"50%\">\n\t\t\t<p>Usage illimit\u00e9\n\t\t\t<\/p>\n\t\t<\/td>\n\t<\/tr>\n\t<tr>\n\t\t<td width=\"50%\">\n\t\t\t<p>Les tarifs indiqu\u00e9s sont nets, en euros et hors TVA.\n\t\t\t<\/p>\n\t\t<\/td>\n\t\t<td width=\"50%\">\n\t\t<\/td>\n\t<\/tr>\n<\/table>\n<p><label> Nombre de connexions<br \/>\n<span class=\"wpcf7-form-control-wrap\" data-name=\"aansluitingen\"><input class=\"wpcf7-form-control wpcf7-number wpcf7-validates-as-required wpcf7-validates-as-number\" min=\"1\" max=\"100\" aria-required=\"true\" aria-invalid=\"false\" value=\"1\" type=\"number\" name=\"aansluitingen\" \/><\/span><br \/>\n<\/label>\n<\/p>\n<p><label> Date d'entr\u00e9e en vigueur souhait\u00e9e<br \/>\n<span class=\"wpcf7-form-control-wrap\" data-name=\"ingangsdatum\"><input class=\"wpcf7-form-control wpcf7-date wpcf7-validates-as-required wpcf7-validates-as-date\" aria-required=\"true\" aria-invalid=\"false\" value=\"\" type=\"date\" name=\"ingangsdatum\" \/><\/span> <\/label>\n<\/p>\n<h2 style=\"font-size:18px; color:#19bbe7;\">4 - Confirmer la commande\n<\/h2>\n<p><label> En soumettant ce formulaire rempli, je m'engage \u00e0 m'abonner au service agriRTK. La dur\u00e9e initiale de l'abonnement est de 1 mois et est renouvel\u00e9e tacitement chaque fois pour une p\u00e9riode de 1 mois. Les frais sont factur\u00e9s mensuellement \u00e0 l'avance. Je peux r\u00e9silier l'abonnement par e-mail avec un pr\u00e9avis de 1 mois, en indiquant le num\u00e9ro de commande. Je d\u00e9clare \u00e9galement \u00eatre autoris\u00e9 \u00e0 souscrire un abonnement au nom de mon entreprise\/organisation et ;<\/label>\n<\/p>\n<p><span class=\"wpcf7-form-control-wrap\" data-name=\"akkoord-waarheid\"><span class=\"wpcf7-form-control wpcf7-acceptance\"><span class=\"wpcf7-list-item\"><label><input type=\"checkbox\" name=\"akkoord-waarheid\" value=\"1\" aria-invalid=\"false\" \/><span class=\"wpcf7-list-item-label\">que j'ai rempli les donn\u00e9es ci-dessus en toute sinc\u00e9rit\u00e9 ;<\/span><\/label><\/span><\/span><\/span><br \/>\n<span class=\"wpcf7-form-control-wrap\" data-name=\"akkoord-leveringsvoorwaarden\"><span class=\"wpcf7-form-control wpcf7-acceptance\"><span class=\"wpcf7-list-item\"><label><input type=\"checkbox\" name=\"akkoord-leveringsvoorwaarden\" value=\"1\" aria-invalid=\"false\" \/><span class=\"wpcf7-list-item-label\">J'accepte les <a href=\"\/leveringsvoorwaarden\/\" style=\"text-decoration: underline;\" target=\"_blank\">conditions de livraison<\/a> de VRS Next B.V. ;<\/span><\/label><\/span><\/span><\/span><br \/>\n<span class=\"wpcf7-form-control-wrap\" data-name=\"akkoord-privacy\"><span class=\"wpcf7-form-control wpcf7-acceptance\"><span class=\"wpcf7-list-item\"><label><input type=\"checkbox\" name=\"akkoord-privacy\" value=\"1\" aria-invalid=\"false\" \/><span class=\"wpcf7-list-item-label\">Que j'accepte la <a href=\"\/privacybeleid\/\" style=\"text-decoration: underline;\" target=\"_blank\">d\u00e9claration de confidentialit\u00e9<\/a> des services de r\u00e9seau de VRS Next B.V.<\/span><\/label><\/span><\/span><\/span>\n<\/p>\n<p><input class=\"wpcf7-form-control wpcf7-submit has-spinner\" type=\"submit\" value=\"Verzenden\" \/>\n<\/p><div class=\"wpcf7-response-output\" aria-hidden=\"true\"><\/div>\n<\/form>\n<\/div>\n[\/vc_column][vc_column column_padding=\u00a0\u00bbno-extra-padding\u00a0\u00bb column_padding_position=\u00a0\u00bball\u00a0\u00bb background_color_opacity=\u00a0\u00bb1&Prime; background_hover_color_opacity=\u00a0\u00bb1&Prime; column_link_target=\u00a0\u00bb_self\u00a0\u00bb column_shadow=\u00a0\u00bbnone\u00a0\u00bb column_border_radius=\u00a0\u00bbnone\u00a0\u00bb width=\u00a0\u00bb1\/6&Prime; tablet_width_inherit=\u00a0\u00bbdefault\u00a0\u00bb tablet_text_alignment=\u00a0\u00bbdefault\u00a0\u00bb phone_text_alignment=\u00a0\u00bbdefault\u00a0\u00bb overlay_strength=\u00a0\u00bb0.3&Prime; column_border_width=\u00a0\u00bbnone\u00a0\u00bb column_border_style=\u00a0\u00bbsolid\u00a0\u00bb bg_image_animation=\u00a0\u00bbnone\u00a0\u00bb][\/vc_column][\/vc_row]\n","protected":false},"excerpt":{"rendered":"<p>[vc_row type=\u00a0\u00bbin_container\u00a0\u00bb full_screen_row_position=\u00a0\u00bbmiddle\u00a0\u00bb column_margin=\u00a0\u00bbdefault\u00a0\u00bb scene_position=\u00a0\u00bbcenter\u00a0\u00bb text_color=\u00a0\u00bbdark\u00a0\u00bb text_align=\u00a0\u00bbleft\u00a0\u00bb overlay_strength=\u00a0\u00bb0.3&Prime; shape_divider_position=\u00a0\u00bbbottom\u00a0\u00bb bg_image_animation=\u00a0\u00bbnone\u00a0\u00bb][vc_column column_padding=\u00a0\u00bbno-extra-padding\u00a0\u00bb column_padding_position=\u00a0\u00bball\u00a0\u00bb background_color_opacity=\u00a0\u00bb1&Prime; background_hover_color_opacity=\u00a0\u00bb1&Prime; column_link_target=\u00a0\u00bb_self\u00a0\u00bb column_shadow=\u00a0\u00bbnone\u00a0\u00bb column_border_radius=\u00a0\u00bbnone\u00a0\u00bb width=\u00a0\u00bb1\/6&Prime; tablet_width_inherit=\u00a0\u00bbdefault\u00a0\u00bb tablet_text_alignment=\u00a0\u00bbdefault\u00a0\u00bb phone_text_alignment=\u00a0\u00bbdefault\u00a0\u00bb overlay_strength=\u00a0\u00bb0.3&Prime; column_border_width=\u00a0\u00bbnone\u00a0\u00bb column_border_style=\u00a0\u00bbsolid\u00a0\u00bb bg_image_animation=\u00a0\u00bbnone\u00a0\u00bb][\/vc_column][vc_column column_padding=\u00a0\u00bbno-extra-padding\u00a0\u00bb column_padding_position=\u00a0\u00bball\u00a0\u00bb background_color_opacity=\u00a0\u00bb1&Prime; background_hover_color_opacity=\u00a0\u00bb1&Prime; column_link_target=\u00a0\u00bb_self\u00a0\u00bb&#8230;<\/p>\n","protected":false},"author":1,"featured_media":0,"parent":0,"menu_order":0,"comment_status":"closed","ping_status":"closed","template":"","meta":{"footnotes":""},"class_list":["post-971","page","type-page","status-publish"],"yoast_head":"<!-- This site is optimized with the Yoast SEO plugin v27.4 - https:\/\/yoast.com\/product\/yoast-seo-wordpress\/ -->\n<title>Formulaire de demande d\u2019abonnement d\u2019un mois au service agriRTK - VRS NEXT<\/title>\n<meta name=\"description\" content=\"Demandez un abonnement VRS NEXT pour l\u2019agriculture de pr\u00e9cision en remplissant ce formulaire, afin que vous puissiez travailler de mani\u00e8re plus efficace avec la plus haute pr\u00e9cision.\" \/>\n<meta name=\"robots\" content=\"index, follow, max-snippet:-1, max-image-preview:large, max-video-preview:-1\" \/>\n<link rel=\"canonical\" href=\"https:\/\/www.vrsnext.com\/fr\/service-agri-rtk-mois\/\" \/>\n<meta property=\"og:locale\" content=\"fr_FR\" \/>\n<meta property=\"og:type\" content=\"article\" \/>\n<meta property=\"og:title\" content=\"Formulaire de demande d\u2019abonnement d\u2019un mois au service agriRTK - VRS NEXT\" \/>\n<meta property=\"og:description\" content=\"Demandez un abonnement VRS NEXT pour l\u2019agriculture de pr\u00e9cision en remplissant ce formulaire, afin que vous puissiez travailler de mani\u00e8re plus efficace avec la plus haute pr\u00e9cision.\" \/>\n<meta property=\"og:url\" content=\"https:\/\/www.vrsnext.com\/fr\/service-agri-rtk-mois\/\" \/>\n<meta property=\"og:site_name\" content=\"VRS NEXT\" \/>\n<meta property=\"article:modified_time\" content=\"2022-11-14T18:03:59+00:00\" \/>\n<meta name=\"twitter:card\" content=\"summary_large_image\" \/>\n<meta name=\"twitter:label1\" content=\"Dur\u00e9e de lecture estim\u00e9e\" \/>\n\t<meta name=\"twitter:data1\" content=\"1 minute\" \/>\n<script type=\"application\/ld+json\" class=\"yoast-schema-graph\">{\"@context\":\"https:\\\/\\\/schema.org\",\"@graph\":[{\"@type\":\"WebPage\",\"@id\":\"https:\\\/\\\/www.vrsnext.com\\\/fr\\\/service-agri-rtk-mois\\\/\",\"url\":\"https:\\\/\\\/www.vrsnext.com\\\/fr\\\/service-agri-rtk-mois\\\/\",\"name\":\"Formulaire de demande d\u2019abonnement d\u2019un mois au service agriRTK - VRS NEXT\",\"isPartOf\":{\"@id\":\"https:\\\/\\\/www.vrsnext.com\\\/fr\\\/#website\"},\"datePublished\":\"2020-03-03T13:49:51+00:00\",\"dateModified\":\"2022-11-14T18:03:59+00:00\",\"description\":\"Demandez un abonnement VRS NEXT pour l\u2019agriculture de pr\u00e9cision en remplissant ce formulaire, afin que vous puissiez travailler de mani\u00e8re plus efficace avec la plus haute pr\u00e9cision.\",\"breadcrumb\":{\"@id\":\"https:\\\/\\\/www.vrsnext.com\\\/fr\\\/service-agri-rtk-mois\\\/#breadcrumb\"},\"inLanguage\":\"fr-FR\",\"potentialAction\":[{\"@type\":\"ReadAction\",\"target\":[\"https:\\\/\\\/www.vrsnext.com\\\/fr\\\/service-agri-rtk-mois\\\/\"]}]},{\"@type\":\"BreadcrumbList\",\"@id\":\"https:\\\/\\\/www.vrsnext.com\\\/fr\\\/service-agri-rtk-mois\\\/#breadcrumb\",\"itemListElement\":[{\"@type\":\"ListItem\",\"position\":1,\"name\":\"Home\",\"item\":\"https:\\\/\\\/www.vrsnext.com\\\/fr\\\/\"},{\"@type\":\"ListItem\",\"position\":2,\"name\":\"service agri rtk mois\"}]},{\"@type\":\"WebSite\",\"@id\":\"https:\\\/\\\/www.vrsnext.com\\\/fr\\\/#website\",\"url\":\"https:\\\/\\\/www.vrsnext.com\\\/fr\\\/\",\"name\":\"VRS NEXT\",\"description\":\"\",\"potentialAction\":[{\"@type\":\"SearchAction\",\"target\":{\"@type\":\"EntryPoint\",\"urlTemplate\":\"https:\\\/\\\/www.vrsnext.com\\\/fr\\\/?s={search_term_string}\"},\"query-input\":{\"@type\":\"PropertyValueSpecification\",\"valueRequired\":true,\"valueName\":\"search_term_string\"}}],\"inLanguage\":\"fr-FR\"}]}<\/script>\n<!-- \/ Yoast SEO plugin. -->","yoast_head_json":{"title":"Formulaire de demande d\u2019abonnement d\u2019un mois au service agriRTK - VRS NEXT","description":"Demandez un abonnement VRS NEXT pour l\u2019agriculture de pr\u00e9cision en remplissant ce formulaire, afin que vous puissiez travailler de mani\u00e8re plus efficace avec la plus haute pr\u00e9cision.","robots":{"index":"index","follow":"follow","max-snippet":"max-snippet:-1","max-image-preview":"max-image-preview:large","max-video-preview":"max-video-preview:-1"},"canonical":"https:\/\/www.vrsnext.com\/fr\/service-agri-rtk-mois\/","og_locale":"fr_FR","og_type":"article","og_title":"Formulaire de demande d\u2019abonnement d\u2019un mois au service agriRTK - VRS NEXT","og_description":"Demandez un abonnement VRS NEXT pour l\u2019agriculture de pr\u00e9cision en remplissant ce formulaire, afin que vous puissiez travailler de mani\u00e8re plus efficace avec la plus haute pr\u00e9cision.","og_url":"https:\/\/www.vrsnext.com\/fr\/service-agri-rtk-mois\/","og_site_name":"VRS NEXT","article_modified_time":"2022-11-14T18:03:59+00:00","twitter_card":"summary_large_image","twitter_misc":{"Dur\u00e9e de lecture estim\u00e9e":"1 minute"},"schema":{"@context":"https:\/\/schema.org","@graph":[{"@type":"WebPage","@id":"https:\/\/www.vrsnext.com\/fr\/service-agri-rtk-mois\/","url":"https:\/\/www.vrsnext.com\/fr\/service-agri-rtk-mois\/","name":"Formulaire de demande d\u2019abonnement d\u2019un mois au service agriRTK - VRS NEXT","isPartOf":{"@id":"https:\/\/www.vrsnext.com\/fr\/#website"},"datePublished":"2020-03-03T13:49:51+00:00","dateModified":"2022-11-14T18:03:59+00:00","description":"Demandez un abonnement VRS NEXT pour l\u2019agriculture de pr\u00e9cision en remplissant ce formulaire, afin que vous puissiez travailler de mani\u00e8re plus efficace avec la plus haute pr\u00e9cision.","breadcrumb":{"@id":"https:\/\/www.vrsnext.com\/fr\/service-agri-rtk-mois\/#breadcrumb"},"inLanguage":"fr-FR","potentialAction":[{"@type":"ReadAction","target":["https:\/\/www.vrsnext.com\/fr\/service-agri-rtk-mois\/"]}]},{"@type":"BreadcrumbList","@id":"https:\/\/www.vrsnext.com\/fr\/service-agri-rtk-mois\/#breadcrumb","itemListElement":[{"@type":"ListItem","position":1,"name":"Home","item":"https:\/\/www.vrsnext.com\/fr\/"},{"@type":"ListItem","position":2,"name":"service agri rtk mois"}]},{"@type":"WebSite","@id":"https:\/\/www.vrsnext.com\/fr\/#website","url":"https:\/\/www.vrsnext.com\/fr\/","name":"VRS NEXT","description":"","potentialAction":[{"@type":"SearchAction","target":{"@type":"EntryPoint","urlTemplate":"https:\/\/www.vrsnext.com\/fr\/?s={search_term_string}"},"query-input":{"@type":"PropertyValueSpecification","valueRequired":true,"valueName":"search_term_string"}}],"inLanguage":"fr-FR"}]}},"_links":{"self":[{"href":"https:\/\/www.vrsnext.com\/fr\/wp-json\/wp\/v2\/pages\/971","targetHints":{"allow":["GET"]}}],"collection":[{"href":"https:\/\/www.vrsnext.com\/fr\/wp-json\/wp\/v2\/pages"}],"about":[{"href":"https:\/\/www.vrsnext.com\/fr\/wp-json\/wp\/v2\/types\/page"}],"author":[{"embeddable":true,"href":"https:\/\/www.vrsnext.com\/fr\/wp-json\/wp\/v2\/users\/1"}],"replies":[{"embeddable":true,"href":"https:\/\/www.vrsnext.com\/fr\/wp-json\/wp\/v2\/comments?post=971"}],"version-history":[{"count":1,"href":"https:\/\/www.vrsnext.com\/fr\/wp-json\/wp\/v2\/pages\/971\/revisions"}],"predecessor-version":[{"id":972,"href":"https:\/\/www.vrsnext.com\/fr\/wp-json\/wp\/v2\/pages\/971\/revisions\/972"}],"wp:attachment":[{"href":"https:\/\/www.vrsnext.com\/fr\/wp-json\/wp\/v2\/media?parent=971"}],"curies":[{"name":"wp","href":"https:\/\/api.w.org\/{rel}","templated":true}]}}